{"id":92094,"date":"2021-05-11T14:20:06","date_gmt":"2021-05-11T13:20:06","guid":{"rendered":"https:\/\/www.cleverfiles.com\/get-extra-free-space-dropbox.html"},"modified":"2021-05-11T14:20:06","modified_gmt":"2021-05-11T13:20:06","slug":"get-extra-free-space-dropbox","status":"publish","type":"page","link":"https:\/\/www.cleverfiles.com\/tr\/get-extra-free-space-dropbox.html","title":{"rendered":"Dropbox ve di\u011fer bulut depolamalar\u0131nda daha fazla bo\u015f alan"},"content":{"rendered":"","protected":false},"excerpt":{"rendered":"","protected":false},"author":6,"featured_media":0,"parent":0,"menu_order":0,"comment_status":"closed","ping_status":"closed","template":"page-constructor.php","meta":{"_acf_changed":false,"inline_featured_image":false,"footnotes":""},"class_list":["post-92094","page","type-page","status-publish","hentry"],"acf":[],"yoast_head":"<!-- This site is optimized with the Yoast SEO plugin v24.4 - https:\/\/yoast.com\/wordpress\/plugins\/seo\/ -->\n<title>Dropbox ve di\u011fer bulut depolamalar\u0131nda daha fazla bo\u015f alan<\/title>\n<meta name=\"description\" content=\"Disk Drill: bulut depolaman\u0131zda yer a\u00e7maya yard\u0131mc\u0131 olabilecek nihai bir veri kurtarma yaz\u0131l\u0131m\u0131. Bu Google Drive ipucuna g\u00f6z at\u0131n.\" \/>\n<meta name=\"robots\" content=\"index, follow, max-snippet:-1, max-image-preview:large, max-video-preview:-1\" \/>\n<link rel=\"canonical\" href=\"https:\/\/www.cleverfiles.com\/tr\/get-extra-free-space-dropbox.html\" \/>\n<meta property=\"og:locale\" content=\"tr_TR\" \/>\n<meta property=\"og:type\" content=\"article\" \/>\n<meta property=\"og:title\" content=\"Dropbox ve di\u011fer bulut depolamalar\u0131nda daha fazla bo\u015f alan\" \/>\n<meta property=\"og:description\" content=\"Disk Drill: bulut depolaman\u0131zda yer a\u00e7maya yard\u0131mc\u0131 olabilecek nihai bir veri kurtarma yaz\u0131l\u0131m\u0131. Bu Google Drive ipucuna g\u00f6z at\u0131n.\" \/>\n<meta property=\"og:url\" content=\"https:\/\/www.cleverfiles.com\/tr\/get-extra-free-space-dropbox.html\" \/>\n<meta property=\"og:site_name\" content=\"CleverFiles - Ak\u0131ll\u0131 Veri, Ak\u0131ll\u0131 Kararlar\u0131 G\u00fc\u00e7lendirir\" \/>\n<meta property=\"og:image\" content=\"https:\/\/www.cleverfiles.com\/wp-content\/uploads\/2021\/01\/relinkDropboxGdriveImage.png\" \/>\n\t<meta property=\"og:image:width\" content=\"128\" \/>\n\t<meta property=\"og:image:height\" content=\"128\" \/>\n\t<meta property=\"og:image:type\" content=\"image\/png\" \/>\n<meta name=\"twitter:card\" content=\"summary_large_image\" \/>\n<meta name=\"twitter:title\" content=\"Dropbox ve di\u011fer bulut depolamalar\u0131nda daha fazla bo\u015f alan\" \/>\n<meta name=\"twitter:description\" content=\"Disk Drill: bulut depolaman\u0131zda yer a\u00e7maya yard\u0131mc\u0131 olabilecek nihai bir veri kurtarma yaz\u0131l\u0131m\u0131. Bu Google Drive ipucuna g\u00f6z at\u0131n.\" \/>\n<meta name=\"twitter:image\" content=\"https:\/\/www.cleverfiles.com\/wp-content\/uploads\/2020\/12\/cleverfiles.jpg\" \/>\n<script type=\"application\/ld+json\" class=\"yoast-schema-graph\">{\"@context\":\"https:\/\/schema.org\",\"@graph\":[{\"@type\":\"BreadcrumbList\",\"@id\":\"https:\/\/www.cleverfiles.com\/tr\/get-extra-free-space-dropbox.html#breadcrumb\",\"itemListElement\":[{\"@type\":\"ListItem\",\"position\":1,\"name\":\"Home\",\"item\":\"https:\/\/www.cleverfiles.com\/tr\/ucretsiz-mac-veri-kurtarma-programi-kayip-veri-disk-drill.html\"},{\"@type\":\"ListItem\",\"position\":2,\"name\":\"Dropbox ve di\u011fer bulut depolamalar\u0131nda daha fazla bo\u015f alan\"}]},{\"@type\":\"WebSite\",\"@id\":\"https:\/\/www.cleverfiles.com\/tr\/#website\",\"url\":\"https:\/\/www.cleverfiles.com\/tr\/\",\"name\":\"CleverFiles - Ak\u0131ll\u0131 Veri, Ak\u0131ll\u0131 Kararlar\u0131 G\u00fc\u00e7lendirir\",\"description\":\"CleverFiles - Ak\u0131ll\u0131 Veri, Ak\u0131ll\u0131 Kararlar\u0131 G\u00fc\u00e7lendirir\",\"publisher\":{\"@id\":\"https:\/\/www.cleverfiles.com\/tr\/#organization\"},\"potentialAction\":[{\"@type\":\"SearchAction\",\"target\":{\"@type\":\"EntryPoint\",\"urlTemplate\":\"https:\/\/www.cleverfiles.com\/tr\/?s={search_term_string}\"},\"query-input\":{\"@type\":\"PropertyValueSpecification\",\"valueRequired\":true,\"valueName\":\"search_term_string\"}}],\"inLanguage\":\"tr\"},{\"@type\":\"Organization\",\"@id\":\"https:\/\/www.cleverfiles.com\/tr\/#organization\",\"name\":\"CleverFiles Inc\",\"url\":\"https:\/\/www.cleverfiles.com\/tr\/\",\"logo\":{\"@type\":\"ImageObject\",\"inLanguage\":\"tr\",\"@id\":\"https:\/\/www.cleverfiles.com\/tr\/#\/schema\/logo\/image\/\",\"url\":\"https:\/\/www.cleverfiles.com\/wp-content\/uploads\/2023\/03\/msapplication-wide310x150logo.png\",\"contentUrl\":\"https:\/\/www.cleverfiles.com\/wp-content\/uploads\/2023\/03\/msapplication-wide310x150logo.png\",\"width\":558,\"height\":270,\"caption\":\"CleverFiles Inc\"},\"image\":{\"@id\":\"https:\/\/www.cleverfiles.com\/tr\/#\/schema\/logo\/image\/\"}}]}<\/script>\n<meta property=\"article:modified_time\" content=\"2021-05-11 14:20:06\" \/>\n<!-- \/ Yoast SEO plugin. -->","yoast_head_json":{"title":"Dropbox ve di\u011fer bulut depolamalar\u0131nda daha fazla bo\u015f alan","description":"Disk Drill: bulut depolaman\u0131zda yer a\u00e7maya yard\u0131mc\u0131 olabilecek nihai bir veri kurtarma yaz\u0131l\u0131m\u0131. Bu Google Drive ipucuna g\u00f6z at\u0131n.","robots":{"index":"index","follow":"follow","max-snippet":"max-snippet:-1","max-image-preview":"max-image-preview:large","max-video-preview":"max-video-preview:-1"},"canonical":"https:\/\/www.cleverfiles.com\/tr\/get-extra-free-space-dropbox.html","og_locale":"tr_TR","og_type":"article","og_title":"Dropbox ve di\u011fer bulut depolamalar\u0131nda daha fazla bo\u015f alan","og_description":"Disk Drill: bulut depolaman\u0131zda yer a\u00e7maya yard\u0131mc\u0131 olabilecek nihai bir veri kurtarma yaz\u0131l\u0131m\u0131. Bu Google Drive ipucuna g\u00f6z at\u0131n.","og_url":"https:\/\/www.cleverfiles.com\/tr\/get-extra-free-space-dropbox.html","og_site_name":"CleverFiles - Ak\u0131ll\u0131 Veri, Ak\u0131ll\u0131 Kararlar\u0131 G\u00fc\u00e7lendirir","og_image":[{"width":128,"height":128,"url":"https:\/\/www.cleverfiles.com\/wp-content\/uploads\/2021\/01\/relinkDropboxGdriveImage.png","type":"image\/png"}],"twitter_card":"summary_large_image","twitter_title":"Dropbox ve di\u011fer bulut depolamalar\u0131nda daha fazla bo\u015f alan","twitter_description":"Disk Drill: bulut depolaman\u0131zda yer a\u00e7maya yard\u0131mc\u0131 olabilecek nihai bir veri kurtarma yaz\u0131l\u0131m\u0131. Bu Google Drive ipucuna g\u00f6z at\u0131n.","twitter_image":"https:\/\/www.cleverfiles.com\/wp-content\/uploads\/2020\/12\/cleverfiles.jpg","schema":{"@context":"https:\/\/schema.org","@graph":[{"@type":"BreadcrumbList","@id":"https:\/\/www.cleverfiles.com\/tr\/get-extra-free-space-dropbox.html#breadcrumb","itemListElement":[{"@type":"ListItem","position":1,"name":"Home","item":"https:\/\/www.cleverfiles.com\/tr\/ucretsiz-mac-veri-kurtarma-programi-kayip-veri-disk-drill.html"},{"@type":"ListItem","position":2,"name":"Dropbox ve di\u011fer bulut depolamalar\u0131nda daha fazla bo\u015f alan"}]},{"@type":"WebSite","@id":"https:\/\/www.cleverfiles.com\/tr\/#website","url":"https:\/\/www.cleverfiles.com\/tr\/","name":"CleverFiles - Ak\u0131ll\u0131 Veri, Ak\u0131ll\u0131 Kararlar\u0131 G\u00fc\u00e7lendirir","description":"CleverFiles - Ak\u0131ll\u0131 Veri, Ak\u0131ll\u0131 Kararlar\u0131 G\u00fc\u00e7lendirir","publisher":{"@id":"https:\/\/www.cleverfiles.com\/tr\/#organization"},"potentialAction":[{"@type":"SearchAction","target":{"@type":"EntryPoint","urlTemplate":"https:\/\/www.cleverfiles.com\/tr\/?s={search_term_string}"},"query-input":{"@type":"PropertyValueSpecification","valueRequired":true,"valueName":"search_term_string"}}],"inLanguage":"tr"},{"@type":"Organization","@id":"https:\/\/www.cleverfiles.com\/tr\/#organization","name":"CleverFiles Inc","url":"https:\/\/www.cleverfiles.com\/tr\/","logo":{"@type":"ImageObject","inLanguage":"tr","@id":"https:\/\/www.cleverfiles.com\/tr\/#\/schema\/logo\/image\/","url":"https:\/\/www.cleverfiles.com\/wp-content\/uploads\/2023\/03\/msapplication-wide310x150logo.png","contentUrl":"https:\/\/www.cleverfiles.com\/wp-content\/uploads\/2023\/03\/msapplication-wide310x150logo.png","width":558,"height":270,"caption":"CleverFiles Inc"},"image":{"@id":"https:\/\/www.cleverfiles.com\/tr\/#\/schema\/logo\/image\/"}}]}},"_links":{"self":[{"href":"https:\/\/www.cleverfiles.com\/tr\/wp-json\/wp\/v2\/pages\/92094","targetHints":{"allow":["GET"]}}],"collection":[{"href":"https:\/\/www.cleverfiles.com\/tr\/wp-json\/wp\/v2\/pages"}],"about":[{"href":"https:\/\/www.cleverfiles.com\/tr\/wp-json\/wp\/v2\/types\/page"}],"author":[{"embeddable":true,"href":"https:\/\/www.cleverfiles.com\/tr\/wp-json\/wp\/v2\/users\/6"}],"replies":[{"embeddable":true,"href":"https:\/\/www.cleverfiles.com\/tr\/wp-json\/wp\/v2\/comments?post=92094"}],"version-history":[{"count":5,"href":"https:\/\/www.cleverfiles.com\/tr\/wp-json\/wp\/v2\/pages\/92094\/revisions"}],"predecessor-version":[{"id":92115,"href":"https:\/\/www.cleverfiles.com\/tr\/wp-json\/wp\/v2\/pages\/92094\/revisions\/92115"}],"wp:attachment":[{"href":"https:\/\/www.cleverfiles.com\/tr\/wp-json\/wp\/v2\/media?parent=92094"}],"curies":[{"name":"wp","href":"https:\/\/api.w.org\/{rel}","templated":true}]}}