{"id":54664,"date":"2020-05-31T09:25:46","date_gmt":"2020-05-31T08:25:46","guid":{"rendered":"https:\/\/www.cleverfiles.com\/disk-drill-mac.html"},"modified":"2021-03-29T07:34:45","modified_gmt":"2021-03-29T07:34:45","slug":"disk-drill-mac","status":"publish","type":"page","link":"https:\/\/www.cleverfiles.com\/tr\/disk-drill-mac.html","title":{"rendered":"Mac OS X i\u00e7in \u00dccretsiz Disk Drill Veri Kurtarma \u0130ndir"},"content":{"rendered":"","protected":false},"excerpt":{"rendered":"","protected":false},"author":22,"featured_media":0,"parent":0,"menu_order":0,"comment_status":"closed","ping_status":"closed","template":"page-download.php","meta":{"_acf_changed":false,"inline_featured_image":false,"footnotes":""},"class_list":["post-54664","page","type-page","status-publish","hentry"],"acf":[],"yoast_head":"<!-- This site is optimized with the Yoast SEO plugin v24.4 - https:\/\/yoast.com\/wordpress\/plugins\/seo\/ -->\n<title>Mac OS X i\u00e7in \u00dccretsiz Disk Drill Veri Kurtarma \u0130ndir<\/title>\n<meta name=\"description\" content=\"Disk Drill indiriliyor... \u0130ndirme tamamlan\u0131nca, ba\u015flatmak i\u00e7in disk g\u00f6r\u00fcnt\u00fcs\u00fcne \u00e7ift t\u0131klay\u0131n, Disk Drill uygulamas\u0131n\u0131 Uygulamalar klas\u00f6r\u00fcne s\u00fcr\u00fckleyin ve ba\u015flang\u0131\u00e7 sihirbaz\u0131n\u0131 takip edin\" \/>\n<meta name=\"robots\" content=\"noindex, nofollow\" \/>\n<meta property=\"og:locale\" content=\"tr_TR\" \/>\n<meta property=\"og:type\" content=\"article\" \/>\n<meta property=\"og:title\" content=\"Mac OS X i\u00e7in \u00dccretsiz Disk Drill Veri Kurtarma \u0130ndir\" \/>\n<meta property=\"og:description\" content=\"Disk Drill indiriliyor... \u0130ndirme tamamlan\u0131nca, ba\u015flatmak i\u00e7in disk g\u00f6r\u00fcnt\u00fcs\u00fcne \u00e7ift t\u0131klay\u0131n, Disk Drill uygulamas\u0131n\u0131 Uygulamalar klas\u00f6r\u00fcne s\u00fcr\u00fckleyin ve ba\u015flang\u0131\u00e7 sihirbaz\u0131n\u0131 takip edin\" \/>\n<meta property=\"og:url\" content=\"https:\/\/www.cleverfiles.com\/tr\/disk-drill-mac.html\" \/>\n<meta property=\"og:site_name\" content=\"CleverFiles - Ak\u0131ll\u0131 Veri, Ak\u0131ll\u0131 Kararlar\u0131 G\u00fc\u00e7lendirir\" \/>\n<meta property=\"og:image\" content=\"https:\/\/www.cleverfiles.com\/wp-content\/uploads\/2020\/05\/ddMacFinalIcon.png\" \/>\n<meta name=\"twitter:card\" content=\"summary_large_image\" \/>\n<meta name=\"twitter:title\" content=\"Mac OS X i\u00e7in \u00dccretsiz Disk Drill Veri Kurtarma \u0130ndir\" \/>\n<meta name=\"twitter:description\" content=\"Disk Drill indiriliyor... \u0130ndirme tamamlan\u0131nca, ba\u015flatmak i\u00e7in disk g\u00f6r\u00fcnt\u00fcs\u00fcne \u00e7ift t\u0131klay\u0131n, Disk Drill uygulamas\u0131n\u0131 Uygulamalar klas\u00f6r\u00fcne s\u00fcr\u00fckleyin ve ba\u015flang\u0131\u00e7 sihirbaz\u0131n\u0131 takip edin\" \/>\n<meta name=\"twitter:image\" content=\"https:\/\/www.cleverfiles.com\/wp-content\/uploads\/2020\/12\/cleverfiles.jpg\" \/>\n<script type=\"application\/ld+json\" class=\"yoast-schema-graph\">{\"@context\":\"https:\/\/schema.org\",\"@graph\":[{\"@type\":\"BreadcrumbList\",\"@id\":\"https:\/\/www.cleverfiles.com\/tr\/disk-drill-mac.html#breadcrumb\",\"itemListElement\":[{\"@type\":\"ListItem\",\"position\":1,\"name\":\"Home\",\"item\":\"https:\/\/www.cleverfiles.com\/tr\/ucretsiz-mac-veri-kurtarma-programi-kayip-veri-disk-drill.html\"},{\"@type\":\"ListItem\",\"position\":2,\"name\":\"Mac OS X i\u00e7in \u00dccretsiz Disk Drill Veri Kurtarma \u0130ndir\"}]},{\"@type\":\"WebSite\",\"@id\":\"https:\/\/www.cleverfiles.com\/tr\/#website\",\"url\":\"https:\/\/www.cleverfiles.com\/tr\/\",\"name\":\"CleverFiles - Ak\u0131ll\u0131 Veri, Ak\u0131ll\u0131 Kararlar\u0131 G\u00fc\u00e7lendirir\",\"description\":\"CleverFiles - Ak\u0131ll\u0131 Veri, Ak\u0131ll\u0131 Kararlar\u0131 G\u00fc\u00e7lendirir\",\"publisher\":{\"@id\":\"https:\/\/www.cleverfiles.com\/tr\/#organization\"},\"potentialAction\":[{\"@type\":\"SearchAction\",\"target\":{\"@type\":\"EntryPoint\",\"urlTemplate\":\"https:\/\/www.cleverfiles.com\/tr\/?s={search_term_string}\"},\"query-input\":{\"@type\":\"PropertyValueSpecification\",\"valueRequired\":true,\"valueName\":\"search_term_string\"}}],\"inLanguage\":\"tr\"},{\"@type\":\"Organization\",\"@id\":\"https:\/\/www.cleverfiles.com\/tr\/#organization\",\"name\":\"CleverFiles Inc\",\"url\":\"https:\/\/www.cleverfiles.com\/tr\/\",\"logo\":{\"@type\":\"ImageObject\",\"inLanguage\":\"tr\",\"@id\":\"https:\/\/www.cleverfiles.com\/tr\/#\/schema\/logo\/image\/\",\"url\":\"https:\/\/www.cleverfiles.com\/wp-content\/uploads\/2023\/03\/msapplication-wide310x150logo.png\",\"contentUrl\":\"https:\/\/www.cleverfiles.com\/wp-content\/uploads\/2023\/03\/msapplication-wide310x150logo.png\",\"width\":558,\"height\":270,\"caption\":\"CleverFiles Inc\"},\"image\":{\"@id\":\"https:\/\/www.cleverfiles.com\/tr\/#\/schema\/logo\/image\/\"}}]}<\/script>\n<meta property=\"article:modified_time\" content=\"2021-03-29 07:34:45\" \/>\n<!-- \/ Yoast SEO plugin. -->","yoast_head_json":{"title":"Mac OS X i\u00e7in \u00dccretsiz Disk Drill Veri Kurtarma \u0130ndir","description":"Disk Drill indiriliyor... \u0130ndirme tamamlan\u0131nca, ba\u015flatmak i\u00e7in disk g\u00f6r\u00fcnt\u00fcs\u00fcne \u00e7ift t\u0131klay\u0131n, Disk Drill uygulamas\u0131n\u0131 Uygulamalar klas\u00f6r\u00fcne s\u00fcr\u00fckleyin ve ba\u015flang\u0131\u00e7 sihirbaz\u0131n\u0131 takip edin","robots":{"index":"noindex","follow":"nofollow"},"og_locale":"tr_TR","og_type":"article","og_title":"Mac OS X i\u00e7in \u00dccretsiz Disk Drill Veri Kurtarma \u0130ndir","og_description":"Disk Drill indiriliyor... \u0130ndirme tamamlan\u0131nca, ba\u015flatmak i\u00e7in disk g\u00f6r\u00fcnt\u00fcs\u00fcne \u00e7ift t\u0131klay\u0131n, Disk Drill uygulamas\u0131n\u0131 Uygulamalar klas\u00f6r\u00fcne s\u00fcr\u00fckleyin ve ba\u015flang\u0131\u00e7 sihirbaz\u0131n\u0131 takip edin","og_url":"https:\/\/www.cleverfiles.com\/tr\/disk-drill-mac.html","og_site_name":"CleverFiles - Ak\u0131ll\u0131 Veri, Ak\u0131ll\u0131 Kararlar\u0131 G\u00fc\u00e7lendirir","og_image":[{"url":"https:\/\/www.cleverfiles.com\/wp-content\/uploads\/2020\/05\/ddMacFinalIcon.png","type":"","width":"","height":""}],"twitter_card":"summary_large_image","twitter_title":"Mac OS X i\u00e7in \u00dccretsiz Disk Drill Veri Kurtarma \u0130ndir","twitter_description":"Disk Drill indiriliyor... \u0130ndirme tamamlan\u0131nca, ba\u015flatmak i\u00e7in disk g\u00f6r\u00fcnt\u00fcs\u00fcne \u00e7ift t\u0131klay\u0131n, Disk Drill uygulamas\u0131n\u0131 Uygulamalar klas\u00f6r\u00fcne s\u00fcr\u00fckleyin ve ba\u015flang\u0131\u00e7 sihirbaz\u0131n\u0131 takip edin","twitter_image":"https:\/\/www.cleverfiles.com\/wp-content\/uploads\/2020\/12\/cleverfiles.jpg","schema":{"@context":"https:\/\/schema.org","@graph":[{"@type":"BreadcrumbList","@id":"https:\/\/www.cleverfiles.com\/tr\/disk-drill-mac.html#breadcrumb","itemListElement":[{"@type":"ListItem","position":1,"name":"Home","item":"https:\/\/www.cleverfiles.com\/tr\/ucretsiz-mac-veri-kurtarma-programi-kayip-veri-disk-drill.html"},{"@type":"ListItem","position":2,"name":"Mac OS X i\u00e7in \u00dccretsiz Disk Drill Veri Kurtarma \u0130ndir"}]},{"@type":"WebSite","@id":"https:\/\/www.cleverfiles.com\/tr\/#website","url":"https:\/\/www.cleverfiles.com\/tr\/","name":"CleverFiles - Ak\u0131ll\u0131 Veri, Ak\u0131ll\u0131 Kararlar\u0131 G\u00fc\u00e7lendirir","description":"CleverFiles - Ak\u0131ll\u0131 Veri, Ak\u0131ll\u0131 Kararlar\u0131 G\u00fc\u00e7lendirir","publisher":{"@id":"https:\/\/www.cleverfiles.com\/tr\/#organization"},"potentialAction":[{"@type":"SearchAction","target":{"@type":"EntryPoint","urlTemplate":"https:\/\/www.cleverfiles.com\/tr\/?s={search_term_string}"},"query-input":{"@type":"PropertyValueSpecification","valueRequired":true,"valueName":"search_term_string"}}],"inLanguage":"tr"},{"@type":"Organization","@id":"https:\/\/www.cleverfiles.com\/tr\/#organization","name":"CleverFiles Inc","url":"https:\/\/www.cleverfiles.com\/tr\/","logo":{"@type":"ImageObject","inLanguage":"tr","@id":"https:\/\/www.cleverfiles.com\/tr\/#\/schema\/logo\/image\/","url":"https:\/\/www.cleverfiles.com\/wp-content\/uploads\/2023\/03\/msapplication-wide310x150logo.png","contentUrl":"https:\/\/www.cleverfiles.com\/wp-content\/uploads\/2023\/03\/msapplication-wide310x150logo.png","width":558,"height":270,"caption":"CleverFiles Inc"},"image":{"@id":"https:\/\/www.cleverfiles.com\/tr\/#\/schema\/logo\/image\/"}}]}},"_links":{"self":[{"href":"https:\/\/www.cleverfiles.com\/tr\/wp-json\/wp\/v2\/pages\/54664","targetHints":{"allow":["GET"]}}],"collection":[{"href":"https:\/\/www.cleverfiles.com\/tr\/wp-json\/wp\/v2\/pages"}],"about":[{"href":"https:\/\/www.cleverfiles.com\/tr\/wp-json\/wp\/v2\/types\/page"}],"author":[{"embeddable":true,"href":"https:\/\/www.cleverfiles.com\/tr\/wp-json\/wp\/v2\/users\/22"}],"replies":[{"embeddable":true,"href":"https:\/\/www.cleverfiles.com\/tr\/wp-json\/wp\/v2\/comments?post=54664"}],"version-history":[{"count":4,"href":"https:\/\/www.cleverfiles.com\/tr\/wp-json\/wp\/v2\/pages\/54664\/revisions"}],"predecessor-version":[{"id":110158,"href":"https:\/\/www.cleverfiles.com\/tr\/wp-json\/wp\/v2\/pages\/54664\/revisions\/110158"}],"wp:attachment":[{"href":"https:\/\/www.cleverfiles.com\/tr\/wp-json\/wp\/v2\/media?parent=54664"}],"curies":[{"name":"wp","href":"https:\/\/api.w.org\/{rel}","templated":true}]}}