{"id":32847,"date":"2020-06-05T10:20:41","date_gmt":"2020-06-05T09:20:41","guid":{"rendered":"https:\/\/www.cleverfiles.com\/word-document-recovery-mac.html"},"modified":"2021-03-29T07:34:45","modified_gmt":"2021-03-29T07:34:45","slug":"word-document-recovery-mac","status":"publish","type":"page","link":"https:\/\/www.cleverfiles.com\/tr\/word-document-recovery-mac.html","title":{"rendered":"Mac&#8217;te Silinmi\u015f ya da Kaybolmu\u015f Word Belgeleri Kurtarma"},"content":{"rendered":"","protected":false},"excerpt":{"rendered":"","protected":false},"author":22,"featured_media":0,"parent":0,"menu_order":0,"comment_status":"closed","ping_status":"closed","template":"page-constructor.php","meta":{"_acf_changed":false,"inline_featured_image":false,"footnotes":""},"class_list":["post-32847","page","type-page","status-publish","hentry"],"acf":[],"yoast_head":"<!-- This site is optimized with the Yoast SEO plugin v24.4 - https:\/\/yoast.com\/wordpress\/plugins\/seo\/ -->\n<title>Mac&#039;te Silinmi\u015f ya da Kaybolmu\u015f Word Belgeleri Kurtarma<\/title>\n<meta name=\"description\" content=\"Lider Mac veri kurtarma program\u0131 Disk Drill, Word DOC ve DOCX dosyalar gibi \u00e7e\u015fitli kay\u0131p verileri kurtarmada uzmanla\u015fm\u0131\u015ft\u0131r. Hadi geri getirelim!\" \/>\n<meta name=\"robots\" content=\"index, follow, max-snippet:-1, max-image-preview:large, max-video-preview:-1\" \/>\n<link rel=\"canonical\" href=\"https:\/\/www.cleverfiles.com\/tr\/word-document-recovery-mac.html\" \/>\n<meta property=\"og:locale\" content=\"tr_TR\" \/>\n<meta property=\"og:type\" content=\"article\" \/>\n<meta property=\"og:title\" content=\"Mac&#039;te Silinmi\u015f ya da Kaybolmu\u015f Word Belgeleri Kurtarma\" \/>\n<meta property=\"og:description\" content=\"Lider Mac veri kurtarma program\u0131 Disk Drill, Word DOC ve DOCX dosyalar gibi \u00e7e\u015fitli kay\u0131p verileri kurtarmada uzmanla\u015fm\u0131\u015ft\u0131r. Hadi geri getirelim!\" \/>\n<meta property=\"og:url\" content=\"https:\/\/www.cleverfiles.com\/tr\/word-document-recovery-mac.html\" \/>\n<meta property=\"og:site_name\" content=\"CleverFiles - Ak\u0131ll\u0131 Veri, Ak\u0131ll\u0131 Kararlar\u0131 G\u00fc\u00e7lendirir\" \/>\n<meta property=\"og:image\" content=\"https:\/\/www.cleverfiles.com\/wp-content\/uploads\/2020\/08\/relinkWordPagesImage.png\" \/>\n<meta name=\"twitter:card\" content=\"summary_large_image\" \/>\n<meta name=\"twitter:title\" content=\"Mac&#039;te Silinmi\u015f ya da Kaybolmu\u015f Word Belgeleri Kurtarma\" \/>\n<meta name=\"twitter:description\" content=\"Lider Mac veri kurtarma program\u0131 Disk Drill, Word DOC ve DOCX dosyalar gibi \u00e7e\u015fitli kay\u0131p verileri kurtarmada uzmanla\u015fm\u0131\u015ft\u0131r. Hadi geri getirelim!\" \/>\n<meta name=\"twitter:image\" content=\"https:\/\/www.cleverfiles.com\/wp-content\/uploads\/2020\/12\/cleverfiles.jpg\" \/>\n<script type=\"application\/ld+json\" class=\"yoast-schema-graph\">{\"@context\":\"https:\/\/schema.org\",\"@graph\":[{\"@type\":\"BreadcrumbList\",\"@id\":\"https:\/\/www.cleverfiles.com\/tr\/word-document-recovery-mac.html#breadcrumb\",\"itemListElement\":[{\"@type\":\"ListItem\",\"position\":1,\"name\":\"Home\",\"item\":\"https:\/\/www.cleverfiles.com\/tr\/ucretsiz-mac-veri-kurtarma-programi-kayip-veri-disk-drill.html\"},{\"@type\":\"ListItem\",\"position\":2,\"name\":\"Mac&#8217;te Silinmi\u015f ya da Kaybolmu\u015f Word Belgeleri Kurtarma\"}]},{\"@type\":\"WebSite\",\"@id\":\"https:\/\/www.cleverfiles.com\/tr\/#website\",\"url\":\"https:\/\/www.cleverfiles.com\/tr\/\",\"name\":\"CleverFiles - Ak\u0131ll\u0131 Veri, Ak\u0131ll\u0131 Kararlar\u0131 G\u00fc\u00e7lendirir\",\"description\":\"CleverFiles - Ak\u0131ll\u0131 Veri, Ak\u0131ll\u0131 Kararlar\u0131 G\u00fc\u00e7lendirir\",\"publisher\":{\"@id\":\"https:\/\/www.cleverfiles.com\/tr\/#organization\"},\"potentialAction\":[{\"@type\":\"SearchAction\",\"target\":{\"@type\":\"EntryPoint\",\"urlTemplate\":\"https:\/\/www.cleverfiles.com\/tr\/?s={search_term_string}\"},\"query-input\":{\"@type\":\"PropertyValueSpecification\",\"valueRequired\":true,\"valueName\":\"search_term_string\"}}],\"inLanguage\":\"tr\"},{\"@type\":\"Organization\",\"@id\":\"https:\/\/www.cleverfiles.com\/tr\/#organization\",\"name\":\"CleverFiles Inc\",\"url\":\"https:\/\/www.cleverfiles.com\/tr\/\",\"logo\":{\"@type\":\"ImageObject\",\"inLanguage\":\"tr\",\"@id\":\"https:\/\/www.cleverfiles.com\/tr\/#\/schema\/logo\/image\/\",\"url\":\"https:\/\/www.cleverfiles.com\/wp-content\/uploads\/2023\/03\/msapplication-wide310x150logo.png\",\"contentUrl\":\"https:\/\/www.cleverfiles.com\/wp-content\/uploads\/2023\/03\/msapplication-wide310x150logo.png\",\"width\":558,\"height\":270,\"caption\":\"CleverFiles Inc\"},\"image\":{\"@id\":\"https:\/\/www.cleverfiles.com\/tr\/#\/schema\/logo\/image\/\"}}]}<\/script>\n<meta property=\"article:modified_time\" content=\"2021-03-29 07:34:45\" \/>\n<!-- \/ Yoast SEO plugin. -->","yoast_head_json":{"title":"Mac'te Silinmi\u015f ya da Kaybolmu\u015f Word Belgeleri Kurtarma","description":"Lider Mac veri kurtarma program\u0131 Disk Drill, Word DOC ve DOCX dosyalar gibi \u00e7e\u015fitli kay\u0131p verileri kurtarmada uzmanla\u015fm\u0131\u015ft\u0131r. Hadi geri getirelim!","robots":{"index":"index","follow":"follow","max-snippet":"max-snippet:-1","max-image-preview":"max-image-preview:large","max-video-preview":"max-video-preview:-1"},"canonical":"https:\/\/www.cleverfiles.com\/tr\/word-document-recovery-mac.html","og_locale":"tr_TR","og_type":"article","og_title":"Mac'te Silinmi\u015f ya da Kaybolmu\u015f Word Belgeleri Kurtarma","og_description":"Lider Mac veri kurtarma program\u0131 Disk Drill, Word DOC ve DOCX dosyalar gibi \u00e7e\u015fitli kay\u0131p verileri kurtarmada uzmanla\u015fm\u0131\u015ft\u0131r. Hadi geri getirelim!","og_url":"https:\/\/www.cleverfiles.com\/tr\/word-document-recovery-mac.html","og_site_name":"CleverFiles - Ak\u0131ll\u0131 Veri, Ak\u0131ll\u0131 Kararlar\u0131 G\u00fc\u00e7lendirir","og_image":[{"url":"https:\/\/www.cleverfiles.com\/wp-content\/uploads\/2020\/08\/relinkWordPagesImage.png","type":"","width":"","height":""}],"twitter_card":"summary_large_image","twitter_title":"Mac'te Silinmi\u015f ya da Kaybolmu\u015f Word Belgeleri Kurtarma","twitter_description":"Lider Mac veri kurtarma program\u0131 Disk Drill, Word DOC ve DOCX dosyalar gibi \u00e7e\u015fitli kay\u0131p verileri kurtarmada uzmanla\u015fm\u0131\u015ft\u0131r. Hadi geri getirelim!","twitter_image":"https:\/\/www.cleverfiles.com\/wp-content\/uploads\/2020\/12\/cleverfiles.jpg","schema":{"@context":"https:\/\/schema.org","@graph":[{"@type":"BreadcrumbList","@id":"https:\/\/www.cleverfiles.com\/tr\/word-document-recovery-mac.html#breadcrumb","itemListElement":[{"@type":"ListItem","position":1,"name":"Home","item":"https:\/\/www.cleverfiles.com\/tr\/ucretsiz-mac-veri-kurtarma-programi-kayip-veri-disk-drill.html"},{"@type":"ListItem","position":2,"name":"Mac&#8217;te Silinmi\u015f ya da Kaybolmu\u015f Word Belgeleri Kurtarma"}]},{"@type":"WebSite","@id":"https:\/\/www.cleverfiles.com\/tr\/#website","url":"https:\/\/www.cleverfiles.com\/tr\/","name":"CleverFiles - Ak\u0131ll\u0131 Veri, Ak\u0131ll\u0131 Kararlar\u0131 G\u00fc\u00e7lendirir","description":"CleverFiles - Ak\u0131ll\u0131 Veri, Ak\u0131ll\u0131 Kararlar\u0131 G\u00fc\u00e7lendirir","publisher":{"@id":"https:\/\/www.cleverfiles.com\/tr\/#organization"},"potentialAction":[{"@type":"SearchAction","target":{"@type":"EntryPoint","urlTemplate":"https:\/\/www.cleverfiles.com\/tr\/?s={search_term_string}"},"query-input":{"@type":"PropertyValueSpecification","valueRequired":true,"valueName":"search_term_string"}}],"inLanguage":"tr"},{"@type":"Organization","@id":"https:\/\/www.cleverfiles.com\/tr\/#organization","name":"CleverFiles Inc","url":"https:\/\/www.cleverfiles.com\/tr\/","logo":{"@type":"ImageObject","inLanguage":"tr","@id":"https:\/\/www.cleverfiles.com\/tr\/#\/schema\/logo\/image\/","url":"https:\/\/www.cleverfiles.com\/wp-content\/uploads\/2023\/03\/msapplication-wide310x150logo.png","contentUrl":"https:\/\/www.cleverfiles.com\/wp-content\/uploads\/2023\/03\/msapplication-wide310x150logo.png","width":558,"height":270,"caption":"CleverFiles Inc"},"image":{"@id":"https:\/\/www.cleverfiles.com\/tr\/#\/schema\/logo\/image\/"}}]}},"_links":{"self":[{"href":"https:\/\/www.cleverfiles.com\/tr\/wp-json\/wp\/v2\/pages\/32847","targetHints":{"allow":["GET"]}}],"collection":[{"href":"https:\/\/www.cleverfiles.com\/tr\/wp-json\/wp\/v2\/pages"}],"about":[{"href":"https:\/\/www.cleverfiles.com\/tr\/wp-json\/wp\/v2\/types\/page"}],"author":[{"embeddable":true,"href":"https:\/\/www.cleverfiles.com\/tr\/wp-json\/wp\/v2\/users\/22"}],"replies":[{"embeddable":true,"href":"https:\/\/www.cleverfiles.com\/tr\/wp-json\/wp\/v2\/comments?post=32847"}],"version-history":[{"count":2,"href":"https:\/\/www.cleverfiles.com\/tr\/wp-json\/wp\/v2\/pages\/32847\/revisions"}],"predecessor-version":[{"id":83242,"href":"https:\/\/www.cleverfiles.com\/tr\/wp-json\/wp\/v2\/pages\/32847\/revisions\/83242"}],"wp:attachment":[{"href":"https:\/\/www.cleverfiles.com\/tr\/wp-json\/wp\/v2\/media?parent=32847"}],"curies":[{"name":"wp","href":"https:\/\/api.w.org\/{rel}","templated":true}]}}