{"id":31903,"date":"2020-03-06T10:00:32","date_gmt":"2020-03-06T10:00:32","guid":{"rendered":"https:\/\/www.cleverfiles.com\/word-excel-recovery.html"},"modified":"2021-03-29T00:00:00","modified_gmt":"2021-03-29T00:00:00","slug":"word-excel-recovery","status":"publish","type":"page","link":"https:\/\/www.cleverfiles.com\/tr\/word-excel-recovery.html","title":{"rendered":"Silinmi\u015f Word Belge ve Excel Dosya Kurtarma. \u00dccretsiz!"},"content":{"rendered":"","protected":false},"excerpt":{"rendered":"","protected":false},"author":22,"featured_media":0,"parent":0,"menu_order":0,"comment_status":"closed","ping_status":"closed","template":"page-constructor.php","meta":{"_acf_changed":false,"inline_featured_image":false,"footnotes":""},"class_list":["post-31903","page","type-page","status-publish","hentry"],"acf":[],"yoast_head":"<!-- This site is optimized with the Yoast SEO plugin v24.4 - https:\/\/yoast.com\/wordpress\/plugins\/seo\/ -->\n<title>Silinmi\u015f Word Belge ve Excel Dosya Kurtarma. \u00dccretsiz!<\/title>\n<meta name=\"description\" content=\"Windows i\u00e7in Disk Drill: silinen Excel dosyalar\u0131n\u0131 kurtarmak i\u00e7in en iyi \u00e7\u00f6z\u00fcm. \u00dccretsiz tarama ve koruma.\" \/>\n<meta name=\"robots\" content=\"index, follow, max-snippet:-1, max-image-preview:large, max-video-preview:-1\" \/>\n<link rel=\"canonical\" href=\"https:\/\/www.cleverfiles.com\/tr\/word-excel-recovery.html\" \/>\n<meta property=\"og:locale\" content=\"tr_TR\" \/>\n<meta property=\"og:type\" content=\"article\" \/>\n<meta property=\"og:title\" content=\"Silinmi\u015f Word Belge ve Excel Dosya Kurtarma. \u00dccretsiz!\" \/>\n<meta property=\"og:description\" content=\"Windows i\u00e7in Disk Drill: silinen Excel dosyalar\u0131n\u0131 kurtarmak i\u00e7in en iyi \u00e7\u00f6z\u00fcm. \u00dccretsiz tarama ve koruma.\" \/>\n<meta property=\"og:url\" content=\"https:\/\/www.cleverfiles.com\/tr\/word-excel-recovery.html\" \/>\n<meta property=\"og:site_name\" content=\"CleverFiles - Ak\u0131ll\u0131 Veri, Ak\u0131ll\u0131 Kararlar\u0131 G\u00fc\u00e7lendirir\" \/>\n<meta property=\"og:image\" content=\"https:\/\/www.cleverfiles.com\/wp-content\/uploads\/2021\/12\/word-excel-document-recovery.svg\" \/>\n<meta name=\"twitter:card\" content=\"summary_large_image\" \/>\n<meta name=\"twitter:title\" content=\"Silinmi\u015f Word Belge ve Excel Dosya Kurtarma. \u00dccretsiz!\" \/>\n<meta name=\"twitter:description\" content=\"Windows i\u00e7in Disk Drill: silinen Excel dosyalar\u0131n\u0131 kurtarmak i\u00e7in en iyi \u00e7\u00f6z\u00fcm. \u00dccretsiz tarama ve koruma.\" \/>\n<meta name=\"twitter:image\" content=\"https:\/\/www.cleverfiles.com\/wp-content\/uploads\/2020\/12\/cleverfiles.jpg\" \/>\n<script type=\"application\/ld+json\" class=\"yoast-schema-graph\">{\"@context\":\"https:\/\/schema.org\",\"@graph\":[{\"@type\":\"BreadcrumbList\",\"@id\":\"https:\/\/www.cleverfiles.com\/tr\/word-excel-recovery.html#breadcrumb\",\"itemListElement\":[{\"@type\":\"ListItem\",\"position\":1,\"name\":\"Home\",\"item\":\"https:\/\/www.cleverfiles.com\/tr\/ucretsiz-mac-veri-kurtarma-programi-kayip-veri-disk-drill.html\"},{\"@type\":\"ListItem\",\"position\":2,\"name\":\"Silinmi\u015f Word Belge ve Excel Dosya Kurtarma. \u00dccretsiz!\"}]},{\"@type\":\"WebSite\",\"@id\":\"https:\/\/www.cleverfiles.com\/tr\/#website\",\"url\":\"https:\/\/www.cleverfiles.com\/tr\/\",\"name\":\"CleverFiles - Ak\u0131ll\u0131 Veri, Ak\u0131ll\u0131 Kararlar\u0131 G\u00fc\u00e7lendirir\",\"description\":\"CleverFiles - Ak\u0131ll\u0131 Veri, Ak\u0131ll\u0131 Kararlar\u0131 G\u00fc\u00e7lendirir\",\"publisher\":{\"@id\":\"https:\/\/www.cleverfiles.com\/tr\/#organization\"},\"potentialAction\":[{\"@type\":\"SearchAction\",\"target\":{\"@type\":\"EntryPoint\",\"urlTemplate\":\"https:\/\/www.cleverfiles.com\/tr\/?s={search_term_string}\"},\"query-input\":{\"@type\":\"PropertyValueSpecification\",\"valueRequired\":true,\"valueName\":\"search_term_string\"}}],\"inLanguage\":\"tr\"},{\"@type\":\"Organization\",\"@id\":\"https:\/\/www.cleverfiles.com\/tr\/#organization\",\"name\":\"CleverFiles Inc\",\"url\":\"https:\/\/www.cleverfiles.com\/tr\/\",\"logo\":{\"@type\":\"ImageObject\",\"inLanguage\":\"tr\",\"@id\":\"https:\/\/www.cleverfiles.com\/tr\/#\/schema\/logo\/image\/\",\"url\":\"https:\/\/www.cleverfiles.com\/wp-content\/uploads\/2023\/03\/msapplication-wide310x150logo.png\",\"contentUrl\":\"https:\/\/www.cleverfiles.com\/wp-content\/uploads\/2023\/03\/msapplication-wide310x150logo.png\",\"width\":558,\"height\":270,\"caption\":\"CleverFiles Inc\"},\"image\":{\"@id\":\"https:\/\/www.cleverfiles.com\/tr\/#\/schema\/logo\/image\/\"}}]}<\/script>\n<meta property=\"article:modified_time\" content=\"2021-03-29\" \/>\n<!-- \/ Yoast SEO plugin. -->","yoast_head_json":{"title":"Silinmi\u015f Word Belge ve Excel Dosya Kurtarma. \u00dccretsiz!","description":"Windows i\u00e7in Disk Drill: silinen Excel dosyalar\u0131n\u0131 kurtarmak i\u00e7in en iyi \u00e7\u00f6z\u00fcm. \u00dccretsiz tarama ve koruma.","robots":{"index":"index","follow":"follow","max-snippet":"max-snippet:-1","max-image-preview":"max-image-preview:large","max-video-preview":"max-video-preview:-1"},"canonical":"https:\/\/www.cleverfiles.com\/tr\/word-excel-recovery.html","og_locale":"tr_TR","og_type":"article","og_title":"Silinmi\u015f Word Belge ve Excel Dosya Kurtarma. \u00dccretsiz!","og_description":"Windows i\u00e7in Disk Drill: silinen Excel dosyalar\u0131n\u0131 kurtarmak i\u00e7in en iyi \u00e7\u00f6z\u00fcm. \u00dccretsiz tarama ve koruma.","og_url":"https:\/\/www.cleverfiles.com\/tr\/word-excel-recovery.html","og_site_name":"CleverFiles - Ak\u0131ll\u0131 Veri, Ak\u0131ll\u0131 Kararlar\u0131 G\u00fc\u00e7lendirir","og_image":[{"url":"https:\/\/www.cleverfiles.com\/wp-content\/uploads\/2021\/12\/word-excel-document-recovery.svg","type":"","width":"","height":""}],"twitter_card":"summary_large_image","twitter_title":"Silinmi\u015f Word Belge ve Excel Dosya Kurtarma. \u00dccretsiz!","twitter_description":"Windows i\u00e7in Disk Drill: silinen Excel dosyalar\u0131n\u0131 kurtarmak i\u00e7in en iyi \u00e7\u00f6z\u00fcm. \u00dccretsiz tarama ve koruma.","twitter_image":"https:\/\/www.cleverfiles.com\/wp-content\/uploads\/2020\/12\/cleverfiles.jpg","schema":{"@context":"https:\/\/schema.org","@graph":[{"@type":"BreadcrumbList","@id":"https:\/\/www.cleverfiles.com\/tr\/word-excel-recovery.html#breadcrumb","itemListElement":[{"@type":"ListItem","position":1,"name":"Home","item":"https:\/\/www.cleverfiles.com\/tr\/ucretsiz-mac-veri-kurtarma-programi-kayip-veri-disk-drill.html"},{"@type":"ListItem","position":2,"name":"Silinmi\u015f Word Belge ve Excel Dosya Kurtarma. \u00dccretsiz!"}]},{"@type":"WebSite","@id":"https:\/\/www.cleverfiles.com\/tr\/#website","url":"https:\/\/www.cleverfiles.com\/tr\/","name":"CleverFiles - Ak\u0131ll\u0131 Veri, Ak\u0131ll\u0131 Kararlar\u0131 G\u00fc\u00e7lendirir","description":"CleverFiles - Ak\u0131ll\u0131 Veri, Ak\u0131ll\u0131 Kararlar\u0131 G\u00fc\u00e7lendirir","publisher":{"@id":"https:\/\/www.cleverfiles.com\/tr\/#organization"},"potentialAction":[{"@type":"SearchAction","target":{"@type":"EntryPoint","urlTemplate":"https:\/\/www.cleverfiles.com\/tr\/?s={search_term_string}"},"query-input":{"@type":"PropertyValueSpecification","valueRequired":true,"valueName":"search_term_string"}}],"inLanguage":"tr"},{"@type":"Organization","@id":"https:\/\/www.cleverfiles.com\/tr\/#organization","name":"CleverFiles Inc","url":"https:\/\/www.cleverfiles.com\/tr\/","logo":{"@type":"ImageObject","inLanguage":"tr","@id":"https:\/\/www.cleverfiles.com\/tr\/#\/schema\/logo\/image\/","url":"https:\/\/www.cleverfiles.com\/wp-content\/uploads\/2023\/03\/msapplication-wide310x150logo.png","contentUrl":"https:\/\/www.cleverfiles.com\/wp-content\/uploads\/2023\/03\/msapplication-wide310x150logo.png","width":558,"height":270,"caption":"CleverFiles Inc"},"image":{"@id":"https:\/\/www.cleverfiles.com\/tr\/#\/schema\/logo\/image\/"}}]}},"_links":{"self":[{"href":"https:\/\/www.cleverfiles.com\/tr\/wp-json\/wp\/v2\/pages\/31903","targetHints":{"allow":["GET"]}}],"collection":[{"href":"https:\/\/www.cleverfiles.com\/tr\/wp-json\/wp\/v2\/pages"}],"about":[{"href":"https:\/\/www.cleverfiles.com\/tr\/wp-json\/wp\/v2\/types\/page"}],"author":[{"embeddable":true,"href":"https:\/\/www.cleverfiles.com\/tr\/wp-json\/wp\/v2\/users\/22"}],"replies":[{"embeddable":true,"href":"https:\/\/www.cleverfiles.com\/tr\/wp-json\/wp\/v2\/comments?post=31903"}],"version-history":[{"count":3,"href":"https:\/\/www.cleverfiles.com\/tr\/wp-json\/wp\/v2\/pages\/31903\/revisions"}],"predecessor-version":[{"id":89846,"href":"https:\/\/www.cleverfiles.com\/tr\/wp-json\/wp\/v2\/pages\/31903\/revisions\/89846"}],"wp:attachment":[{"href":"https:\/\/www.cleverfiles.com\/tr\/wp-json\/wp\/v2\/media?parent=31903"}],"curies":[{"name":"wp","href":"https:\/\/api.w.org\/{rel}","templated":true}]}}