{"id":31682,"date":"2020-06-09T15:47:55","date_gmt":"2020-06-09T14:47:55","guid":{"rendered":"https:\/\/www.cleverfiles.com\/duplicate-file-finder-remover.html"},"modified":"2021-03-29T07:34:45","modified_gmt":"2021-03-29T07:34:45","slug":"duplicate-file-finder-remover","status":"publish","type":"page","link":"https:\/\/www.cleverfiles.com\/se\/duplicate-file-finder-remover.html","title":{"rendered":"Hur du hittar &#038; tar bort dubbletter av filer p\u00e5 Mac OS X gratis!"},"content":{"rendered":"","protected":false},"excerpt":{"rendered":"","protected":false},"author":22,"featured_media":0,"parent":0,"menu_order":0,"comment_status":"closed","ping_status":"closed","template":"page-constructor.php","meta":{"_acf_changed":false,"inline_featured_image":false,"footnotes":""},"class_list":["post-31682","page","type-page","status-publish","hentry"],"acf":[],"yoast_head":"<!-- This site is optimized with the Yoast SEO plugin v24.4 - https:\/\/yoast.com\/wordpress\/plugins\/seo\/ -->\n<title>Hur du hittar &amp; tar bort dubbletter av filer p\u00e5 Mac OS X gratis!<\/title>\n<meta name=\"description\" content=\"Disk Drill vet hur man ska kontrollera h\u00e5rddiskutrymmet p\u00e5 Mac och hur du kan frig\u00f6ra diskutrymme p\u00e5 Mac\" \/>\n<meta name=\"robots\" content=\"index, follow, max-snippet:-1, max-image-preview:large, max-video-preview:-1\" \/>\n<link rel=\"canonical\" href=\"https:\/\/www.cleverfiles.com\/se\/duplicate-file-finder-remover.html\" \/>\n<meta property=\"og:locale\" content=\"en_US\" \/>\n<meta property=\"og:type\" content=\"article\" \/>\n<meta property=\"og:title\" content=\"Hur du hittar &amp; tar bort dubbletter av filer p\u00e5 Mac OS X gratis!\" \/>\n<meta property=\"og:description\" content=\"Disk Drill vet hur man ska kontrollera h\u00e5rddiskutrymmet p\u00e5 Mac och hur du kan frig\u00f6ra diskutrymme p\u00e5 Mac\" \/>\n<meta property=\"og:url\" content=\"https:\/\/www.cleverfiles.com\/se\/duplicate-file-finder-remover.html\" \/>\n<meta property=\"og:site_name\" content=\"CleverFiles - Smarta data driver smarta beslut\" \/>\n<meta property=\"og:image\" content=\"https:\/\/www.cleverfiles.com\/wp-content\/uploads\/2020\/08\/relinkDuplicateFinderImage.png\" \/>\n<meta name=\"twitter:card\" content=\"summary_large_image\" \/>\n<meta name=\"twitter:title\" content=\"Hur du hittar &amp; tar bort dubbletter av filer p\u00e5 Mac OS X gratis!\" \/>\n<meta name=\"twitter:description\" content=\"Disk Drill vet hur man ska kontrollera h\u00e5rddiskutrymmet p\u00e5 Mac och hur du kan frig\u00f6ra diskutrymme p\u00e5 Mac\" \/>\n<meta name=\"twitter:image\" content=\"https:\/\/www.cleverfiles.com\/wp-content\/uploads\/2020\/12\/cleverfiles.jpg\" \/>\n<script type=\"application\/ld+json\" class=\"yoast-schema-graph\">{\"@context\":\"https:\/\/schema.org\",\"@graph\":[{\"@type\":\"BreadcrumbList\",\"@id\":\"https:\/\/www.cleverfiles.com\/se\/duplicate-file-finder-remover.html#breadcrumb\",\"itemListElement\":[{\"@type\":\"ListItem\",\"position\":1,\"name\":\"Home\",\"item\":\"https:\/\/www.cleverfiles.com\/se\/gratis-dataaterstallning-aterstall-data-disk-drill.html\"},{\"@type\":\"ListItem\",\"position\":2,\"name\":\"Hur du hittar &#038; tar bort dubbletter av filer p\u00e5 Mac OS X gratis!\"}]},{\"@type\":\"WebSite\",\"@id\":\"https:\/\/www.cleverfiles.com\/se\/#website\",\"url\":\"https:\/\/www.cleverfiles.com\/se\/\",\"name\":\"CleverFiles - Smarta data driver smarta beslut\",\"description\":\"CleverFiles - Smarta data driver smarta beslut\",\"publisher\":{\"@id\":\"https:\/\/www.cleverfiles.com\/se\/#organization\"},\"potentialAction\":[{\"@type\":\"SearchAction\",\"target\":{\"@type\":\"EntryPoint\",\"urlTemplate\":\"https:\/\/www.cleverfiles.com\/se\/?s={search_term_string}\"},\"query-input\":{\"@type\":\"PropertyValueSpecification\",\"valueRequired\":true,\"valueName\":\"search_term_string\"}}],\"inLanguage\":\"se\"},{\"@type\":\"Organization\",\"@id\":\"https:\/\/www.cleverfiles.com\/se\/#organization\",\"name\":\"CleverFiles Inc\",\"url\":\"https:\/\/www.cleverfiles.com\/se\/\",\"logo\":{\"@type\":\"ImageObject\",\"inLanguage\":\"se\",\"@id\":\"https:\/\/www.cleverfiles.com\/se\/#\/schema\/logo\/image\/\",\"url\":\"https:\/\/www.cleverfiles.com\/wp-content\/uploads\/2023\/03\/msapplication-wide310x150logo.png\",\"contentUrl\":\"https:\/\/www.cleverfiles.com\/wp-content\/uploads\/2023\/03\/msapplication-wide310x150logo.png\",\"width\":558,\"height\":270,\"caption\":\"CleverFiles Inc\"},\"image\":{\"@id\":\"https:\/\/www.cleverfiles.com\/se\/#\/schema\/logo\/image\/\"}}]}<\/script>\n<meta property=\"article:modified_time\" content=\"2021-03-29 07:34:45\" \/>\n<!-- \/ Yoast SEO plugin. -->","yoast_head_json":{"title":"Hur du hittar & tar bort dubbletter av filer p\u00e5 Mac OS X gratis!","description":"Disk Drill vet hur man ska kontrollera h\u00e5rddiskutrymmet p\u00e5 Mac och hur du kan frig\u00f6ra diskutrymme p\u00e5 Mac","robots":{"index":"index","follow":"follow","max-snippet":"max-snippet:-1","max-image-preview":"max-image-preview:large","max-video-preview":"max-video-preview:-1"},"canonical":"https:\/\/www.cleverfiles.com\/se\/duplicate-file-finder-remover.html","og_locale":"en_US","og_type":"article","og_title":"Hur du hittar & tar bort dubbletter av filer p\u00e5 Mac OS X gratis!","og_description":"Disk Drill vet hur man ska kontrollera h\u00e5rddiskutrymmet p\u00e5 Mac och hur du kan frig\u00f6ra diskutrymme p\u00e5 Mac","og_url":"https:\/\/www.cleverfiles.com\/se\/duplicate-file-finder-remover.html","og_site_name":"CleverFiles - Smarta data driver smarta beslut","og_image":[{"url":"https:\/\/www.cleverfiles.com\/wp-content\/uploads\/2020\/08\/relinkDuplicateFinderImage.png","type":"","width":"","height":""}],"twitter_card":"summary_large_image","twitter_title":"Hur du hittar & tar bort dubbletter av filer p\u00e5 Mac OS X gratis!","twitter_description":"Disk Drill vet hur man ska kontrollera h\u00e5rddiskutrymmet p\u00e5 Mac och hur du kan frig\u00f6ra diskutrymme p\u00e5 Mac","twitter_image":"https:\/\/www.cleverfiles.com\/wp-content\/uploads\/2020\/12\/cleverfiles.jpg","schema":{"@context":"https:\/\/schema.org","@graph":[{"@type":"BreadcrumbList","@id":"https:\/\/www.cleverfiles.com\/se\/duplicate-file-finder-remover.html#breadcrumb","itemListElement":[{"@type":"ListItem","position":1,"name":"Home","item":"https:\/\/www.cleverfiles.com\/se\/gratis-dataaterstallning-aterstall-data-disk-drill.html"},{"@type":"ListItem","position":2,"name":"Hur du hittar &#038; tar bort dubbletter av filer p\u00e5 Mac OS X gratis!"}]},{"@type":"WebSite","@id":"https:\/\/www.cleverfiles.com\/se\/#website","url":"https:\/\/www.cleverfiles.com\/se\/","name":"CleverFiles - Smarta data driver smarta beslut","description":"CleverFiles - Smarta data driver smarta beslut","publisher":{"@id":"https:\/\/www.cleverfiles.com\/se\/#organization"},"potentialAction":[{"@type":"SearchAction","target":{"@type":"EntryPoint","urlTemplate":"https:\/\/www.cleverfiles.com\/se\/?s={search_term_string}"},"query-input":{"@type":"PropertyValueSpecification","valueRequired":true,"valueName":"search_term_string"}}],"inLanguage":"se"},{"@type":"Organization","@id":"https:\/\/www.cleverfiles.com\/se\/#organization","name":"CleverFiles Inc","url":"https:\/\/www.cleverfiles.com\/se\/","logo":{"@type":"ImageObject","inLanguage":"se","@id":"https:\/\/www.cleverfiles.com\/se\/#\/schema\/logo\/image\/","url":"https:\/\/www.cleverfiles.com\/wp-content\/uploads\/2023\/03\/msapplication-wide310x150logo.png","contentUrl":"https:\/\/www.cleverfiles.com\/wp-content\/uploads\/2023\/03\/msapplication-wide310x150logo.png","width":558,"height":270,"caption":"CleverFiles Inc"},"image":{"@id":"https:\/\/www.cleverfiles.com\/se\/#\/schema\/logo\/image\/"}}]}},"_links":{"self":[{"href":"https:\/\/www.cleverfiles.com\/se\/wp-json\/wp\/v2\/pages\/31682","targetHints":{"allow":["GET"]}}],"collection":[{"href":"https:\/\/www.cleverfiles.com\/se\/wp-json\/wp\/v2\/pages"}],"about":[{"href":"https:\/\/www.cleverfiles.com\/se\/wp-json\/wp\/v2\/types\/page"}],"author":[{"embeddable":true,"href":"https:\/\/www.cleverfiles.com\/se\/wp-json\/wp\/v2\/users\/22"}],"replies":[{"embeddable":true,"href":"https:\/\/www.cleverfiles.com\/se\/wp-json\/wp\/v2\/comments?post=31682"}],"version-history":[{"count":4,"href":"https:\/\/www.cleverfiles.com\/se\/wp-json\/wp\/v2\/pages\/31682\/revisions"}],"predecessor-version":[{"id":106025,"href":"https:\/\/www.cleverfiles.com\/se\/wp-json\/wp\/v2\/pages\/31682\/revisions\/106025"}],"wp:attachment":[{"href":"https:\/\/www.cleverfiles.com\/se\/wp-json\/wp\/v2\/media?parent=31682"}],"curies":[{"name":"wp","href":"https:\/\/api.w.org\/{rel}","templated":true}]}}