{"id":47234,"date":"2020-08-07T12:11:23","date_gmt":"2020-08-07T11:11:23","guid":{"rendered":"https:\/\/www.cleverfiles.com\/usb-flash-drive-recovery.html"},"modified":"2021-03-29T07:34:45","modified_gmt":"2021-03-29T07:34:45","slug":"usb-flash-drive-recovery","status":"publish","type":"page","link":"https:\/\/www.cleverfiles.com\/pt\/usb-flash-drive-recovery.html","title":{"rendered":"Como Recuperar Arquivos de USB Pen Drive no Windows"},"content":{"rendered":"","protected":false},"excerpt":{"rendered":"","protected":false},"author":22,"featured_media":0,"parent":0,"menu_order":0,"comment_status":"closed","ping_status":"closed","template":"page-constructor.php","meta":{"_acf_changed":false,"inline_featured_image":false,"footnotes":""},"class_list":["post-47234","page","type-page","status-publish","hentry"],"acf":[],"yoast_head":"<!-- This site is optimized with the Yoast SEO plugin v24.4 - https:\/\/yoast.com\/wordpress\/plugins\/seo\/ -->\n<title>Como Recuperar Arquivos de USB Pen Drive no Windows<\/title>\n<meta name=\"description\" content=\"Recupere dados exclu\u00eddos de uma unidade flash USB (pendrive) com o Disk Drill, melhor software de recupera\u00e7\u00e3o de dados USB. Suporte a outras m\u00eddias tamb\u00e9m.\" \/>\n<meta name=\"robots\" content=\"index, follow, max-snippet:-1, max-image-preview:large, max-video-preview:-1\" \/>\n<link rel=\"canonical\" href=\"https:\/\/www.cleverfiles.com\/pt\/usb-flash-drive-recovery.html\" \/>\n<meta property=\"og:locale\" content=\"pt_PT\" \/>\n<meta property=\"og:type\" content=\"article\" \/>\n<meta property=\"og:title\" content=\"Como Recuperar Arquivos de USB Pen Drive no Windows\" \/>\n<meta property=\"og:description\" content=\"Recupere dados exclu\u00eddos de uma unidade flash USB (pendrive) com o Disk Drill, melhor software de recupera\u00e7\u00e3o de dados USB. Suporte a outras m\u00eddias tamb\u00e9m.\" \/>\n<meta property=\"og:url\" content=\"https:\/\/www.cleverfiles.com\/pt\/usb-flash-drive-recovery.html\" \/>\n<meta property=\"og:site_name\" content=\"CleverFiles - Dados Inteligentes Potenciam Decis\u00f5es Inteligentes\" \/>\n<meta property=\"og:image\" content=\"https:\/\/www.cleverfiles.com\/wp-content\/uploads\/2020\/05\/ddMacFinalIcon.png\" \/>\n<meta name=\"twitter:card\" content=\"summary_large_image\" \/>\n<meta name=\"twitter:title\" content=\"Como Recuperar Arquivos de USB Pen Drive no Windows\" \/>\n<meta name=\"twitter:description\" content=\"Recupere dados exclu\u00eddos de uma unidade flash USB (pendrive) com o Disk Drill, melhor software de recupera\u00e7\u00e3o de dados USB. Suporte a outras m\u00eddias tamb\u00e9m.\" \/>\n<meta name=\"twitter:image\" content=\"https:\/\/www.cleverfiles.com\/wp-content\/uploads\/2020\/12\/cleverfiles.jpg\" \/>\n<script type=\"application\/ld+json\" class=\"yoast-schema-graph\">{\"@context\":\"https:\/\/schema.org\",\"@graph\":[{\"@type\":\"BreadcrumbList\",\"@id\":\"https:\/\/www.cleverfiles.com\/pt\/usb-flash-drive-recovery.html#breadcrumb\",\"itemListElement\":[{\"@type\":\"ListItem\",\"position\":1,\"name\":\"Home\",\"item\":\"https:\/\/www.cleverfiles.com\/pt\/\"},{\"@type\":\"ListItem\",\"position\":2,\"name\":\"Como Recuperar Arquivos de USB Pen Drive no Windows\"}]},{\"@type\":\"WebSite\",\"@id\":\"https:\/\/www.cleverfiles.com\/pt\/#website\",\"url\":\"https:\/\/www.cleverfiles.com\/pt\/\",\"name\":\"CleverFiles - Dados Inteligentes Potenciam Decis\u00f5es Inteligentes\",\"description\":\"CleverFiles - Dados Inteligentes Potenciam Decis\u00f5es Inteligentes\",\"publisher\":{\"@id\":\"https:\/\/www.cleverfiles.com\/pt\/#organization\"},\"potentialAction\":[{\"@type\":\"SearchAction\",\"target\":{\"@type\":\"EntryPoint\",\"urlTemplate\":\"https:\/\/www.cleverfiles.com\/pt\/?s={search_term_string}\"},\"query-input\":{\"@type\":\"PropertyValueSpecification\",\"valueRequired\":true,\"valueName\":\"search_term_string\"}}],\"inLanguage\":\"pt\"},{\"@type\":\"Organization\",\"@id\":\"https:\/\/www.cleverfiles.com\/pt\/#organization\",\"name\":\"CleverFiles Inc\",\"url\":\"https:\/\/www.cleverfiles.com\/pt\/\",\"logo\":{\"@type\":\"ImageObject\",\"inLanguage\":\"pt\",\"@id\":\"https:\/\/www.cleverfiles.com\/pt\/#\/schema\/logo\/image\/\",\"url\":\"https:\/\/www.cleverfiles.com\/wp-content\/uploads\/2023\/03\/msapplication-wide310x150logo.png\",\"contentUrl\":\"https:\/\/www.cleverfiles.com\/wp-content\/uploads\/2023\/03\/msapplication-wide310x150logo.png\",\"width\":558,\"height\":270,\"caption\":\"CleverFiles Inc\"},\"image\":{\"@id\":\"https:\/\/www.cleverfiles.com\/pt\/#\/schema\/logo\/image\/\"}}]}<\/script>\n<meta property=\"article:modified_time\" content=\"2021-03-29 07:34:45\" \/>\n<!-- \/ Yoast SEO plugin. -->","yoast_head_json":{"title":"Como Recuperar Arquivos de USB Pen Drive no Windows","description":"Recupere dados exclu\u00eddos de uma unidade flash USB (pendrive) com o Disk Drill, melhor software de recupera\u00e7\u00e3o de dados USB. Suporte a outras m\u00eddias tamb\u00e9m.","robots":{"index":"index","follow":"follow","max-snippet":"max-snippet:-1","max-image-preview":"max-image-preview:large","max-video-preview":"max-video-preview:-1"},"canonical":"https:\/\/www.cleverfiles.com\/pt\/usb-flash-drive-recovery.html","og_locale":"pt_PT","og_type":"article","og_title":"Como Recuperar Arquivos de USB Pen Drive no Windows","og_description":"Recupere dados exclu\u00eddos de uma unidade flash USB (pendrive) com o Disk Drill, melhor software de recupera\u00e7\u00e3o de dados USB. Suporte a outras m\u00eddias tamb\u00e9m.","og_url":"https:\/\/www.cleverfiles.com\/pt\/usb-flash-drive-recovery.html","og_site_name":"CleverFiles - Dados Inteligentes Potenciam Decis\u00f5es Inteligentes","og_image":[{"url":"https:\/\/www.cleverfiles.com\/wp-content\/uploads\/2020\/05\/ddMacFinalIcon.png","type":"","width":"","height":""}],"twitter_card":"summary_large_image","twitter_title":"Como Recuperar Arquivos de USB Pen Drive no Windows","twitter_description":"Recupere dados exclu\u00eddos de uma unidade flash USB (pendrive) com o Disk Drill, melhor software de recupera\u00e7\u00e3o de dados USB. Suporte a outras m\u00eddias tamb\u00e9m.","twitter_image":"https:\/\/www.cleverfiles.com\/wp-content\/uploads\/2020\/12\/cleverfiles.jpg","schema":{"@context":"https:\/\/schema.org","@graph":[{"@type":"BreadcrumbList","@id":"https:\/\/www.cleverfiles.com\/pt\/usb-flash-drive-recovery.html#breadcrumb","itemListElement":[{"@type":"ListItem","position":1,"name":"Home","item":"https:\/\/www.cleverfiles.com\/pt\/"},{"@type":"ListItem","position":2,"name":"Como Recuperar Arquivos de USB Pen Drive no Windows"}]},{"@type":"WebSite","@id":"https:\/\/www.cleverfiles.com\/pt\/#website","url":"https:\/\/www.cleverfiles.com\/pt\/","name":"CleverFiles - Dados Inteligentes Potenciam Decis\u00f5es Inteligentes","description":"CleverFiles - Dados Inteligentes Potenciam Decis\u00f5es Inteligentes","publisher":{"@id":"https:\/\/www.cleverfiles.com\/pt\/#organization"},"potentialAction":[{"@type":"SearchAction","target":{"@type":"EntryPoint","urlTemplate":"https:\/\/www.cleverfiles.com\/pt\/?s={search_term_string}"},"query-input":{"@type":"PropertyValueSpecification","valueRequired":true,"valueName":"search_term_string"}}],"inLanguage":"pt"},{"@type":"Organization","@id":"https:\/\/www.cleverfiles.com\/pt\/#organization","name":"CleverFiles Inc","url":"https:\/\/www.cleverfiles.com\/pt\/","logo":{"@type":"ImageObject","inLanguage":"pt","@id":"https:\/\/www.cleverfiles.com\/pt\/#\/schema\/logo\/image\/","url":"https:\/\/www.cleverfiles.com\/wp-content\/uploads\/2023\/03\/msapplication-wide310x150logo.png","contentUrl":"https:\/\/www.cleverfiles.com\/wp-content\/uploads\/2023\/03\/msapplication-wide310x150logo.png","width":558,"height":270,"caption":"CleverFiles Inc"},"image":{"@id":"https:\/\/www.cleverfiles.com\/pt\/#\/schema\/logo\/image\/"}}]}},"_links":{"self":[{"href":"https:\/\/www.cleverfiles.com\/pt\/wp-json\/wp\/v2\/pages\/47234","targetHints":{"allow":["GET"]}}],"collection":[{"href":"https:\/\/www.cleverfiles.com\/pt\/wp-json\/wp\/v2\/pages"}],"about":[{"href":"https:\/\/www.cleverfiles.com\/pt\/wp-json\/wp\/v2\/types\/page"}],"author":[{"embeddable":true,"href":"https:\/\/www.cleverfiles.com\/pt\/wp-json\/wp\/v2\/users\/22"}],"replies":[{"embeddable":true,"href":"https:\/\/www.cleverfiles.com\/pt\/wp-json\/wp\/v2\/comments?post=47234"}],"version-history":[{"count":5,"href":"https:\/\/www.cleverfiles.com\/pt\/wp-json\/wp\/v2\/pages\/47234\/revisions"}],"predecessor-version":[{"id":95093,"href":"https:\/\/www.cleverfiles.com\/pt\/wp-json\/wp\/v2\/pages\/47234\/revisions\/95093"}],"wp:attachment":[{"href":"https:\/\/www.cleverfiles.com\/pt\/wp-json\/wp\/v2\/media?parent=47234"}],"curies":[{"name":"wp","href":"https:\/\/api.w.org\/{rel}","templated":true}]}}