{"id":34564,"date":"2020-03-05T13:54:21","date_gmt":"2020-03-05T13:54:21","guid":{"rendered":"https:\/\/www.cleverfiles.com\/android-data-recovery.html"},"modified":"2021-03-29T07:34:45","modified_gmt":"2021-03-29T07:34:45","slug":"android-data-recovery","status":"publish","type":"page","link":"https:\/\/www.cleverfiles.com\/pt\/android-data-recovery.html","title":{"rendered":"Use o Disk Drill para Recuperar Dados Android no Mac OS X"},"content":{"rendered":"","protected":false},"excerpt":{"rendered":"","protected":false},"author":22,"featured_media":0,"parent":0,"menu_order":0,"comment_status":"closed","ping_status":"closed","template":"page-constructor.php","meta":{"_acf_changed":false,"inline_featured_image":false,"footnotes":""},"class_list":["post-34564","page","type-page","status-publish","hentry"],"acf":[],"yoast_head":"<!-- This site is optimized with the Yoast SEO plugin v24.4 - https:\/\/yoast.com\/wordpress\/plugins\/seo\/ -->\n<title>Use o Disk Drill para Recuperar Dados Android no Mac OS X<\/title>\n<meta name=\"description\" content=\"Recupere dados perdidos de seu Android facilmente. O Disk Drill \u00e9 um app confi\u00e1vel para recuperar dados do Android no Mac OS X: simples, f\u00e1cil e seguro.\" \/>\n<meta name=\"robots\" content=\"index, follow, max-snippet:-1, max-image-preview:large, max-video-preview:-1\" \/>\n<link rel=\"canonical\" href=\"https:\/\/www.cleverfiles.com\/pt\/android-data-recovery.html\" \/>\n<meta property=\"og:locale\" content=\"pt_PT\" \/>\n<meta property=\"og:type\" content=\"article\" \/>\n<meta property=\"og:title\" content=\"Use o Disk Drill para Recuperar Dados Android no Mac OS X\" \/>\n<meta property=\"og:description\" content=\"Recupere dados perdidos de seu Android facilmente. O Disk Drill \u00e9 um app confi\u00e1vel para recuperar dados do Android no Mac OS X: simples, f\u00e1cil e seguro.\" \/>\n<meta property=\"og:url\" content=\"https:\/\/www.cleverfiles.com\/pt\/android-data-recovery.html\" \/>\n<meta property=\"og:site_name\" content=\"CleverFiles - Dados Inteligentes Potenciam Decis\u00f5es Inteligentes\" \/>\n<meta property=\"og:image\" content=\"https:\/\/www.cleverfiles.com\/wp-content\/uploads\/2020\/08\/relinkAndroidImage.png\" \/>\n<meta name=\"twitter:card\" content=\"summary_large_image\" \/>\n<meta name=\"twitter:title\" content=\"Use o Disk Drill para Recuperar Dados Android no Mac OS X\" \/>\n<meta name=\"twitter:description\" content=\"Recupere dados perdidos de seu Android facilmente. O Disk Drill \u00e9 um app confi\u00e1vel para recuperar dados do Android no Mac OS X: simples, f\u00e1cil e seguro.\" \/>\n<meta name=\"twitter:image\" content=\"https:\/\/www.cleverfiles.com\/wp-content\/uploads\/2020\/12\/cleverfiles.jpg\" \/>\n<script type=\"application\/ld+json\" class=\"yoast-schema-graph\">{\"@context\":\"https:\/\/schema.org\",\"@graph\":[{\"@type\":\"BreadcrumbList\",\"@id\":\"https:\/\/www.cleverfiles.com\/pt\/android-data-recovery.html#breadcrumb\",\"itemListElement\":[{\"@type\":\"ListItem\",\"position\":1,\"name\":\"Home\",\"item\":\"https:\/\/www.cleverfiles.com\/pt\/\"},{\"@type\":\"ListItem\",\"position\":2,\"name\":\"Use o Disk Drill para Recuperar Dados Android no Mac OS X\"}]},{\"@type\":\"WebSite\",\"@id\":\"https:\/\/www.cleverfiles.com\/pt\/#website\",\"url\":\"https:\/\/www.cleverfiles.com\/pt\/\",\"name\":\"CleverFiles - Dados Inteligentes Potenciam Decis\u00f5es Inteligentes\",\"description\":\"CleverFiles - Dados Inteligentes Potenciam Decis\u00f5es Inteligentes\",\"publisher\":{\"@id\":\"https:\/\/www.cleverfiles.com\/pt\/#organization\"},\"potentialAction\":[{\"@type\":\"SearchAction\",\"target\":{\"@type\":\"EntryPoint\",\"urlTemplate\":\"https:\/\/www.cleverfiles.com\/pt\/?s={search_term_string}\"},\"query-input\":{\"@type\":\"PropertyValueSpecification\",\"valueRequired\":true,\"valueName\":\"search_term_string\"}}],\"inLanguage\":\"pt\"},{\"@type\":\"Organization\",\"@id\":\"https:\/\/www.cleverfiles.com\/pt\/#organization\",\"name\":\"CleverFiles Inc\",\"url\":\"https:\/\/www.cleverfiles.com\/pt\/\",\"logo\":{\"@type\":\"ImageObject\",\"inLanguage\":\"pt\",\"@id\":\"https:\/\/www.cleverfiles.com\/pt\/#\/schema\/logo\/image\/\",\"url\":\"https:\/\/www.cleverfiles.com\/wp-content\/uploads\/2023\/03\/msapplication-wide310x150logo.png\",\"contentUrl\":\"https:\/\/www.cleverfiles.com\/wp-content\/uploads\/2023\/03\/msapplication-wide310x150logo.png\",\"width\":558,\"height\":270,\"caption\":\"CleverFiles Inc\"},\"image\":{\"@id\":\"https:\/\/www.cleverfiles.com\/pt\/#\/schema\/logo\/image\/\"}}]}<\/script>\n<meta property=\"article:modified_time\" content=\"2021-03-29 07:34:45\" \/>\n<!-- \/ Yoast SEO plugin. -->","yoast_head_json":{"title":"Use o Disk Drill para Recuperar Dados Android no Mac OS X","description":"Recupere dados perdidos de seu Android facilmente. O Disk Drill \u00e9 um app confi\u00e1vel para recuperar dados do Android no Mac OS X: simples, f\u00e1cil e seguro.","robots":{"index":"index","follow":"follow","max-snippet":"max-snippet:-1","max-image-preview":"max-image-preview:large","max-video-preview":"max-video-preview:-1"},"canonical":"https:\/\/www.cleverfiles.com\/pt\/android-data-recovery.html","og_locale":"pt_PT","og_type":"article","og_title":"Use o Disk Drill para Recuperar Dados Android no Mac OS X","og_description":"Recupere dados perdidos de seu Android facilmente. O Disk Drill \u00e9 um app confi\u00e1vel para recuperar dados do Android no Mac OS X: simples, f\u00e1cil e seguro.","og_url":"https:\/\/www.cleverfiles.com\/pt\/android-data-recovery.html","og_site_name":"CleverFiles - Dados Inteligentes Potenciam Decis\u00f5es Inteligentes","og_image":[{"url":"https:\/\/www.cleverfiles.com\/wp-content\/uploads\/2020\/08\/relinkAndroidImage.png","type":"","width":"","height":""}],"twitter_card":"summary_large_image","twitter_title":"Use o Disk Drill para Recuperar Dados Android no Mac OS X","twitter_description":"Recupere dados perdidos de seu Android facilmente. O Disk Drill \u00e9 um app confi\u00e1vel para recuperar dados do Android no Mac OS X: simples, f\u00e1cil e seguro.","twitter_image":"https:\/\/www.cleverfiles.com\/wp-content\/uploads\/2020\/12\/cleverfiles.jpg","schema":{"@context":"https:\/\/schema.org","@graph":[{"@type":"BreadcrumbList","@id":"https:\/\/www.cleverfiles.com\/pt\/android-data-recovery.html#breadcrumb","itemListElement":[{"@type":"ListItem","position":1,"name":"Home","item":"https:\/\/www.cleverfiles.com\/pt\/"},{"@type":"ListItem","position":2,"name":"Use o Disk Drill para Recuperar Dados Android no Mac OS X"}]},{"@type":"WebSite","@id":"https:\/\/www.cleverfiles.com\/pt\/#website","url":"https:\/\/www.cleverfiles.com\/pt\/","name":"CleverFiles - Dados Inteligentes Potenciam Decis\u00f5es Inteligentes","description":"CleverFiles - Dados Inteligentes Potenciam Decis\u00f5es Inteligentes","publisher":{"@id":"https:\/\/www.cleverfiles.com\/pt\/#organization"},"potentialAction":[{"@type":"SearchAction","target":{"@type":"EntryPoint","urlTemplate":"https:\/\/www.cleverfiles.com\/pt\/?s={search_term_string}"},"query-input":{"@type":"PropertyValueSpecification","valueRequired":true,"valueName":"search_term_string"}}],"inLanguage":"pt"},{"@type":"Organization","@id":"https:\/\/www.cleverfiles.com\/pt\/#organization","name":"CleverFiles Inc","url":"https:\/\/www.cleverfiles.com\/pt\/","logo":{"@type":"ImageObject","inLanguage":"pt","@id":"https:\/\/www.cleverfiles.com\/pt\/#\/schema\/logo\/image\/","url":"https:\/\/www.cleverfiles.com\/wp-content\/uploads\/2023\/03\/msapplication-wide310x150logo.png","contentUrl":"https:\/\/www.cleverfiles.com\/wp-content\/uploads\/2023\/03\/msapplication-wide310x150logo.png","width":558,"height":270,"caption":"CleverFiles Inc"},"image":{"@id":"https:\/\/www.cleverfiles.com\/pt\/#\/schema\/logo\/image\/"}}]}},"_links":{"self":[{"href":"https:\/\/www.cleverfiles.com\/pt\/wp-json\/wp\/v2\/pages\/34564","targetHints":{"allow":["GET"]}}],"collection":[{"href":"https:\/\/www.cleverfiles.com\/pt\/wp-json\/wp\/v2\/pages"}],"about":[{"href":"https:\/\/www.cleverfiles.com\/pt\/wp-json\/wp\/v2\/types\/page"}],"author":[{"embeddable":true,"href":"https:\/\/www.cleverfiles.com\/pt\/wp-json\/wp\/v2\/users\/22"}],"replies":[{"embeddable":true,"href":"https:\/\/www.cleverfiles.com\/pt\/wp-json\/wp\/v2\/comments?post=34564"}],"version-history":[{"count":3,"href":"https:\/\/www.cleverfiles.com\/pt\/wp-json\/wp\/v2\/pages\/34564\/revisions"}],"predecessor-version":[{"id":89269,"href":"https:\/\/www.cleverfiles.com\/pt\/wp-json\/wp\/v2\/pages\/34564\/revisions\/89269"}],"wp:attachment":[{"href":"https:\/\/www.cleverfiles.com\/pt\/wp-json\/wp\/v2\/media?parent=34564"}],"curies":[{"name":"wp","href":"https:\/\/api.w.org\/{rel}","templated":true}]}}