{"id":34550,"date":"2020-06-05T10:20:41","date_gmt":"2020-06-05T09:20:41","guid":{"rendered":"https:\/\/www.cleverfiles.com\/word-document-recovery-mac.html"},"modified":"2021-03-29T07:34:45","modified_gmt":"2021-03-29T07:34:45","slug":"word-document-recovery-mac","status":"publish","type":"page","link":"https:\/\/www.cleverfiles.com\/pt\/word-document-recovery-mac.html","title":{"rendered":"Recupere Documentos do Word Exclu\u00eddos e Perdidos no Mac"},"content":{"rendered":"","protected":false},"excerpt":{"rendered":"","protected":false},"author":22,"featured_media":0,"parent":0,"menu_order":0,"comment_status":"closed","ping_status":"closed","template":"page-constructor.php","meta":{"_acf_changed":false,"inline_featured_image":false,"footnotes":""},"class_list":["post-34550","page","type-page","status-publish","hentry"],"acf":[],"yoast_head":"<!-- This site is optimized with the Yoast SEO plugin v24.4 - https:\/\/yoast.com\/wordpress\/plugins\/seo\/ -->\n<title>Recupere Documentos do Word Exclu\u00eddos e Perdidos no Mac<\/title>\n<meta name=\"description\" content=\"O Disk Drill, principal software de recupera\u00e7\u00e3o de dados para Mac, \u00e9 especializado na recupera\u00e7\u00e3o de dados perdidos, incluindo arquivos DOC e DOCX do Word!\" \/>\n<meta name=\"robots\" content=\"index, follow, max-snippet:-1, max-image-preview:large, max-video-preview:-1\" \/>\n<link rel=\"canonical\" href=\"https:\/\/www.cleverfiles.com\/pt\/word-document-recovery-mac.html\" \/>\n<meta property=\"og:locale\" content=\"pt_PT\" \/>\n<meta property=\"og:type\" content=\"article\" \/>\n<meta property=\"og:title\" content=\"Recupere Documentos do Word Exclu\u00eddos e Perdidos no Mac\" \/>\n<meta property=\"og:description\" content=\"O Disk Drill, principal software de recupera\u00e7\u00e3o de dados para Mac, \u00e9 especializado na recupera\u00e7\u00e3o de dados perdidos, incluindo arquivos DOC e DOCX do Word!\" \/>\n<meta property=\"og:url\" content=\"https:\/\/www.cleverfiles.com\/pt\/word-document-recovery-mac.html\" \/>\n<meta property=\"og:site_name\" content=\"CleverFiles - Dados Inteligentes Potenciam Decis\u00f5es Inteligentes\" \/>\n<meta property=\"og:image\" content=\"https:\/\/www.cleverfiles.com\/wp-content\/uploads\/2020\/08\/relinkWordPagesImage.png\" \/>\n<meta name=\"twitter:card\" content=\"summary_large_image\" \/>\n<meta name=\"twitter:title\" content=\"Recupere Documentos do Word Exclu\u00eddos e Perdidos no Mac\" \/>\n<meta name=\"twitter:description\" content=\"O Disk Drill, principal software de recupera\u00e7\u00e3o de dados para Mac, \u00e9 especializado na recupera\u00e7\u00e3o de dados perdidos, incluindo arquivos DOC e DOCX do Word!\" \/>\n<meta name=\"twitter:image\" content=\"https:\/\/www.cleverfiles.com\/wp-content\/uploads\/2020\/12\/cleverfiles.jpg\" \/>\n<script type=\"application\/ld+json\" class=\"yoast-schema-graph\">{\"@context\":\"https:\/\/schema.org\",\"@graph\":[{\"@type\":\"BreadcrumbList\",\"@id\":\"https:\/\/www.cleverfiles.com\/pt\/word-document-recovery-mac.html#breadcrumb\",\"itemListElement\":[{\"@type\":\"ListItem\",\"position\":1,\"name\":\"Home\",\"item\":\"https:\/\/www.cleverfiles.com\/pt\/\"},{\"@type\":\"ListItem\",\"position\":2,\"name\":\"Recupere Documentos do Word Exclu\u00eddos e Perdidos no Mac\"}]},{\"@type\":\"WebSite\",\"@id\":\"https:\/\/www.cleverfiles.com\/pt\/#website\",\"url\":\"https:\/\/www.cleverfiles.com\/pt\/\",\"name\":\"CleverFiles - Dados Inteligentes Potenciam Decis\u00f5es Inteligentes\",\"description\":\"CleverFiles - Dados Inteligentes Potenciam Decis\u00f5es Inteligentes\",\"publisher\":{\"@id\":\"https:\/\/www.cleverfiles.com\/pt\/#organization\"},\"potentialAction\":[{\"@type\":\"SearchAction\",\"target\":{\"@type\":\"EntryPoint\",\"urlTemplate\":\"https:\/\/www.cleverfiles.com\/pt\/?s={search_term_string}\"},\"query-input\":{\"@type\":\"PropertyValueSpecification\",\"valueRequired\":true,\"valueName\":\"search_term_string\"}}],\"inLanguage\":\"pt\"},{\"@type\":\"Organization\",\"@id\":\"https:\/\/www.cleverfiles.com\/pt\/#organization\",\"name\":\"CleverFiles Inc\",\"url\":\"https:\/\/www.cleverfiles.com\/pt\/\",\"logo\":{\"@type\":\"ImageObject\",\"inLanguage\":\"pt\",\"@id\":\"https:\/\/www.cleverfiles.com\/pt\/#\/schema\/logo\/image\/\",\"url\":\"https:\/\/www.cleverfiles.com\/wp-content\/uploads\/2023\/03\/msapplication-wide310x150logo.png\",\"contentUrl\":\"https:\/\/www.cleverfiles.com\/wp-content\/uploads\/2023\/03\/msapplication-wide310x150logo.png\",\"width\":558,\"height\":270,\"caption\":\"CleverFiles Inc\"},\"image\":{\"@id\":\"https:\/\/www.cleverfiles.com\/pt\/#\/schema\/logo\/image\/\"}}]}<\/script>\n<meta property=\"article:modified_time\" content=\"2021-03-29 07:34:45\" \/>\n<!-- \/ Yoast SEO plugin. -->","yoast_head_json":{"title":"Recupere Documentos do Word Exclu\u00eddos e Perdidos no Mac","description":"O Disk Drill, principal software de recupera\u00e7\u00e3o de dados para Mac, \u00e9 especializado na recupera\u00e7\u00e3o de dados perdidos, incluindo arquivos DOC e DOCX do Word!","robots":{"index":"index","follow":"follow","max-snippet":"max-snippet:-1","max-image-preview":"max-image-preview:large","max-video-preview":"max-video-preview:-1"},"canonical":"https:\/\/www.cleverfiles.com\/pt\/word-document-recovery-mac.html","og_locale":"pt_PT","og_type":"article","og_title":"Recupere Documentos do Word Exclu\u00eddos e Perdidos no Mac","og_description":"O Disk Drill, principal software de recupera\u00e7\u00e3o de dados para Mac, \u00e9 especializado na recupera\u00e7\u00e3o de dados perdidos, incluindo arquivos DOC e DOCX do Word!","og_url":"https:\/\/www.cleverfiles.com\/pt\/word-document-recovery-mac.html","og_site_name":"CleverFiles - Dados Inteligentes Potenciam Decis\u00f5es Inteligentes","og_image":[{"url":"https:\/\/www.cleverfiles.com\/wp-content\/uploads\/2020\/08\/relinkWordPagesImage.png","type":"","width":"","height":""}],"twitter_card":"summary_large_image","twitter_title":"Recupere Documentos do Word Exclu\u00eddos e Perdidos no Mac","twitter_description":"O Disk Drill, principal software de recupera\u00e7\u00e3o de dados para Mac, \u00e9 especializado na recupera\u00e7\u00e3o de dados perdidos, incluindo arquivos DOC e DOCX do Word!","twitter_image":"https:\/\/www.cleverfiles.com\/wp-content\/uploads\/2020\/12\/cleverfiles.jpg","schema":{"@context":"https:\/\/schema.org","@graph":[{"@type":"BreadcrumbList","@id":"https:\/\/www.cleverfiles.com\/pt\/word-document-recovery-mac.html#breadcrumb","itemListElement":[{"@type":"ListItem","position":1,"name":"Home","item":"https:\/\/www.cleverfiles.com\/pt\/"},{"@type":"ListItem","position":2,"name":"Recupere Documentos do Word Exclu\u00eddos e Perdidos no Mac"}]},{"@type":"WebSite","@id":"https:\/\/www.cleverfiles.com\/pt\/#website","url":"https:\/\/www.cleverfiles.com\/pt\/","name":"CleverFiles - Dados Inteligentes Potenciam Decis\u00f5es Inteligentes","description":"CleverFiles - Dados Inteligentes Potenciam Decis\u00f5es Inteligentes","publisher":{"@id":"https:\/\/www.cleverfiles.com\/pt\/#organization"},"potentialAction":[{"@type":"SearchAction","target":{"@type":"EntryPoint","urlTemplate":"https:\/\/www.cleverfiles.com\/pt\/?s={search_term_string}"},"query-input":{"@type":"PropertyValueSpecification","valueRequired":true,"valueName":"search_term_string"}}],"inLanguage":"pt"},{"@type":"Organization","@id":"https:\/\/www.cleverfiles.com\/pt\/#organization","name":"CleverFiles Inc","url":"https:\/\/www.cleverfiles.com\/pt\/","logo":{"@type":"ImageObject","inLanguage":"pt","@id":"https:\/\/www.cleverfiles.com\/pt\/#\/schema\/logo\/image\/","url":"https:\/\/www.cleverfiles.com\/wp-content\/uploads\/2023\/03\/msapplication-wide310x150logo.png","contentUrl":"https:\/\/www.cleverfiles.com\/wp-content\/uploads\/2023\/03\/msapplication-wide310x150logo.png","width":558,"height":270,"caption":"CleverFiles Inc"},"image":{"@id":"https:\/\/www.cleverfiles.com\/pt\/#\/schema\/logo\/image\/"}}]}},"_links":{"self":[{"href":"https:\/\/www.cleverfiles.com\/pt\/wp-json\/wp\/v2\/pages\/34550","targetHints":{"allow":["GET"]}}],"collection":[{"href":"https:\/\/www.cleverfiles.com\/pt\/wp-json\/wp\/v2\/pages"}],"about":[{"href":"https:\/\/www.cleverfiles.com\/pt\/wp-json\/wp\/v2\/types\/page"}],"author":[{"embeddable":true,"href":"https:\/\/www.cleverfiles.com\/pt\/wp-json\/wp\/v2\/users\/22"}],"replies":[{"embeddable":true,"href":"https:\/\/www.cleverfiles.com\/pt\/wp-json\/wp\/v2\/comments?post=34550"}],"version-history":[{"count":3,"href":"https:\/\/www.cleverfiles.com\/pt\/wp-json\/wp\/v2\/pages\/34550\/revisions"}],"predecessor-version":[{"id":104899,"href":"https:\/\/www.cleverfiles.com\/pt\/wp-json\/wp\/v2\/pages\/34550\/revisions\/104899"}],"wp:attachment":[{"href":"https:\/\/www.cleverfiles.com\/pt\/wp-json\/wp\/v2\/media?parent=34550"}],"curies":[{"name":"wp","href":"https:\/\/api.w.org\/{rel}","templated":true}]}}