{"id":90912,"date":"2021-01-16T15:41:12","date_gmt":"2021-01-16T15:41:12","guid":{"rendered":"https:\/\/www.cleverfiles.com\/xd-card-recovery.html"},"modified":"2021-03-29T00:00:00","modified_gmt":"2021-03-29T00:00:00","slug":"xd-card-recovery","status":"publish","type":"page","link":"https:\/\/www.cleverfiles.com\/pl\/xd-card-recovery.html","title":{"rendered":"Odzyskiwanie Obraz\u00f3w z Kart XD na Mac OS X | Disk Drill"},"content":{"rendered":"","protected":false},"excerpt":{"rendered":"","protected":false},"author":6,"featured_media":0,"parent":0,"menu_order":0,"comment_status":"closed","ping_status":"closed","template":"page-constructor.php","meta":{"_acf_changed":false,"inline_featured_image":false,"footnotes":""},"class_list":["post-90912","page","type-page","status-publish","hentry"],"acf":[],"yoast_head":"<!-- This site is optimized with the Yoast SEO plugin v24.4 - https:\/\/yoast.com\/wordpress\/plugins\/seo\/ -->\n<title>Odzyskiwanie Obraz\u00f3w z Kart XD na Mac OS X | Disk Drill<\/title>\n<meta name=\"description\" content=\"Disk Drill: odzyskaj pliki kart XD w systemie Mac OS X. Aplikacja obs\u0142uguje wszystkie formaty obraz\u00f3w i muzyki oraz odzyskuje je z dowolnego urz\u0105dzenia pami\u0119ci masowej. Darmowe skanowanie.\" \/>\n<meta name=\"robots\" content=\"index, follow, max-snippet:-1, max-image-preview:large, max-video-preview:-1\" \/>\n<link rel=\"canonical\" href=\"https:\/\/www.cleverfiles.com\/pl\/xd-card-recovery.html\" \/>\n<meta property=\"og:locale\" content=\"pl_PL\" \/>\n<meta property=\"og:type\" content=\"article\" \/>\n<meta property=\"og:title\" content=\"Odzyskiwanie Obraz\u00f3w z Kart XD na Mac OS X | Disk Drill\" \/>\n<meta property=\"og:description\" content=\"Disk Drill: odzyskaj pliki kart XD w systemie Mac OS X. Aplikacja obs\u0142uguje wszystkie formaty obraz\u00f3w i muzyki oraz odzyskuje je z dowolnego urz\u0105dzenia pami\u0119ci masowej. Darmowe skanowanie.\" \/>\n<meta property=\"og:url\" content=\"https:\/\/www.cleverfiles.com\/pl\/xd-card-recovery.html\" \/>\n<meta property=\"og:site_name\" content=\"CleverFiles \u2014 inteligentne dane umo\u017cliwiaj\u0105 podejmowanie inteligentnych decyzji\" \/>\n<meta property=\"og:image\" content=\"https:\/\/www.cleverfiles.com\/wp-content\/uploads\/2021\/01\/relinkXdCardImage.png\" \/>\n\t<meta property=\"og:image:width\" content=\"128\" \/>\n\t<meta property=\"og:image:height\" content=\"128\" \/>\n\t<meta property=\"og:image:type\" content=\"image\/png\" \/>\n<meta name=\"twitter:card\" content=\"summary_large_image\" \/>\n<meta name=\"twitter:title\" content=\"Odzyskiwanie Obraz\u00f3w z Kart XD na Mac OS X | Disk Drill\" \/>\n<meta name=\"twitter:description\" content=\"Disk Drill: odzyskaj pliki kart XD w systemie Mac OS X. Aplikacja obs\u0142uguje wszystkie formaty obraz\u00f3w i muzyki oraz odzyskuje je z dowolnego urz\u0105dzenia pami\u0119ci masowej. Darmowe skanowanie.\" \/>\n<meta name=\"twitter:image\" content=\"https:\/\/www.cleverfiles.com\/wp-content\/uploads\/2020\/12\/cleverfiles.jpg\" \/>\n<script type=\"application\/ld+json\" class=\"yoast-schema-graph\">{\"@context\":\"https:\/\/schema.org\",\"@graph\":[{\"@type\":\"BreadcrumbList\",\"@id\":\"https:\/\/www.cleverfiles.com\/pl\/xd-card-recovery.html#breadcrumb\",\"itemListElement\":[{\"@type\":\"ListItem\",\"position\":1,\"name\":\"Home\",\"item\":\"https:\/\/www.cleverfiles.com\/pl\/program-do-odzyskiwania-danych-z-dysku-mac-os-x.html\"},{\"@type\":\"ListItem\",\"position\":2,\"name\":\"Odzyskiwanie Obraz\u00f3w z Kart XD na Mac OS X | Disk Drill\"}]},{\"@type\":\"WebSite\",\"@id\":\"https:\/\/www.cleverfiles.com\/pl\/#website\",\"url\":\"https:\/\/www.cleverfiles.com\/pl\/\",\"name\":\"CleverFiles \u2014 inteligentne dane umo\u017cliwiaj\u0105 podejmowanie inteligentnych decyzji\",\"description\":\"CleverFiles \u2014 inteligentne dane umo\u017cliwiaj\u0105 podejmowanie inteligentnych decyzji\",\"publisher\":{\"@id\":\"https:\/\/www.cleverfiles.com\/pl\/#organization\"},\"potentialAction\":[{\"@type\":\"SearchAction\",\"target\":{\"@type\":\"EntryPoint\",\"urlTemplate\":\"https:\/\/www.cleverfiles.com\/pl\/?s={search_term_string}\"},\"query-input\":{\"@type\":\"PropertyValueSpecification\",\"valueRequired\":true,\"valueName\":\"search_term_string\"}}],\"inLanguage\":\"pl-PL\"},{\"@type\":\"Organization\",\"@id\":\"https:\/\/www.cleverfiles.com\/pl\/#organization\",\"name\":\"CleverFiles Inc\",\"url\":\"https:\/\/www.cleverfiles.com\/pl\/\",\"logo\":{\"@type\":\"ImageObject\",\"inLanguage\":\"pl-PL\",\"@id\":\"https:\/\/www.cleverfiles.com\/pl\/#\/schema\/logo\/image\/\",\"url\":\"https:\/\/www.cleverfiles.com\/wp-content\/uploads\/2023\/03\/msapplication-wide310x150logo.png\",\"contentUrl\":\"https:\/\/www.cleverfiles.com\/wp-content\/uploads\/2023\/03\/msapplication-wide310x150logo.png\",\"width\":558,\"height\":270,\"caption\":\"CleverFiles Inc\"},\"image\":{\"@id\":\"https:\/\/www.cleverfiles.com\/pl\/#\/schema\/logo\/image\/\"}}]}<\/script>\n<meta property=\"article:modified_time\" content=\"2021-03-29\" \/>\n<!-- \/ Yoast SEO plugin. -->","yoast_head_json":{"title":"Odzyskiwanie Obraz\u00f3w z Kart XD na Mac OS X | Disk Drill","description":"Disk Drill: odzyskaj pliki kart XD w systemie Mac OS X. Aplikacja obs\u0142uguje wszystkie formaty obraz\u00f3w i muzyki oraz odzyskuje je z dowolnego urz\u0105dzenia pami\u0119ci masowej. Darmowe skanowanie.","robots":{"index":"index","follow":"follow","max-snippet":"max-snippet:-1","max-image-preview":"max-image-preview:large","max-video-preview":"max-video-preview:-1"},"canonical":"https:\/\/www.cleverfiles.com\/pl\/xd-card-recovery.html","og_locale":"pl_PL","og_type":"article","og_title":"Odzyskiwanie Obraz\u00f3w z Kart XD na Mac OS X | Disk Drill","og_description":"Disk Drill: odzyskaj pliki kart XD w systemie Mac OS X. Aplikacja obs\u0142uguje wszystkie formaty obraz\u00f3w i muzyki oraz odzyskuje je z dowolnego urz\u0105dzenia pami\u0119ci masowej. Darmowe skanowanie.","og_url":"https:\/\/www.cleverfiles.com\/pl\/xd-card-recovery.html","og_site_name":"CleverFiles \u2014 inteligentne dane umo\u017cliwiaj\u0105 podejmowanie inteligentnych decyzji","og_image":[{"width":128,"height":128,"url":"https:\/\/www.cleverfiles.com\/wp-content\/uploads\/2021\/01\/relinkXdCardImage.png","type":"image\/png"}],"twitter_card":"summary_large_image","twitter_title":"Odzyskiwanie Obraz\u00f3w z Kart XD na Mac OS X | Disk Drill","twitter_description":"Disk Drill: odzyskaj pliki kart XD w systemie Mac OS X. Aplikacja obs\u0142uguje wszystkie formaty obraz\u00f3w i muzyki oraz odzyskuje je z dowolnego urz\u0105dzenia pami\u0119ci masowej. Darmowe skanowanie.","twitter_image":"https:\/\/www.cleverfiles.com\/wp-content\/uploads\/2020\/12\/cleverfiles.jpg","schema":{"@context":"https:\/\/schema.org","@graph":[{"@type":"BreadcrumbList","@id":"https:\/\/www.cleverfiles.com\/pl\/xd-card-recovery.html#breadcrumb","itemListElement":[{"@type":"ListItem","position":1,"name":"Home","item":"https:\/\/www.cleverfiles.com\/pl\/program-do-odzyskiwania-danych-z-dysku-mac-os-x.html"},{"@type":"ListItem","position":2,"name":"Odzyskiwanie Obraz\u00f3w z Kart XD na Mac OS X | Disk Drill"}]},{"@type":"WebSite","@id":"https:\/\/www.cleverfiles.com\/pl\/#website","url":"https:\/\/www.cleverfiles.com\/pl\/","name":"CleverFiles \u2014 inteligentne dane umo\u017cliwiaj\u0105 podejmowanie inteligentnych decyzji","description":"CleverFiles \u2014 inteligentne dane umo\u017cliwiaj\u0105 podejmowanie inteligentnych decyzji","publisher":{"@id":"https:\/\/www.cleverfiles.com\/pl\/#organization"},"potentialAction":[{"@type":"SearchAction","target":{"@type":"EntryPoint","urlTemplate":"https:\/\/www.cleverfiles.com\/pl\/?s={search_term_string}"},"query-input":{"@type":"PropertyValueSpecification","valueRequired":true,"valueName":"search_term_string"}}],"inLanguage":"pl-PL"},{"@type":"Organization","@id":"https:\/\/www.cleverfiles.com\/pl\/#organization","name":"CleverFiles Inc","url":"https:\/\/www.cleverfiles.com\/pl\/","logo":{"@type":"ImageObject","inLanguage":"pl-PL","@id":"https:\/\/www.cleverfiles.com\/pl\/#\/schema\/logo\/image\/","url":"https:\/\/www.cleverfiles.com\/wp-content\/uploads\/2023\/03\/msapplication-wide310x150logo.png","contentUrl":"https:\/\/www.cleverfiles.com\/wp-content\/uploads\/2023\/03\/msapplication-wide310x150logo.png","width":558,"height":270,"caption":"CleverFiles Inc"},"image":{"@id":"https:\/\/www.cleverfiles.com\/pl\/#\/schema\/logo\/image\/"}}]}},"_links":{"self":[{"href":"https:\/\/www.cleverfiles.com\/pl\/wp-json\/wp\/v2\/pages\/90912","targetHints":{"allow":["GET"]}}],"collection":[{"href":"https:\/\/www.cleverfiles.com\/pl\/wp-json\/wp\/v2\/pages"}],"about":[{"href":"https:\/\/www.cleverfiles.com\/pl\/wp-json\/wp\/v2\/types\/page"}],"author":[{"embeddable":true,"href":"https:\/\/www.cleverfiles.com\/pl\/wp-json\/wp\/v2\/users\/6"}],"replies":[{"embeddable":true,"href":"https:\/\/www.cleverfiles.com\/pl\/wp-json\/wp\/v2\/comments?post=90912"}],"version-history":[{"count":4,"href":"https:\/\/www.cleverfiles.com\/pl\/wp-json\/wp\/v2\/pages\/90912\/revisions"}],"predecessor-version":[{"id":90940,"href":"https:\/\/www.cleverfiles.com\/pl\/wp-json\/wp\/v2\/pages\/90912\/revisions\/90940"}],"wp:attachment":[{"href":"https:\/\/www.cleverfiles.com\/pl\/wp-json\/wp\/v2\/media?parent=90912"}],"curies":[{"name":"wp","href":"https:\/\/api.w.org\/{rel}","templated":true}]}}