{"id":30291,"date":"2020-07-15T11:33:22","date_gmt":"2020-07-15T10:33:22","guid":{"rendered":"https:\/\/www.cleverfiles.com\/mac-data-recovery.html"},"modified":"2021-03-29T07:34:45","modified_gmt":"2021-03-29T07:34:45","slug":"mac-data-recovery","status":"publish","type":"page","link":"https:\/\/www.cleverfiles.com\/pl\/mac-data-recovery.html","title":{"rendered":"Darmowe Odzyskiwanie Danych &#8211; Disk Drill dla Mac OS X"},"content":{"rendered":"","protected":false},"excerpt":{"rendered":"","protected":false},"author":22,"featured_media":0,"parent":0,"menu_order":0,"comment_status":"closed","ping_status":"closed","template":"page-constructor.php","meta":{"_acf_changed":false,"inline_featured_image":false,"footnotes":""},"class_list":["post-30291","page","type-page","status-publish","hentry"],"acf":[],"yoast_head":"<!-- This site is optimized with the Yoast SEO plugin v24.4 - https:\/\/yoast.com\/wordpress\/plugins\/seo\/ -->\n<title>Darmowe Odzyskiwanie Danych - Disk Drill dla Mac OS X<\/title>\n<meta name=\"description\" content=\"Disk Drill dla Mac OS X: \u017badne inne oprogramowanie do odzyskiwania danych dla komputer\u00f3w Mac nie jest tak \u0142atwe w obs\u0142udze! Przypadkowe usuni\u0119cie, b\u0142\u0105d narz\u0119dzia dysku, uszkodzenie danych? Disk Drill mo\u017ce Ci pom\u00f3c.\" \/>\n<meta name=\"robots\" content=\"index, follow, max-snippet:-1, max-image-preview:large, max-video-preview:-1\" \/>\n<link rel=\"canonical\" href=\"https:\/\/www.cleverfiles.com\/pl\/mac-data-recovery.html\" \/>\n<meta property=\"og:locale\" content=\"pl_PL\" \/>\n<meta property=\"og:type\" content=\"article\" \/>\n<meta property=\"og:title\" content=\"Darmowe Odzyskiwanie Danych - Disk Drill dla Mac OS X\" \/>\n<meta property=\"og:description\" content=\"Disk Drill dla Mac OS X: \u017badne inne oprogramowanie do odzyskiwania danych dla komputer\u00f3w Mac nie jest tak \u0142atwe w obs\u0142udze! Przypadkowe usuni\u0119cie, b\u0142\u0105d narz\u0119dzia dysku, uszkodzenie danych? Disk Drill mo\u017ce Ci pom\u00f3c.\" \/>\n<meta property=\"og:url\" content=\"https:\/\/www.cleverfiles.com\/pl\/mac-data-recovery.html\" \/>\n<meta property=\"og:site_name\" content=\"CleverFiles \u2014 inteligentne dane umo\u017cliwiaj\u0105 podejmowanie inteligentnych decyzji\" \/>\n<meta property=\"og:image\" content=\"https:\/\/www.cleverfiles.com\/wp-content\/uploads\/2020\/07\/ddMacFinalFeatureIcon-1.png\" \/>\n<meta name=\"twitter:card\" content=\"summary_large_image\" \/>\n<meta name=\"twitter:title\" content=\"Darmowe Odzyskiwanie Danych - Disk Drill dla Mac OS X\" \/>\n<meta name=\"twitter:description\" content=\"Disk Drill dla Mac OS X: \u017badne inne oprogramowanie do odzyskiwania danych dla komputer\u00f3w Mac nie jest tak \u0142atwe w obs\u0142udze! Przypadkowe usuni\u0119cie, b\u0142\u0105d narz\u0119dzia dysku, uszkodzenie danych? Disk Drill mo\u017ce Ci pom\u00f3c.\" \/>\n<meta name=\"twitter:image\" content=\"https:\/\/www.cleverfiles.com\/wp-content\/uploads\/2020\/12\/cleverfiles.jpg\" \/>\n<script type=\"application\/ld+json\" class=\"yoast-schema-graph\">{\"@context\":\"https:\/\/schema.org\",\"@graph\":[{\"@type\":\"BreadcrumbList\",\"@id\":\"https:\/\/www.cleverfiles.com\/pl\/mac-data-recovery.html#breadcrumb\",\"itemListElement\":[{\"@type\":\"ListItem\",\"position\":1,\"name\":\"Home\",\"item\":\"https:\/\/www.cleverfiles.com\/pl\/program-do-odzyskiwania-danych-z-dysku-mac-os-x.html\"},{\"@type\":\"ListItem\",\"position\":2,\"name\":\"Darmowe Odzyskiwanie Danych &#8211; Disk Drill dla Mac OS X\"}]},{\"@type\":\"WebSite\",\"@id\":\"https:\/\/www.cleverfiles.com\/pl\/#website\",\"url\":\"https:\/\/www.cleverfiles.com\/pl\/\",\"name\":\"CleverFiles \u2014 inteligentne dane umo\u017cliwiaj\u0105 podejmowanie inteligentnych decyzji\",\"description\":\"CleverFiles \u2014 inteligentne dane umo\u017cliwiaj\u0105 podejmowanie inteligentnych decyzji\",\"publisher\":{\"@id\":\"https:\/\/www.cleverfiles.com\/pl\/#organization\"},\"potentialAction\":[{\"@type\":\"SearchAction\",\"target\":{\"@type\":\"EntryPoint\",\"urlTemplate\":\"https:\/\/www.cleverfiles.com\/pl\/?s={search_term_string}\"},\"query-input\":{\"@type\":\"PropertyValueSpecification\",\"valueRequired\":true,\"valueName\":\"search_term_string\"}}],\"inLanguage\":\"pl-PL\"},{\"@type\":\"Organization\",\"@id\":\"https:\/\/www.cleverfiles.com\/pl\/#organization\",\"name\":\"CleverFiles Inc\",\"url\":\"https:\/\/www.cleverfiles.com\/pl\/\",\"logo\":{\"@type\":\"ImageObject\",\"inLanguage\":\"pl-PL\",\"@id\":\"https:\/\/www.cleverfiles.com\/pl\/#\/schema\/logo\/image\/\",\"url\":\"https:\/\/www.cleverfiles.com\/wp-content\/uploads\/2023\/03\/msapplication-wide310x150logo.png\",\"contentUrl\":\"https:\/\/www.cleverfiles.com\/wp-content\/uploads\/2023\/03\/msapplication-wide310x150logo.png\",\"width\":558,\"height\":270,\"caption\":\"CleverFiles Inc\"},\"image\":{\"@id\":\"https:\/\/www.cleverfiles.com\/pl\/#\/schema\/logo\/image\/\"}}]}<\/script>\n<meta property=\"article:modified_time\" content=\"2021-03-29 07:34:45\" \/>\n<!-- \/ Yoast SEO plugin. -->","yoast_head_json":{"title":"Darmowe Odzyskiwanie Danych - Disk Drill dla Mac OS X","description":"Disk Drill dla Mac OS X: \u017badne inne oprogramowanie do odzyskiwania danych dla komputer\u00f3w Mac nie jest tak \u0142atwe w obs\u0142udze! Przypadkowe usuni\u0119cie, b\u0142\u0105d narz\u0119dzia dysku, uszkodzenie danych? Disk Drill mo\u017ce Ci pom\u00f3c.","robots":{"index":"index","follow":"follow","max-snippet":"max-snippet:-1","max-image-preview":"max-image-preview:large","max-video-preview":"max-video-preview:-1"},"canonical":"https:\/\/www.cleverfiles.com\/pl\/mac-data-recovery.html","og_locale":"pl_PL","og_type":"article","og_title":"Darmowe Odzyskiwanie Danych - Disk Drill dla Mac OS X","og_description":"Disk Drill dla Mac OS X: \u017badne inne oprogramowanie do odzyskiwania danych dla komputer\u00f3w Mac nie jest tak \u0142atwe w obs\u0142udze! Przypadkowe usuni\u0119cie, b\u0142\u0105d narz\u0119dzia dysku, uszkodzenie danych? Disk Drill mo\u017ce Ci pom\u00f3c.","og_url":"https:\/\/www.cleverfiles.com\/pl\/mac-data-recovery.html","og_site_name":"CleverFiles \u2014 inteligentne dane umo\u017cliwiaj\u0105 podejmowanie inteligentnych decyzji","og_image":[{"url":"https:\/\/www.cleverfiles.com\/wp-content\/uploads\/2020\/07\/ddMacFinalFeatureIcon-1.png","type":"","width":"","height":""}],"twitter_card":"summary_large_image","twitter_title":"Darmowe Odzyskiwanie Danych - Disk Drill dla Mac OS X","twitter_description":"Disk Drill dla Mac OS X: \u017badne inne oprogramowanie do odzyskiwania danych dla komputer\u00f3w Mac nie jest tak \u0142atwe w obs\u0142udze! Przypadkowe usuni\u0119cie, b\u0142\u0105d narz\u0119dzia dysku, uszkodzenie danych? Disk Drill mo\u017ce Ci pom\u00f3c.","twitter_image":"https:\/\/www.cleverfiles.com\/wp-content\/uploads\/2020\/12\/cleverfiles.jpg","schema":{"@context":"https:\/\/schema.org","@graph":[{"@type":"BreadcrumbList","@id":"https:\/\/www.cleverfiles.com\/pl\/mac-data-recovery.html#breadcrumb","itemListElement":[{"@type":"ListItem","position":1,"name":"Home","item":"https:\/\/www.cleverfiles.com\/pl\/program-do-odzyskiwania-danych-z-dysku-mac-os-x.html"},{"@type":"ListItem","position":2,"name":"Darmowe Odzyskiwanie Danych &#8211; Disk Drill dla Mac OS X"}]},{"@type":"WebSite","@id":"https:\/\/www.cleverfiles.com\/pl\/#website","url":"https:\/\/www.cleverfiles.com\/pl\/","name":"CleverFiles \u2014 inteligentne dane umo\u017cliwiaj\u0105 podejmowanie inteligentnych decyzji","description":"CleverFiles \u2014 inteligentne dane umo\u017cliwiaj\u0105 podejmowanie inteligentnych decyzji","publisher":{"@id":"https:\/\/www.cleverfiles.com\/pl\/#organization"},"potentialAction":[{"@type":"SearchAction","target":{"@type":"EntryPoint","urlTemplate":"https:\/\/www.cleverfiles.com\/pl\/?s={search_term_string}"},"query-input":{"@type":"PropertyValueSpecification","valueRequired":true,"valueName":"search_term_string"}}],"inLanguage":"pl-PL"},{"@type":"Organization","@id":"https:\/\/www.cleverfiles.com\/pl\/#organization","name":"CleverFiles Inc","url":"https:\/\/www.cleverfiles.com\/pl\/","logo":{"@type":"ImageObject","inLanguage":"pl-PL","@id":"https:\/\/www.cleverfiles.com\/pl\/#\/schema\/logo\/image\/","url":"https:\/\/www.cleverfiles.com\/wp-content\/uploads\/2023\/03\/msapplication-wide310x150logo.png","contentUrl":"https:\/\/www.cleverfiles.com\/wp-content\/uploads\/2023\/03\/msapplication-wide310x150logo.png","width":558,"height":270,"caption":"CleverFiles Inc"},"image":{"@id":"https:\/\/www.cleverfiles.com\/pl\/#\/schema\/logo\/image\/"}}]}},"_links":{"self":[{"href":"https:\/\/www.cleverfiles.com\/pl\/wp-json\/wp\/v2\/pages\/30291","targetHints":{"allow":["GET"]}}],"collection":[{"href":"https:\/\/www.cleverfiles.com\/pl\/wp-json\/wp\/v2\/pages"}],"about":[{"href":"https:\/\/www.cleverfiles.com\/pl\/wp-json\/wp\/v2\/types\/page"}],"author":[{"embeddable":true,"href":"https:\/\/www.cleverfiles.com\/pl\/wp-json\/wp\/v2\/users\/22"}],"replies":[{"embeddable":true,"href":"https:\/\/www.cleverfiles.com\/pl\/wp-json\/wp\/v2\/comments?post=30291"}],"version-history":[{"count":6,"href":"https:\/\/www.cleverfiles.com\/pl\/wp-json\/wp\/v2\/pages\/30291\/revisions"}],"predecessor-version":[{"id":107481,"href":"https:\/\/www.cleverfiles.com\/pl\/wp-json\/wp\/v2\/pages\/30291\/revisions\/107481"}],"wp:attachment":[{"href":"https:\/\/www.cleverfiles.com\/pl\/wp-json\/wp\/v2\/media?parent=30291"}],"curies":[{"name":"wp","href":"https:\/\/api.w.org\/{rel}","templated":true}]}}