{"id":53008,"date":"2025-02-01T21:46:20","date_gmt":"2025-02-01T21:46:20","guid":{"rendered":"https:\/\/www.cleverfiles.com\/howto\/?page_id=53008"},"modified":"2025-02-01T21:46:20","modified_gmt":"2025-02-01T21:46:20","slug":"lignes-directrices-editoriales","status":"publish","type":"page","link":"https:\/\/www.cleverfiles.com\/howto\/it\/editorial-guidelines.html","title":{"rendered":"Lignes directrices \u00e9ditoriales"},"content":{"rendered":"<p>Ogni giorno, milioni di persone in tutto il mondo si trovano ad affrontare una variet\u00e0 di sfide legate alla tecnologia. Queste possono spaziare dalla perdita di dati a causa di malfunzionamenti hardware, bug software o cancellazioni accidentali, fino alla ricerca di recensioni affidabili, valutazioni e raccomandazioni di software alternativi.<\/p>\r\n<p>Da Cleverfiles comprendiamo il panico, la frustrazione e l&#8217;inconveniente che tutto ci\u00f2 comporta. Sappiamo anche quanto possa essere difficile trovare informazioni online affidabili che rispondano a queste esigenze cos\u00ec diverse. \u00c8 per questo che ci siamo impegnati a distinguerci dalla massa e a diventare la tua fonte di fiducia per tutto ci\u00f2 che riguarda tecnologia, software e recupero dati.<\/p>\r\n<p>Le nostre Linee Guida Editoriali descrivono il nostro approccio meticoloso alla creazione di contenuti e come questo si allinei con il nostro costante impegno per la trasparenza e l\u2019accuratezza. Questo impegno si estende a tutti i nostri contenuti, inclusi articoli sul recupero dati, recensioni di software e guide tecnologiche. Per saperne di pi\u00f9 sul team che sta dietro questo impegno, visita la nostra <a href=\"\/howto\/it\/editorial-team.html\">pagina del team editoriale<\/a>. Fornendoti questo sguardo approfondito, miriamo a offrirti una chiara comprensione della cura, dello sforzo e della diligenza che mettiamo nel nostro lavoro. Speriamo che questo rafforzi la tua fiducia in noi come punto di riferimento per guide e soluzioni affidabili e utili.<\/p>\r\n<h2><span class=\"ez-toc-section\" id=\"la_nostra_missione\"><\/span>La nostra Missione<span class=\"ez-toc-section-end\"><\/span><\/h2>\r\n<p>In un mondo sempre pi\u00f9 guidato dai dati e dalla tecnologia, la nostra missione a Cleverfiles \u00e8 olistica ed essenziale: fornire guide, recensioni e raccomandazioni di alta qualit\u00e0 e affidabili che allevino lo stress e la confusione non solo riguardo la perdita e il recupero dei dati, ma per tutto ci\u00f2 che riguarda software e tecnologia.<\/p>\r\n<p>Il nostro impegno \u00e8 quello di generare e distribuire il maggior numero possibile di contenuti utili e accurati, assicurandoci che voi, nostri lettori, siate equipaggiati con una gamma diversificata di soluzioni e approfondimenti testati e affidabili in vari ambiti del software e della tecnologia. Siamo orgogliosi di offrire valore in ogni parola scritta, con ogni articolo pensato per darti la fiducia necessaria ad affrontare non solo la perdita di dati, ma a navigare nell&#8217;intero mondo digitale con sicurezza.<\/p>\r\n<h2><span class=\"ez-toc-section\" id=\"perche_puoi_fidarti_di_noi\"><\/span>Perch\u00e9 Puoi Fidarti di Noi<span class=\"ez-toc-section-end\"><\/span><\/h2>\r\n<p>Quando si tratta di affrontare importanti sfide digitali\u2014sia che si tratti di recuperare dati mancanti, scegliere un software o comprendere un nuovo concetto tecnologico\u2014l&#8217;ultima cosa che desideri \u00e8 affidarti a metodi o fonti non testati o inaffidabili. Ed \u00e8 qui che entra in gioco l\u2019impegno di Cleverfiles per l\u2019affidabilit\u00e0, che comprende:<\/p>\r\n<ul>\r\n\t<li>&#x1f50e; <b>Ricerca approfondita sugli argomenti:<\/b> Conduciamo ricerche meticolose e dettagliate per ogni argomento che trattiamo. Questa ricerca approfondita ci permette di comprendere ogni aspetto della questione in esame, offrendoti una visione olistica del problema e delle possibili soluzioni.<\/li>\r\n\t<li>&#x1f9ea; <b>Test pratici:<\/b> Il nostro team di esperti di tecnologia, software e recupero dati esegue test pratici su tutti i metodi e approcci che discutiamo nelle guide, recensioni e valutazioni pubblicate sul sito di Cleverfiles. Crediamo fermamente che solo i metodi testati possano fornire le soluzioni pi\u00f9 affidabili.<\/li>\r\n\t<li>&#x1f9d1;&#x200d;&#x1f4bb; <b>Revisione professionale:<\/b> La conoscenza e l\u2019esperienza dei nostri scrittori esperti in vari ambiti tecnologici guidano il processo di creazione dei contenuti. Ma non ci fermiamo qui: ogni guida e ogni consiglio viene verificato da ulteriori professionisti del software e della tecnologia. Questo meccanismo di doppia verifica \u00e8 il nostro modo per garantire che tu riceva solo informazioni accurate e affidabili.<\/li>\r\n\t<li>&#x1f916; <b>Contenuti scritti da esseri umani:<\/b> Ogni contenuto sul sito di Cleverfiles \u00e8 creato da autori reali, non da intelligenza artificiale. Il nostro team di scrittori esperti, specializzati in argomenti legati alla tecnologia, d\u00e0 vita ai nostri contenuti con voci autentiche e competenze personali.<\/li>\r\n\t<li>&#x1f6ab; <b>Nessuna promozione a pagamento:<\/b> Manteniamo un impegno incrollabile per l\u2019oggettivit\u00e0. Le guide e le valutazioni di Cleverfiles si basano esclusivamente sulle nostre esperienze personali e sui test rigorosi, senza promozioni a pagamento o contenuti sponsorizzati. Riteniamo che mantenere questa integrit\u00e0 sia essenziale per guadagnare e mantenere la tua fiducia.<\/li>\r\n\t<li>&#x2696;&#xfe0f; <b>Valutazioni imparziali:<\/b> Il nostro impegno per l&#8217;equit\u00e0 significa che suggeriamo soluzioni basate sulla loro reale utilit\u00e0 per te, senza influenze esterne o pregiudizi. Valutiamo ogni strumento, software o metodo in base ai suoi meriti, esaminando l\u2019efficacia, l\u2019affidabilit\u00e0 e la facilit\u00e0 d\u2019uso.<\/li>\r\n\t<li>&#x1f4e3; <b>Feedback degli utenti:<\/b> Il tuo feedback \u00e8 importante per noi. Per questo prestiamo molta attenzione a ci\u00f2 che i nostri lettori hanno da dire. Considerando i tuoi commenti, possiamo mantenere i contenuti accurati, aggiornati e personalizzati in base alle tue esigenze.<\/li>\r\n<\/ul>\r\n<p>Con queste rigorose misure in atto, i nostri contenuti non sono solo coinvolgenti\u2014sono affidabili e degni di fiducia.<\/p>\r\n<h2><span class=\"ez-toc-section\" id=\"lapproccio_cleverfiles_il_nostro_processo_per_la_creazione_di_guide\"><\/span>L&#8217;Approccio Cleverfiles: Il Nostro Processo per la Creazione di Guide<span class=\"ez-toc-section-end\"><\/span><\/h2>\r\n<p>Crediamo in un approccio approfondito e completo per la creazione di guide pratiche, recensioni e contenuti di alta qualit\u00e0 su cui puoi contare. Ecco una panoramica del nostro processo in sette fasi per la creazione dei contenuti:<\/p>\r\n<ol>\r\n\t<li><b>Identificazione del problema:<\/b> Il primo passo consiste nell&#8217;individuare un argomento, un problema o una difficolt\u00e0. Questo spesso deriva dall&#8217;ascolto dei nostri utenti e dalla comprensione delle problematiche o domande che hanno riguardo al recupero dati, al software e alla tecnologia. Scaviamo anche nel web alla ricerca di domande senza risposta o difficolt\u00e0 comuni che molti affrontano ma per le quali manca una soluzione completa.<\/li>\r\n\t<li><b>Ricerca approfondita:<\/b> Una volta identificato un argomento o un problema, il team di Cleverfiles si dedica a una ricerca approfondita per scoprire tutte le possibili soluzioni o per valutare prodotti e software. Esaminiamo l&#8217;argomento da ogni angolazione, senza tralasciare nulla. Questa fase pu\u00f2 richiedere un notevole ammontare di tempo, poich\u00e9 approfondiamo documenti tecnici, forum, letteratura di settore e altre fonti per raccogliere tutte le informazioni rilevanti.<\/li>\r\n\t<li><b>Test e verifica:<\/b> La fase di ricerca \u00e8 seguita da una rigorosa fase di test. Mettiamo ogni soluzione o software potenziale alla prova per determinarne l&#8217;efficacia. Di conseguenza, solo i metodi verificati e i prodotti con valutazioni elevate vengono inclusi nelle nostre guide e recensioni.<\/li>\r\n\t<li><b>Scrittura:<\/b> Il nostro team di scrittori esperti, provenienti da diversi ambiti tecnologici, redige una guida o una recensione dettagliata e facile da consultare basata sui metodi o prodotti efficaci che abbiamo individuato. La nostra scrittura \u00e8 concisa, coinvolgente e progettata per essere facilmente comprensibile, anche per argomenti complessi.<\/li>\r\n\t<li><b>Revisione da parte di esperti:<\/b> Ogni guida viene sottoposta a un meticoloso processo di revisione da parte di un esperto tecnologico senior e di uno scrittore senior. L&#8217;esperto verifica l&#8217;accuratezza e la chiarezza dei contenuti, fornendo un ulteriore livello di controllo della qualit\u00e0.<\/li>\r\n\t<li><b>Pubblicazione:<\/b> Dopo che tutti i controlli sono stati completati, pubblichiamo la guida sul nostro sito. Un&#8217;ulteriore serie di controlli viene effettuata per eliminare refusi e altri errori. Applichiamo inoltre un formato visivo per offrirti un&#8217;esperienza di lettura fluida e piacevole.<\/li>\r\n\t<li><b>Aggiornamenti continui:<\/b> Il mondo digitale \u00e8 in continua evoluzione, e noi lo siamo altrettanto. Il team di Cleverfiles rivede costantemente i nostri contenuti per aggiornarli con le ultime scoperte e innovazioni, garantendoti cos\u00ec l&#8217;accesso alle informazioni pi\u00f9 attuali e pertinenti.<\/li>\r\n<\/ol>\r\n<p>Questo processo meticoloso riflette il nostro impegno ad aiutarti a navigare nel complesso mondo della tecnologia con facilit\u00e0 e sicurezza.<\/p>\r\n<h2><span class=\"ez-toc-section\" id=\"i_tuoi_suggerimenti_contano\"><\/span>I Tuoi Suggerimenti Contano<span class=\"ez-toc-section-end\"><\/span><\/h2>\r\n<p>Da Cleverfiles, diamo grande valore a ci\u00f2 che hai da dire, caro lettore. I tuoi suggerimenti, le tue domande, le tue preoccupazioni\u2014tutto questo gioca un ruolo fondamentale nel plasmare i nostri contenuti.<\/p>\r\n<p>Quindi, se hai riscontrato un problema non affrontato, hai un suggerimento per un nuovo argomento o vuoi condividere la tua esperienza con un determinato metodo di recupero, <a href=\"\/it\/contacts.html\">ci interessa sentire la tua opinione<\/a>.<\/p>","protected":false},"excerpt":{"rendered":"Ogni giorno, milioni di persone in tutto il mondo si trovano ad affrontare una variet\u00e0 di sfide legate alla tecnologia. Queste possono spaziare dalla perdita di dati a causa di malfunzionamenti hardware, bug software o cancellazioni accidentali, fino alla ricerca&#8230;","protected":false},"author":7864,"featured_media":0,"parent":0,"menu_order":0,"comment_status":"closed","ping_status":"closed","template":"page-simple.php","meta":{"_acf_changed":false,"footnotes":""},"class_list":["post-53008","page","type-page","status-publish"],"acf":[],"yoast_head":"<!-- This site is optimized with the Yoast SEO plugin v26.3 - https:\/\/yoast.com\/wordpress\/plugins\/seo\/ -->\n<title>Lignes directrices \u00e9ditoriales - Data recovery tips. Recover deleted files on Mac, Windows.<\/title>\n<meta name=\"robots\" content=\"index, follow, max-snippet:-1, max-image-preview:large, max-video-preview:-1\" \/>\n<link rel=\"canonical\" href=\"https:\/\/www.cleverfiles.com\/howto\/it\/editorial-guidelines.html\" \/>\n<meta property=\"og:locale\" content=\"en_US\" \/>\n<meta property=\"og:type\" content=\"article\" \/>\n<meta property=\"og:title\" content=\"Lignes directrices \u00e9ditoriales - Data recovery tips. Recover deleted files on Mac, Windows.\" \/>\n<meta property=\"og:description\" content=\"Ogni giorno, milioni di persone in tutto il mondo si trovano ad affrontare una variet\u00e0 di sfide legate alla tecnologia. Queste possono spaziare dalla perdita di dati a causa di malfunzionamenti hardware, bug software o cancellazioni accidentali, fino alla ricerca...\" \/>\n<meta property=\"og:url\" content=\"https:\/\/www.cleverfiles.com\/howto\/it\/editorial-guidelines.html\" \/>\n<meta property=\"og:site_name\" content=\"Data recovery tips. Recover deleted files on Mac, Windows.\" \/>\n<meta property=\"og:image\" content=\"https:\/\/www.cleverfiles.com\/howto\/wp-content\/uploads\/2020\/07\/og-cleverfiles.jpg\" \/>\n\t<meta property=\"og:image:width\" content=\"1200\" \/>\n\t<meta property=\"og:image:height\" content=\"630\" \/>\n\t<meta property=\"og:image:type\" content=\"image\/jpeg\" \/>\n<meta name=\"twitter:card\" content=\"summary_large_image\" \/>\n<meta name=\"twitter:title\" content=\"Data recovery tips. Recover deleted files on Mac, Windows.\" \/>\n<meta name=\"twitter:site\" content=\"@Cleverfiles\" \/>\n<meta name=\"twitter:label1\" content=\"Est. reading time\" \/>\n\t<meta name=\"twitter:data1\" content=\"6 minutes\" \/>\n<!-- \/ Yoast SEO plugin. -->","yoast_head_json":{"title":"Lignes directrices \u00e9ditoriales - Data recovery tips. Recover deleted files on Mac, Windows.","robots":{"index":"index","follow":"follow","max-snippet":"max-snippet:-1","max-image-preview":"max-image-preview:large","max-video-preview":"max-video-preview:-1"},"canonical":"https:\/\/www.cleverfiles.com\/howto\/it\/editorial-guidelines.html","og_locale":"en_US","og_type":"article","og_title":"Lignes directrices \u00e9ditoriales - Data recovery tips. Recover deleted files on Mac, Windows.","og_description":"Ogni giorno, milioni di persone in tutto il mondo si trovano ad affrontare una variet\u00e0 di sfide legate alla tecnologia. Queste possono spaziare dalla perdita di dati a causa di malfunzionamenti hardware, bug software o cancellazioni accidentali, fino alla ricerca...","og_url":"https:\/\/www.cleverfiles.com\/howto\/it\/editorial-guidelines.html","og_site_name":"Data recovery tips. Recover deleted files on Mac, Windows.","og_image":[{"width":1200,"height":630,"url":"https:\/\/www.cleverfiles.com\/howto\/wp-content\/uploads\/2020\/07\/og-cleverfiles.jpg","type":"image\/jpeg"}],"twitter_card":"summary_large_image","twitter_title":"Data recovery tips. Recover deleted files on Mac, Windows.","twitter_site":"@Cleverfiles","twitter_misc":{"Est. reading time":"6 minutes"},"schema":{"@context":"https:\/\/schema.org","@graph":[{"@type":"WebPage","@id":"https:\/\/www.cleverfiles.com\/howto\/it\/editorial-guidelines.html","url":"https:\/\/www.cleverfiles.com\/howto\/it\/editorial-guidelines.html","name":"Lignes directrices \u00e9ditoriales - Data recovery tips. Recover deleted files on Mac, Windows.","isPartOf":{"@id":"https:\/\/www.cleverfiles.com\/howto\/#website"},"datePublished":"2025-02-01T21:46:20+00:00","breadcrumb":{"@id":"https:\/\/www.cleverfiles.com\/howto\/it\/editorial-guidelines.html#breadcrumb"},"inLanguage":"en-US","potentialAction":[{"@type":"ReadAction","target":["https:\/\/www.cleverfiles.com\/howto\/it\/editorial-guidelines.html"]}]},{"@type":"BreadcrumbList","@id":"https:\/\/www.cleverfiles.com\/howto\/it\/editorial-guidelines.html#breadcrumb","itemListElement":[{"@type":"ListItem","position":1,"name":"\u0413\u043b\u0430\u0432\u043d\u0430\u044f","item":"https:\/\/www.cleverfiles.com\/howto\/fr\/"},{"@type":"ListItem","position":2,"name":"Lignes directrices \u00e9ditoriales"}]},{"@type":"WebSite","@id":"https:\/\/www.cleverfiles.com\/howto\/#website","url":"https:\/\/www.cleverfiles.com\/howto\/","name":"Data recovery tips. Recover deleted files on Mac, Windows.","description":"","publisher":{"@id":"https:\/\/www.cleverfiles.com\/howto\/#organization"},"potentialAction":[{"@type":"SearchAction","target":{"@type":"EntryPoint","urlTemplate":"https:\/\/www.cleverfiles.com\/howto\/?s={search_term_string}"},"query-input":{"@type":"PropertyValueSpecification","valueRequired":true,"valueName":"search_term_string"}}],"inLanguage":"en-US"},{"@type":"Organization","@id":"https:\/\/www.cleverfiles.com\/howto\/#organization","name":"CleverFiles","url":"https:\/\/www.cleverfiles.com\/howto\/","logo":{"@type":"ImageObject","inLanguage":"en-US","@id":"https:\/\/www.cleverfiles.com\/howto\/#\/schema\/logo\/image\/","url":"https:\/\/www.cleverfiles.com\/howto\/wp-content\/uploads\/2021\/07\/dd-mac-1024-flat.png","contentUrl":"https:\/\/www.cleverfiles.com\/howto\/wp-content\/uploads\/2021\/07\/dd-mac-1024-flat.png","width":512,"height":512,"caption":"CleverFiles"},"image":{"@id":"https:\/\/www.cleverfiles.com\/howto\/#\/schema\/logo\/image\/"},"sameAs":["https:\/\/x.com\/Cleverfiles"]}]}},"_links":{"self":[{"href":"https:\/\/www.cleverfiles.com\/howto\/wp-json\/wp\/v2\/pages\/53008","targetHints":{"allow":["GET"]}}],"collection":[{"href":"https:\/\/www.cleverfiles.com\/howto\/wp-json\/wp\/v2\/pages"}],"about":[{"href":"https:\/\/www.cleverfiles.com\/howto\/wp-json\/wp\/v2\/types\/page"}],"author":[{"embeddable":true,"href":"https:\/\/www.cleverfiles.com\/howto\/wp-json\/wp\/v2\/users\/7864"}],"replies":[{"embeddable":true,"href":"https:\/\/www.cleverfiles.com\/howto\/wp-json\/wp\/v2\/comments?post=53008"}],"version-history":[{"count":1,"href":"https:\/\/www.cleverfiles.com\/howto\/wp-json\/wp\/v2\/pages\/53008\/revisions"}],"predecessor-version":[{"id":53011,"href":"https:\/\/www.cleverfiles.com\/howto\/wp-json\/wp\/v2\/pages\/53008\/revisions\/53011"}],"wp:attachment":[{"href":"https:\/\/www.cleverfiles.com\/howto\/wp-json\/wp\/v2\/media?parent=53008"}],"curies":[{"name":"wp","href":"https:\/\/api.w.org\/{rel}","templated":true}]}}