{"id":52891,"date":"2025-01-28T16:29:43","date_gmt":"2025-01-28T16:29:43","guid":{"rendered":"https:\/\/www.cleverfiles.com\/howto\/?page_id=52891"},"modified":"2025-01-28T16:29:43","modified_gmt":"2025-01-28T16:29:43","slug":"equipe-editoriale","status":"publish","type":"page","link":"https:\/\/www.cleverfiles.com\/howto\/fr\/editorial-team.html","title":{"rendered":"\u00c9quipe \u00e9ditoriale"},"content":{"rendered":"<p>Nous sommes une \u00e9quipe passionn\u00e9e de professionnels du logiciel, de la technologie et de la r\u00e9cup\u00e9ration de donn\u00e9es. Ensemble, nous nous engageons \u00e0 dissiper les incertitudes entourant la perte et la r\u00e9cup\u00e9ration de donn\u00e9es en vous proposant un contenu fond\u00e9 sur des recherches approfondies, vous permettant ainsi d\u2019aborder de front les d\u00e9fis li\u00e9s \u00e0 la perte de donn\u00e9es.<\/p>","protected":false},"excerpt":{"rendered":"Nous sommes une \u00e9quipe passionn\u00e9e de professionnels du logiciel, de la technologie et de la r\u00e9cup\u00e9ration de donn\u00e9es. Ensemble, nous nous engageons \u00e0 dissiper les incertitudes entourant la perte et la r\u00e9cup\u00e9ration de donn\u00e9es en vous proposant un contenu fond\u00e9&#8230;","protected":false},"author":7864,"featured_media":0,"parent":0,"menu_order":0,"comment_status":"closed","ping_status":"closed","template":"authors.php","meta":{"_acf_changed":false,"footnotes":""},"class_list":["post-52891","page","type-page","status-publish"],"acf":[],"yoast_head":"<!-- This site is optimized with the Yoast SEO plugin v26.3 - https:\/\/yoast.com\/wordpress\/plugins\/seo\/ -->\n<title>\u00c9quipe \u00e9ditoriale - Data recovery tips. Recover deleted files on Mac, Windows.<\/title>\n<meta name=\"description\" content=\"D\u00e9couvrez l\u2019\u00e9quipe d\u00e9di\u00e9e d\u2019experts en r\u00e9cup\u00e9ration de donn\u00e9es dont la mission est de vous guider \u00e0 travers les complexit\u00e9s de la perte et de la r\u00e9cup\u00e9ration de donn\u00e9es.\" \/>\n<meta name=\"robots\" content=\"index, follow, max-snippet:-1, max-image-preview:large, max-video-preview:-1\" \/>\n<link rel=\"canonical\" href=\"https:\/\/www.cleverfiles.com\/howto\/fr\/editorial-team.html\" \/>\n<meta property=\"og:locale\" content=\"en_US\" \/>\n<meta property=\"og:type\" content=\"article\" \/>\n<meta property=\"og:title\" content=\"\u00c9quipe \u00e9ditoriale - Data recovery tips. Recover deleted files on Mac, Windows.\" \/>\n<meta property=\"og:description\" content=\"D\u00e9couvrez l\u2019\u00e9quipe d\u00e9di\u00e9e d\u2019experts en r\u00e9cup\u00e9ration de donn\u00e9es dont la mission est de vous guider \u00e0 travers les complexit\u00e9s de la perte et de la r\u00e9cup\u00e9ration de donn\u00e9es.\" \/>\n<meta property=\"og:url\" content=\"https:\/\/www.cleverfiles.com\/howto\/fr\/editorial-team.html\" \/>\n<meta property=\"og:site_name\" content=\"Data recovery tips. Recover deleted files on Mac, Windows.\" \/>\n<meta property=\"og:image\" content=\"https:\/\/www.cleverfiles.com\/howto\/wp-content\/uploads\/2020\/07\/og-cleverfiles.jpg\" \/>\n\t<meta property=\"og:image:width\" content=\"1200\" \/>\n\t<meta property=\"og:image:height\" content=\"630\" \/>\n\t<meta property=\"og:image:type\" content=\"image\/jpeg\" \/>\n<meta name=\"twitter:card\" content=\"summary_large_image\" \/>\n<meta name=\"twitter:title\" content=\"Data recovery tips. Recover deleted files on Mac, Windows.\" \/>\n<meta name=\"twitter:description\" content=\"D\u00e9couvrez l\u2019\u00e9quipe d\u00e9di\u00e9e d\u2019experts en r\u00e9cup\u00e9ration de donn\u00e9es dont la mission est de vous guider \u00e0 travers les complexit\u00e9s de la perte et de la r\u00e9cup\u00e9ration de donn\u00e9es.\" \/>\n<meta name=\"twitter:site\" content=\"@Cleverfiles\" \/>\n<meta name=\"twitter:label1\" content=\"Est. reading time\" \/>\n\t<meta name=\"twitter:data1\" content=\"1 minute\" \/>\n<!-- \/ Yoast SEO plugin. -->","yoast_head_json":{"title":"\u00c9quipe \u00e9ditoriale - Data recovery tips. Recover deleted files on Mac, Windows.","description":"D\u00e9couvrez l\u2019\u00e9quipe d\u00e9di\u00e9e d\u2019experts en r\u00e9cup\u00e9ration de donn\u00e9es dont la mission est de vous guider \u00e0 travers les complexit\u00e9s de la perte et de la r\u00e9cup\u00e9ration de donn\u00e9es.","robots":{"index":"index","follow":"follow","max-snippet":"max-snippet:-1","max-image-preview":"max-image-preview:large","max-video-preview":"max-video-preview:-1"},"canonical":"https:\/\/www.cleverfiles.com\/howto\/fr\/editorial-team.html","og_locale":"en_US","og_type":"article","og_title":"\u00c9quipe \u00e9ditoriale - Data recovery tips. Recover deleted files on Mac, Windows.","og_description":"D\u00e9couvrez l\u2019\u00e9quipe d\u00e9di\u00e9e d\u2019experts en r\u00e9cup\u00e9ration de donn\u00e9es dont la mission est de vous guider \u00e0 travers les complexit\u00e9s de la perte et de la r\u00e9cup\u00e9ration de donn\u00e9es.","og_url":"https:\/\/www.cleverfiles.com\/howto\/fr\/editorial-team.html","og_site_name":"Data recovery tips. Recover deleted files on Mac, Windows.","og_image":[{"width":1200,"height":630,"url":"https:\/\/www.cleverfiles.com\/howto\/wp-content\/uploads\/2020\/07\/og-cleverfiles.jpg","type":"image\/jpeg"}],"twitter_card":"summary_large_image","twitter_title":"Data recovery tips. Recover deleted files on Mac, Windows.","twitter_description":"D\u00e9couvrez l\u2019\u00e9quipe d\u00e9di\u00e9e d\u2019experts en r\u00e9cup\u00e9ration de donn\u00e9es dont la mission est de vous guider \u00e0 travers les complexit\u00e9s de la perte et de la r\u00e9cup\u00e9ration de donn\u00e9es.","twitter_site":"@Cleverfiles","twitter_misc":{"Est. reading time":"1 minute"},"schema":{"@context":"https:\/\/schema.org","@graph":[{"@type":"WebPage","@id":"https:\/\/www.cleverfiles.com\/howto\/fr\/editorial-team.html","url":"https:\/\/www.cleverfiles.com\/howto\/fr\/editorial-team.html","name":"\u00c9quipe \u00e9ditoriale - Data recovery tips. Recover deleted files on Mac, Windows.","isPartOf":{"@id":"https:\/\/www.cleverfiles.com\/howto\/#website"},"datePublished":"2025-01-28T16:29:43+00:00","description":"D\u00e9couvrez l\u2019\u00e9quipe d\u00e9di\u00e9e d\u2019experts en r\u00e9cup\u00e9ration de donn\u00e9es dont la mission est de vous guider \u00e0 travers les complexit\u00e9s de la perte et de la r\u00e9cup\u00e9ration de donn\u00e9es.","breadcrumb":{"@id":"https:\/\/www.cleverfiles.com\/howto\/fr\/editorial-team.html#breadcrumb"},"inLanguage":"en-US","potentialAction":[{"@type":"ReadAction","target":["https:\/\/www.cleverfiles.com\/howto\/fr\/editorial-team.html"]}]},{"@type":"BreadcrumbList","@id":"https:\/\/www.cleverfiles.com\/howto\/fr\/editorial-team.html#breadcrumb","itemListElement":[{"@type":"ListItem","position":1,"name":"\u0413\u043b\u0430\u0432\u043d\u0430\u044f","item":"https:\/\/www.cleverfiles.com\/howto\/fr\/"},{"@type":"ListItem","position":2,"name":"\u00c9quipe \u00e9ditoriale"}]},{"@type":"WebSite","@id":"https:\/\/www.cleverfiles.com\/howto\/#website","url":"https:\/\/www.cleverfiles.com\/howto\/","name":"Data recovery tips. Recover deleted files on Mac, Windows.","description":"","publisher":{"@id":"https:\/\/www.cleverfiles.com\/howto\/#organization"},"potentialAction":[{"@type":"SearchAction","target":{"@type":"EntryPoint","urlTemplate":"https:\/\/www.cleverfiles.com\/howto\/?s={search_term_string}"},"query-input":{"@type":"PropertyValueSpecification","valueRequired":true,"valueName":"search_term_string"}}],"inLanguage":"en-US"},{"@type":"Organization","@id":"https:\/\/www.cleverfiles.com\/howto\/#organization","name":"CleverFiles","url":"https:\/\/www.cleverfiles.com\/howto\/","logo":{"@type":"ImageObject","inLanguage":"en-US","@id":"https:\/\/www.cleverfiles.com\/howto\/#\/schema\/logo\/image\/","url":"https:\/\/www.cleverfiles.com\/howto\/wp-content\/uploads\/2021\/07\/dd-mac-1024-flat.png","contentUrl":"https:\/\/www.cleverfiles.com\/howto\/wp-content\/uploads\/2021\/07\/dd-mac-1024-flat.png","width":512,"height":512,"caption":"CleverFiles"},"image":{"@id":"https:\/\/www.cleverfiles.com\/howto\/#\/schema\/logo\/image\/"},"sameAs":["https:\/\/x.com\/Cleverfiles"]}]}},"_links":{"self":[{"href":"https:\/\/www.cleverfiles.com\/howto\/wp-json\/wp\/v2\/pages\/52891","targetHints":{"allow":["GET"]}}],"collection":[{"href":"https:\/\/www.cleverfiles.com\/howto\/wp-json\/wp\/v2\/pages"}],"about":[{"href":"https:\/\/www.cleverfiles.com\/howto\/wp-json\/wp\/v2\/types\/page"}],"author":[{"embeddable":true,"href":"https:\/\/www.cleverfiles.com\/howto\/wp-json\/wp\/v2\/users\/7864"}],"replies":[{"embeddable":true,"href":"https:\/\/www.cleverfiles.com\/howto\/wp-json\/wp\/v2\/comments?post=52891"}],"version-history":[{"count":2,"href":"https:\/\/www.cleverfiles.com\/howto\/wp-json\/wp\/v2\/pages\/52891\/revisions"}],"predecessor-version":[{"id":52893,"href":"https:\/\/www.cleverfiles.com\/howto\/wp-json\/wp\/v2\/pages\/52891\/revisions\/52893"}],"wp:attachment":[{"href":"https:\/\/www.cleverfiles.com\/howto\/wp-json\/wp\/v2\/media?parent=52891"}],"curies":[{"name":"wp","href":"https:\/\/api.w.org\/{rel}","templated":true}]}}