{"id":52889,"date":"2025-01-28T15:56:21","date_gmt":"2025-01-28T15:56:21","guid":{"rendered":"https:\/\/www.cleverfiles.com\/howto\/?page_id=52889"},"modified":"2025-01-28T15:56:21","modified_gmt":"2025-01-28T15:56:21","slug":"directives-editoriales","status":"publish","type":"page","link":"https:\/\/www.cleverfiles.com\/howto\/fr\/editorial-guidelines.html","title":{"rendered":"Directives \u00e9ditoriales"},"content":{"rendered":"<p>Chaque jour, des millions de personnes \u00e0 travers le monde sont confront\u00e9es \u00e0 une multitude de probl\u00e8mes li\u00e9s \u00e0 la technologie. Ceux-ci vont de la perte de donn\u00e9es caus\u00e9e par des pannes mat\u00e9rielles, des bugs logiciels ou une suppression accidentelle, jusqu\u2019\u00e0 la recherche d\u2019avis fiables, d\u2019\u00e9valuations et de recommandations de logiciels alternatifs.<\/p>\r\n<p>Chez Cleverfiles, nous comprenons la panique, la frustration et les d\u00e9sagr\u00e9ments que cela engendre. Nous savons \u00e9galement \u00e0 quel point il peut \u00eatre difficile de trouver en ligne des informations fiables qui r\u00e9pondent \u00e0 ces besoins vari\u00e9s. C\u2019est pourquoi nous nous engageons \u00e0 nous d\u00e9marquer et \u00e0 \u00eatre votre source de confiance pour tout ce qui concerne la technologie, les logiciels et la r\u00e9cup\u00e9ration de donn\u00e9es.<\/p>\r\n<p>Nos Directives \u00e9ditoriales d\u00e9crivent notre approche minutieuse de la cr\u00e9ation de contenu et la mani\u00e8re dont elle s\u2019aligne sur notre engagement continu en faveur de la transparence et de l\u2019exactitude. Cet engagement couvre l\u2019ensemble de nos contenus, y compris les articles sur la r\u00e9cup\u00e9ration de donn\u00e9es, les critiques de logiciels et les guides technologiques. Pour en savoir plus sur l\u2019\u00e9quipe responsable de cet engagement, visitez notre <a href=\"\/howto\/fr\/editorial-team.html\">page d\u00e9di\u00e9e \u00e0 l\u2019\u00e9quipe \u00e9ditoriale<\/a>. En vous offrant cet aper\u00e7u d\u00e9taill\u00e9, nous souhaitons vous faire comprendre le soin, l\u2019effort et la diligence que nous investissons dans notre travail. Nous esp\u00e9rons ainsi renforcer votre confiance en nous comme source privil\u00e9gi\u00e9e de guides et de solutions fiables et utiles.<\/p>\r\n<h2><span class=\"ez-toc-section\" id=\"notre_mission\"><\/span>Notre mission<span class=\"ez-toc-section-end\"><\/span><\/h2>\r\n<p>Dans un monde de plus en plus domin\u00e9 par les donn\u00e9es et la technologie, notre mission chez Cleverfiles est globale et essentielle\u00a0: fournir des guides, des critiques et des recommandations de haute qualit\u00e9 et fiables, afin de dissiper le stress et la confusion li\u00e9s non seulement \u00e0 la perte et \u00e0 la r\u00e9cup\u00e9ration de donn\u00e9es, mais aussi \u00e0 tout ce qui touche aux logiciels et \u00e0 la technologie.<\/p>\r\n<p>Notre engagement est de cr\u00e9er et de proposer un contenu aussi utile et pr\u00e9cis que possible, afin de vous permettre, \u00e0 vous, nos lecteurs, de disposer d\u2019une gamme vari\u00e9e de solutions test\u00e9es et fiables, ainsi que d\u2019informations pertinentes dans divers domaines logiciels et technologiques. Nous sommes fiers de vous apporter de la valeur dans chaque mot que nous \u00e9crivons, avec des articles con\u00e7us pour vous donner la confiance n\u00e9cessaire non seulement pour faire face \u00e0 une perte de donn\u00e9es, mais aussi pour naviguer dans l\u2019ensemble de l\u2019univers num\u00e9rique en toute s\u00e9r\u00e9nit\u00e9.<\/p>\r\n<h2><span class=\"ez-toc-section\" id=\"pourquoi_vous_pouvez_nous_faire_confiance\"><\/span>Pourquoi vous pouvez nous faire confiance<span class=\"ez-toc-section-end\"><\/span><\/h2>\r\n<p>Lorsqu\u2019il s\u2019agit de relever des d\u00e9fis num\u00e9riques importants \u2013 qu\u2019il s\u2019agisse de r\u00e9cup\u00e9rer des donn\u00e9es perdues, de choisir un logiciel ou de comprendre un nouveau concept technologique \u2013 la derni\u00e8re chose que vous souhaitez est de vous fier \u00e0 des m\u00e9thodes ou des sources non \u00e9prouv\u00e9es. C\u2019est l\u00e0 que l\u2019engagement de Cleverfiles en mati\u00e8re de fiabilit\u00e9 entre en jeu. Voici ce que cela implique\u00a0:<\/p>\r\n<ul>\r\n\t<li>&#x1f50e; <b>Recherche approfondie sur chaque sujet\u00a0:<\/b> Nous menons une recherche pouss\u00e9e et m\u00e9thodique pour chaque sujet que nous abordons. Cette recherche rigoureuse nous permet de comprendre tous les aspects du probl\u00e8me et de vous proposer une vision globale de la situation et de ses solutions potentielles.<\/li>\r\n\t<li>&#x1f9ea; <b>Tests pratiques\u00a0:<\/b> Notre \u00e9quipe d\u2019experts en technologie, logiciels et r\u00e9cup\u00e9ration de donn\u00e9es effectue des tests concrets de toutes les m\u00e9thodes et approches dont nous discutons dans les guides, les critiques et les \u00e9valuations publi\u00e9s sur le site de Cleverfiles. Nous sommes convaincus que seules les m\u00e9thodes \u00e9prouv\u00e9es offrent les solutions les plus fiables.<\/li>\r\n\t<li>&#x1f9d1;&#x200d;&#x1f4bb; <b>Supervision professionnelle\u00a0:<\/b> Les connaissances et l\u2019exp\u00e9rience de nos r\u00e9dacteurs sp\u00e9cialis\u00e9s dans diff\u00e9rents domaines technologiques guident le processus de cr\u00e9ation de contenu. Mais nous ne nous arr\u00eatons pas l\u00e0. Chaque guide et chaque conseil font l\u2019objet d\u2019une v\u00e9rification par d\u2019autres professionnels du logiciel et de la technologie. Cette double v\u00e9rification est notre fa\u00e7on de nous assurer que vous ne recevez que des informations exactes et fiables.<\/li>\r\n\t<li>&#x1f916; <b>Uniquement du contenu r\u00e9dig\u00e9 par des humains\u00a0:<\/b> Tous les contenus pr\u00e9sents sur le site de Cleverfiles sont cr\u00e9\u00e9s par de vrais auteurs, et non par une IA. Notre \u00e9quipe est compos\u00e9e de r\u00e9dacteurs exp\u00e9riment\u00e9s, sp\u00e9cialis\u00e9s dans les sujets li\u00e9s \u00e0 la technologie. Leurs voix authentiques et leur expertise personnelle donnent vie \u00e0 nos articles.<\/li>\r\n\t<li>&#x1f6ab; <b>Pas de promotions payantes\u00a0:<\/b> Nous sommes in\u00e9branlables quant \u00e0 notre engagement envers l\u2019objectivit\u00e9. Les guides et \u00e9valuations de Cleverfiles reposent uniquement sur nos exp\u00e9riences personnelles et nos tests rigoureux, et non sur des promotions ou des contenus sponsoris\u00e9s. Nous estimons que cette int\u00e9grit\u00e9 est essentielle pour gagner et conserver votre confiance.<\/li>\r\n\t<li>&#x2696;&#xfe0f; <b>\u00c9valuations impartiales\u00a0:<\/b> Notre engagement en faveur de l\u2019\u00e9quit\u00e9 signifie que nous sugg\u00e9rons des solutions en fonction de leur utilit\u00e9 r\u00e9elle pour vous, sans influence de facteurs externes ou de partis pris. Nous examinons chaque outil, logiciel ou m\u00e9thode en fonction de ses performances, de sa fiabilit\u00e9 et de sa facilit\u00e9 d\u2019utilisation.<\/li>\r\n\t<li>&#x1f4e3; <b>Commentaires des utilisateurs\u00a0:<\/b> Vos retours comptent pour nous. C\u2019est pourquoi nous accordons une grande attention \u00e0 ce que nos lecteurs ont \u00e0 dire. En tenant compte de vos avis, nous pouvons maintenir un contenu exact, \u00e0 jour et adapt\u00e9 \u00e0 vos besoins.<\/li>\r\n<\/ul>\r\n<p>Gr\u00e2ce \u00e0 ces mesures rigoureuses, notre contenu va au-del\u00e0 du simple aspect informatif\u00a0: il est fiable et digne de confiance.<\/p>\r\n<h2><span class=\"ez-toc-section\" id=\"lapproche_cleverfiles_notre_processus_de_creation_de_guides\"><\/span>L\u2019approche Cleverfiles\u00a0: notre processus de cr\u00e9ation de guides<span class=\"ez-toc-section-end\"><\/span><\/h2>\r\n<p>Nous croyons en une approche rigoureuse et compl\u00e8te pour la cr\u00e9ation de guides pratiques, de critiques et pour vous fournir un contenu de haute qualit\u00e9 et fiable. Voici les sept \u00e9tapes de notre processus de cr\u00e9ation de contenu.<\/p>\r\n<ol>\r\n\t<li><b>Identification du probl\u00e8me\u00a0:<\/b> La premi\u00e8re \u00e9tape consiste \u00e0 identifier un sujet, un probl\u00e8me ou un point de difficult\u00e9. Souvent, cela d\u00e9coule de l\u2019\u00e9coute de nos utilisateurs et de la compr\u00e9hension des questions ou difficult\u00e9s qu\u2019ils rencontrent en mati\u00e8re de r\u00e9cup\u00e9ration de donn\u00e9es, de logiciels et de technologie. Nous explorons \u00e9galement Internet \u00e0 la recherche de questions sans r\u00e9ponse ou de probl\u00e8mes communs pour lesquels il manque une solution compl\u00e8te.<\/li>\r\n\t<li><b>Recherche approfondie\u00a0:<\/b> Une fois le sujet ou le probl\u00e8me identifi\u00e9, l\u2019\u00e9quipe Cleverfiles se lance dans une recherche exhaustive pour d\u00e9couvrir toutes les solutions possibles ou \u00e9valuer des produits et des logiciels. Nous examinons le sujet sous tous les angles, sans rien n\u00e9gliger. Cette \u00e9tape peut prendre beaucoup de temps, car nous plongeons dans des documents techniques, des forums, la litt\u00e9rature du secteur et d\u2019autres sources pour rassembler toutes les informations pertinentes.<\/li>\r\n\t<li><b>Tests et v\u00e9rification\u00a0:<\/b> La phase de recherche est suivie d\u2019une phase de tests rigoureux. Nous mettons chaque solution ou logiciel potentiel \u00e0 l\u2019\u00e9preuve pour en d\u00e9terminer l\u2019efficacit\u00e9. Ainsi, seuls les m\u00e9thodes v\u00e9rifi\u00e9es et les produits tr\u00e8s bien not\u00e9s figurent dans nos guides et nos critiques.<\/li>\r\n\t<li><b>R\u00e9daction\u00a0:<\/b> Notre \u00e9quipe de r\u00e9dacteurs experts dans diff\u00e9rents domaines technologiques r\u00e9dige ensuite un guide ou une critique d\u00e9taill\u00e9(e) et facile \u00e0 comprendre, bas\u00e9(e) sur les m\u00e9thodes ou produits efficaces que nous avons identifi\u00e9s. Notre style d\u2019\u00e9criture est concis, captivant et con\u00e7u pour \u00eatre accessible, m\u00eame pour les sujets complexes.<\/li>\r\n\t<li><b>Relecture par des experts\u00a0:<\/b> Chaque guide fait l\u2019objet d\u2019une relecture m\u00e9ticuleuse par un expert technologique senior et un r\u00e9dacteur senior. L\u2019expert v\u00e9rifie l\u2019exactitude et la clart\u00e9 du contenu, apportant ainsi une couche suppl\u00e9mentaire de contr\u00f4le qualit\u00e9.<\/li>\r\n\t<li><b>Publication\u00a0:<\/b> Une fois toutes les v\u00e9rifications termin\u00e9es, nous publions le guide sur notre site. Une nouvelle v\u00e9rification est alors effectu\u00e9e pour \u00e9liminer les fautes de frappe ou autres erreurs. Nous assurons \u00e9galement une mise en page soign\u00e9e pour vous offrir une exp\u00e9rience de lecture fluide et agr\u00e9able.<\/li>\r\n\t<li><b>Mises \u00e0 jour continues\u00a0:<\/b> Le monde num\u00e9rique \u00e9volue sans cesse, et nous aussi. L\u2019\u00e9quipe Cleverfiles revient r\u00e9guli\u00e8rement sur nos contenus afin de les actualiser avec les derni\u00e8res d\u00e9couvertes et avanc\u00e9es. Vous disposez ainsi en permanence d\u2019informations pertinentes et \u00e0 jour.<\/li>\r\n<\/ol>\r\n<p>Ce processus minutieux, tel que d\u00e9crit ci-dessus, refl\u00e8te notre mission de vous aider \u00e0 naviguer dans le monde complexe de la technologie avec facilit\u00e9 et confiance.<\/p>\r\n<h2><span class=\"ez-toc-section\" id=\"vos_suggestions_comptent\"><\/span>Vos suggestions comptent<span class=\"ez-toc-section-end\"><\/span><\/h2>\r\n<p>Chez Cleverfiles, nous accordons une grande valeur \u00e0 ce que vous, chers lecteurs, avez \u00e0 nous dire. Vos suggestions, vos questions, vos pr\u00e9occupations\u00a0: tout cela joue un r\u00f4le d\u00e9terminant dans l\u2019orientation de nos contenus.<\/p>\r\n<p>Alors, que vous ayez constat\u00e9 un probl\u00e8me non r\u00e9solu, une suggestion de nouveau sujet ou que vous souhaitiez partager votre exp\u00e9rience avec une m\u00e9thode de r\u00e9cup\u00e9ration particuli\u00e8re, <a href=\"\/fr\/contacts.html\">nous sommes \u00e0 votre \u00e9coute<\/a>.<\/p>","protected":false},"excerpt":{"rendered":"Chaque jour, des millions de personnes \u00e0 travers le monde sont confront\u00e9es \u00e0 une multitude de probl\u00e8mes li\u00e9s \u00e0 la technologie. Ceux-ci vont de la perte de donn\u00e9es caus\u00e9e par des pannes mat\u00e9rielles, des bugs logiciels ou une suppression accidentelle,&#8230;","protected":false},"author":7864,"featured_media":0,"parent":0,"menu_order":0,"comment_status":"closed","ping_status":"closed","template":"page-simple.php","meta":{"_acf_changed":false,"footnotes":""},"class_list":["post-52889","page","type-page","status-publish"],"acf":[],"yoast_head":"<!-- This site is optimized with the Yoast SEO plugin v26.3 - https:\/\/yoast.com\/wordpress\/plugins\/seo\/ -->\n<title>Directives \u00e9ditoriales - Data recovery tips. Recover deleted files on Mac, Windows.<\/title>\n<meta name=\"robots\" content=\"index, follow, max-snippet:-1, max-image-preview:large, max-video-preview:-1\" \/>\n<link rel=\"canonical\" href=\"https:\/\/www.cleverfiles.com\/howto\/fr\/editorial-guidelines.html\" \/>\n<meta property=\"og:locale\" content=\"en_US\" \/>\n<meta property=\"og:type\" content=\"article\" \/>\n<meta property=\"og:title\" content=\"Directives \u00e9ditoriales - Data recovery tips. Recover deleted files on Mac, Windows.\" \/>\n<meta property=\"og:description\" content=\"Chaque jour, des millions de personnes \u00e0 travers le monde sont confront\u00e9es \u00e0 une multitude de probl\u00e8mes li\u00e9s \u00e0 la technologie. Ceux-ci vont de la perte de donn\u00e9es caus\u00e9e par des pannes mat\u00e9rielles, des bugs logiciels ou une suppression accidentelle,...\" \/>\n<meta property=\"og:url\" content=\"https:\/\/www.cleverfiles.com\/howto\/fr\/editorial-guidelines.html\" \/>\n<meta property=\"og:site_name\" content=\"Data recovery tips. Recover deleted files on Mac, Windows.\" \/>\n<meta property=\"og:image\" content=\"https:\/\/www.cleverfiles.com\/howto\/wp-content\/uploads\/2020\/07\/og-cleverfiles.jpg\" \/>\n\t<meta property=\"og:image:width\" content=\"1200\" \/>\n\t<meta property=\"og:image:height\" content=\"630\" \/>\n\t<meta property=\"og:image:type\" content=\"image\/jpeg\" \/>\n<meta name=\"twitter:card\" content=\"summary_large_image\" \/>\n<meta name=\"twitter:title\" content=\"Data recovery tips. Recover deleted files on Mac, Windows.\" \/>\n<meta name=\"twitter:site\" content=\"@Cleverfiles\" \/>\n<meta name=\"twitter:label1\" content=\"Est. reading time\" \/>\n\t<meta name=\"twitter:data1\" content=\"6 minutes\" \/>\n<!-- \/ Yoast SEO plugin. -->","yoast_head_json":{"title":"Directives \u00e9ditoriales - Data recovery tips. Recover deleted files on Mac, Windows.","robots":{"index":"index","follow":"follow","max-snippet":"max-snippet:-1","max-image-preview":"max-image-preview:large","max-video-preview":"max-video-preview:-1"},"canonical":"https:\/\/www.cleverfiles.com\/howto\/fr\/editorial-guidelines.html","og_locale":"en_US","og_type":"article","og_title":"Directives \u00e9ditoriales - Data recovery tips. Recover deleted files on Mac, Windows.","og_description":"Chaque jour, des millions de personnes \u00e0 travers le monde sont confront\u00e9es \u00e0 une multitude de probl\u00e8mes li\u00e9s \u00e0 la technologie. Ceux-ci vont de la perte de donn\u00e9es caus\u00e9e par des pannes mat\u00e9rielles, des bugs logiciels ou une suppression accidentelle,...","og_url":"https:\/\/www.cleverfiles.com\/howto\/fr\/editorial-guidelines.html","og_site_name":"Data recovery tips. Recover deleted files on Mac, Windows.","og_image":[{"width":1200,"height":630,"url":"https:\/\/www.cleverfiles.com\/howto\/wp-content\/uploads\/2020\/07\/og-cleverfiles.jpg","type":"image\/jpeg"}],"twitter_card":"summary_large_image","twitter_title":"Data recovery tips. Recover deleted files on Mac, Windows.","twitter_site":"@Cleverfiles","twitter_misc":{"Est. reading time":"6 minutes"},"schema":{"@context":"https:\/\/schema.org","@graph":[{"@type":"WebPage","@id":"https:\/\/www.cleverfiles.com\/howto\/fr\/editorial-guidelines.html","url":"https:\/\/www.cleverfiles.com\/howto\/fr\/editorial-guidelines.html","name":"Directives \u00e9ditoriales - Data recovery tips. Recover deleted files on Mac, Windows.","isPartOf":{"@id":"https:\/\/www.cleverfiles.com\/howto\/#website"},"datePublished":"2025-01-28T15:56:21+00:00","breadcrumb":{"@id":"https:\/\/www.cleverfiles.com\/howto\/fr\/editorial-guidelines.html#breadcrumb"},"inLanguage":"en-US","potentialAction":[{"@type":"ReadAction","target":["https:\/\/www.cleverfiles.com\/howto\/fr\/editorial-guidelines.html"]}]},{"@type":"BreadcrumbList","@id":"https:\/\/www.cleverfiles.com\/howto\/fr\/editorial-guidelines.html#breadcrumb","itemListElement":[{"@type":"ListItem","position":1,"name":"\u0413\u043b\u0430\u0432\u043d\u0430\u044f","item":"https:\/\/www.cleverfiles.com\/howto\/fr\/"},{"@type":"ListItem","position":2,"name":"Directives \u00e9ditoriales"}]},{"@type":"WebSite","@id":"https:\/\/www.cleverfiles.com\/howto\/#website","url":"https:\/\/www.cleverfiles.com\/howto\/","name":"Data recovery tips. Recover deleted files on Mac, Windows.","description":"","publisher":{"@id":"https:\/\/www.cleverfiles.com\/howto\/#organization"},"potentialAction":[{"@type":"SearchAction","target":{"@type":"EntryPoint","urlTemplate":"https:\/\/www.cleverfiles.com\/howto\/?s={search_term_string}"},"query-input":{"@type":"PropertyValueSpecification","valueRequired":true,"valueName":"search_term_string"}}],"inLanguage":"en-US"},{"@type":"Organization","@id":"https:\/\/www.cleverfiles.com\/howto\/#organization","name":"CleverFiles","url":"https:\/\/www.cleverfiles.com\/howto\/","logo":{"@type":"ImageObject","inLanguage":"en-US","@id":"https:\/\/www.cleverfiles.com\/howto\/#\/schema\/logo\/image\/","url":"https:\/\/www.cleverfiles.com\/howto\/wp-content\/uploads\/2021\/07\/dd-mac-1024-flat.png","contentUrl":"https:\/\/www.cleverfiles.com\/howto\/wp-content\/uploads\/2021\/07\/dd-mac-1024-flat.png","width":512,"height":512,"caption":"CleverFiles"},"image":{"@id":"https:\/\/www.cleverfiles.com\/howto\/#\/schema\/logo\/image\/"},"sameAs":["https:\/\/x.com\/Cleverfiles"]}]}},"_links":{"self":[{"href":"https:\/\/www.cleverfiles.com\/howto\/wp-json\/wp\/v2\/pages\/52889","targetHints":{"allow":["GET"]}}],"collection":[{"href":"https:\/\/www.cleverfiles.com\/howto\/wp-json\/wp\/v2\/pages"}],"about":[{"href":"https:\/\/www.cleverfiles.com\/howto\/wp-json\/wp\/v2\/types\/page"}],"author":[{"embeddable":true,"href":"https:\/\/www.cleverfiles.com\/howto\/wp-json\/wp\/v2\/users\/7864"}],"replies":[{"embeddable":true,"href":"https:\/\/www.cleverfiles.com\/howto\/wp-json\/wp\/v2\/comments?post=52889"}],"version-history":[{"count":2,"href":"https:\/\/www.cleverfiles.com\/howto\/wp-json\/wp\/v2\/pages\/52889\/revisions"}],"predecessor-version":[{"id":52896,"href":"https:\/\/www.cleverfiles.com\/howto\/wp-json\/wp\/v2\/pages\/52889\/revisions\/52896"}],"wp:attachment":[{"href":"https:\/\/www.cleverfiles.com\/howto\/wp-json\/wp\/v2\/media?parent=52889"}],"curies":[{"name":"wp","href":"https:\/\/api.w.org\/{rel}","templated":true}]}}