{"id":12906,"date":"2018-08-27T19:57:00","date_gmt":"2018-08-27T19:57:00","guid":{"rendered":"https:\/\/www.cleverfiles.com\/help\/?page_id=12906"},"modified":"2021-09-30T19:18:28","modified_gmt":"2021-09-30T19:18:28","slug":"ar","status":"publish","type":"page","link":"https:\/\/www.cleverfiles.com\/help\/ar\/","title":{"rendered":"Disk Drill for Mac and Windows &#8211; Help Center"},"content":{"rendered":"<h2><span class=\"ez-toc-section\" id=\"%d8%a5%d8%b5%d8%af%d8%a7%d8%b1%d8%a7%d8%aa_disk_drill\"><\/span>\u0625\u0635\u062f\u0627\u0631\u0627\u062a Disk Drill<span class=\"ez-toc-section-end\"><\/span><\/h2>\n<table>\n<tbody>\n<tr>\n<td><\/td>\n<td><a class=\"row_red\" title=\"Disk Drill 3.8.965 for macOS\" href=\"\/help\/disk-drill-mac-961.html\">February 2020: Disk Drill 3.8.965 for Mac released, speed improvements and quick &amp; smart scans exFAT optimizations<\/a><span class=\"tag\">macOS<\/span><\/td>\n<\/tr>\n<tr>\n<td><\/td>\n<td><a class=\"row_red\" title=\"Disk Drill 4.0.513 for Windows\" href=\"\/help\/disk-drill-windows-fat32-exfat-recovery.html\">February 2020: Disk Drill 4.0.513 for Windows. Brings Better Recovery Rates, Speed and Stability Improvements<\/a><span class=\"tag\">Windows<\/span><\/td>\n<\/tr>\n<\/tbody>\n<\/table>\n<p>&nbsp;<\/p>\n<h2><span class=\"ez-toc-section\" id=\"%d8%a3%d8%b3%d8%a6%d9%84%d8%a9_%d9%85%d8%aa%d9%83%d8%b1%d8%b1%d8%a9\"><\/span>\u0623\u0633\u0626\u0644\u0629 \u0645\u062a\u0643\u0631\u0631\u0629<span class=\"ez-toc-section-end\"><\/span><\/h2>\n<table>\n<tbody>\n<tr>\n<td><\/td>\n<td><a title=\"How to clean up your Mac for free with Disk Drill?\" href=\"\/help\/how-do-i-use-the-disk-space-visualization-feature\/\">How can I perform free disk clean up with Disk Drill for macOS?<\/a><span class=\"tag\">macOS<\/span><\/td>\n<\/tr>\n<tr>\n<td><\/td>\n<td><a title=\"What file types can Disk Drill recover?\" href=\"\/help\/file-types\/\">What file types can be recovered with Disk Drill?<\/a><\/td>\n<\/tr>\n<tr>\n<td><\/td>\n<td><a href=\"\/help\/duplicates-search\/\">What is the new &#8220;Find Duplicates&#8221; mode in Disk Drill 3 for macOS?<\/a><span class=\"tag\">macOS<\/span><\/td>\n<\/tr>\n<tr>\n<td><\/td>\n<td><a href=\"\/help\/troubleshooting-scan-results\/\">Why can&#8217;t I open the files I recovered?<\/a><\/td>\n<\/tr>\n<tr>\n<td><\/td>\n<td><a title=\"How to Uninstall Disk Drill\" href=\"\/help\/how-to-uninstall-disk-drill\/\">How can I remove Disk Drill from my Mac?<\/a><span class=\"tag\">macOS<\/span><\/td>\n<\/tr>\n<tr>\n<td><\/td>\n<td><a title=\"I Just Need One File \u2013 How Do I Find It?\" href=\"\/help\/i-just-need-one-file-how-do-i-find-it\/\">Can I recover a specific file with Disk Drill?<\/a><\/td>\n<\/tr>\n<tr>\n<td><\/td>\n<td><a title=\"How Can I Recover TXT Files?\" href=\"\/help\/how-can-i-recover-txt-files\/\">Can I recover TXT Files? Can Deep Scan help?<\/a><\/td>\n<\/tr>\n<tr>\n<td><\/td>\n<td><a title=\"Why don't my recovered files have their original names?\" href=\"\/help\/why-dont-my-recovered-files-have-their-original-names\/\">Why don&#8217;t my recovered files have their original names?<\/a><\/td>\n<\/tr>\n<\/tbody>\n<\/table>\n<p>&nbsp;<\/p>\n<h2><span class=\"ez-toc-section\" id=\"%d8%a7%d9%84%d9%85%d8%b2%d9%8a%d8%af_%d9%85%d9%86_%d8%a7%d9%84%d9%85%d8%b9%d8%b1%d9%81%d8%a9\"><\/span>\u0627\u0644\u0645\u0632\u064a\u062f \u0645\u0646 \u0627\u0644\u0645\u0639\u0631\u0641\u0629<span class=\"ez-toc-section-end\"><\/span><\/h2>\n<table>\n<tbody>\n<tr>\n<td><\/td>\n<td><a title=\"Scanning FAQ\" href=\"\/help\/scanning-faqs\/\">Scanning for deleted data &#8211; best practices<\/a><\/td>\n<\/tr>\n<tr>\n<td><\/td>\n<td><a title=\"How to Recover Lost Android Data\" href=\"\/help\/root-android-data-recovery\/\">Android recovery in Disk Drill for macOS<\/a><span class=\"tag\">macOS<\/span><\/td>\n<\/tr>\n<tr>\n<td><\/td>\n<td><a title=\"How to Use Recovery Vault and Guaranteed Recovery\" href=\"\/help\/how-to-use-recovery-vault-and-guaranteed-recovery\/\">How to use Recovery Vault and Guaranteed Recovery<\/a><\/td>\n<\/tr>\n<tr>\n<td><\/td>\n<td><a title=\"How to Upgrade from Disk Drill Basic to PRO\" href=\"\/help\/how-to-upgrade-from-disk-drill-basic-to-pro\/\">How to upgrade from Disk Drill Basic to PRO<\/a><\/td>\n<\/tr>\n<\/tbody>\n<\/table>\n<p>&nbsp;<\/p>\n<h2><span class=\"ez-toc-section\" id=\"%d8%a7%d9%84%d9%85%d8%b4%d8%a7%d8%b1%d9%83%d8%a7%d8%aa_%d8%a7%d9%84%d8%a7%d8%ae%d9%8a%d8%b1%d8%a9\"><\/span>\u0627\u0644\u0645\u0634\u0627\u0631\u0643\u0627\u062a \u0627\u0644\u0627\u062e\u064a\u0631\u0629<span class=\"ez-toc-section-end\"><\/span><\/h2>\n<table><tbody><tr><td><\/td><td><a title=\"Disk Drill PRO: \u0627\u0644\u0627\u0634\u062a\u0631\u0627\u0643 \u0627\u0644\u0633\u0646\u0648\u064a \u0648\u062a\u0631\u062e\u064a\u0635 \u0645\u062f\u0649 \u0627\u0644\u062d\u064a\u0627\u0629\" href=\"https:\/\/www.cleverfiles.com\/help\/ar\/disk-drill-pro-subscription.html\">Disk Drill PRO: \u0627\u0644\u0627\u0634\u062a\u0631\u0627\u0643 \u0627\u0644\u0633\u0646\u0648\u064a \u0648\u062a\u0631\u062e\u064a\u0635 \u0645\u062f\u0649 \u0627\u0644\u062d\u064a\u0627\u0629<\/a><\/td><\/tr><tr><td><\/td><td><a title=\"Disk Drill PRO: \uad6c\ub3c5 \ubc0f \ud3c9\uc0dd \ub77c\uc774\uc120\uc2a4\" href=\"https:\/\/www.cleverfiles.com\/help\/ko\/disk-drill-pro-subscription.html\">Disk Drill PRO: \uad6c\ub3c5 \ubc0f \ud3c9\uc0dd \ub77c\uc774\uc120\uc2a4<\/a><\/td><\/tr><tr><td><\/td><td><a title=\"Disk Drill PRO\uff1a\u8ba2\u9605\u4e0e\u7ec8\u8eab\u8bb8\u53ef\" href=\"https:\/\/www.cleverfiles.com\/help\/zh\/disk-drill-pro-subscription.html\">Disk Drill PRO\uff1a\u8ba2\u9605\u4e0e\u7ec8\u8eab\u8bb8\u53ef<\/a><\/td><\/tr><tr><td><\/td><td><a title=\"Disk Drill PRO\uff1a\u30b5\u30d6\u30b9\u30af\u30ea\u30d7\u30b7\u30e7\u30f3\u3068\u6c38\u4e45\u30e9\u30a4\u30bb\u30f3\u30b9\" href=\"https:\/\/www.cleverfiles.com\/help\/ja\/disk-drill-pro-subscription.html\">Disk Drill PRO\uff1a\u30b5\u30d6\u30b9\u30af\u30ea\u30d7\u30b7\u30e7\u30f3\u3068\u6c38\u4e45\u30e9\u30a4\u30bb\u30f3\u30b9<\/a><\/td><\/tr><tr><td><\/td><td><a title=\"Disk Drill PRO: Subscri\u00e7\u00e3o e Licen\u00e7a Vital\u00edcia\" href=\"https:\/\/www.cleverfiles.com\/help\/pt\/disk-drill-pro-subscription.html\">Disk Drill PRO: Subscri\u00e7\u00e3o e Licen\u00e7a Vital\u00edcia<\/a><\/td><\/tr><tr><td><\/td><td><a title=\"Disk Drill PRO: Abonnement und lebenslange Lizenz\" href=\"https:\/\/www.cleverfiles.com\/help\/de\/disk-drill-pro-subscription.html\">Disk Drill PRO: Abonnement und lebenslange Lizenz<\/a><\/td><\/tr><tr><td><\/td><td><a title=\"Abonnement et licence \u00e0 vie Disk Drill PRO\" href=\"https:\/\/www.cleverfiles.com\/help\/fr\/disk-drill-pro-subscription.html\">Abonnement et licence \u00e0 vie Disk Drill PRO<\/a><\/td><\/tr><tr><td><\/td><td><a title=\"Abbonamento e licenza a vita di Disk Drill PRO\" href=\"https:\/\/www.cleverfiles.com\/help\/it\/disk-drill-pro-subscription.html\">Abbonamento e licenza a vita di Disk Drill PRO<\/a><\/td><\/tr><tr><td><\/td><td><a title=\"Suscripci\u00f3n y licencia de por vida de Disk Drill PRO\" href=\"https:\/\/www.cleverfiles.com\/help\/es\/disk-drill-pro-subscription.html\">Suscripci\u00f3n y licencia de por vida de Disk Drill PRO<\/a><\/td><\/tr><tr><td><\/td><td><a title=\"Disk Drill PRO-abonnement & levenslange licentie\" href=\"https:\/\/www.cleverfiles.com\/help\/nl\/disk-drill-pro-subscription.html\">Disk Drill PRO-abonnement & levenslange licentie<\/a><\/td><\/tr><tr><td><\/td><td><a title=\"\u041f\u043e\u0434\u043f\u0438\u0441\u043a\u0430 \u0438 \u043f\u043e\u0436\u0438\u0437\u043d\u0435\u043d\u043d\u0430\u044f \u043b\u0438\u0446\u0435\u043d\u0437\u0438\u044f Disk Drill PRO\" href=\"https:\/\/www.cleverfiles.com\/help\/ru\/disk-drill-pro-subscription.html\">\u041f\u043e\u0434\u043f\u0438\u0441\u043a\u0430 \u0438 \u043f\u043e\u0436\u0438\u0437\u043d\u0435\u043d\u043d\u0430\u044f \u043b\u0438\u0446\u0435\u043d\u0437\u0438\u044f Disk Drill PRO<\/a><\/td><\/tr><tr><td><\/td><td><a title=\"Disk Drill Licensing Gets a Fresh Look\" href=\"https:\/\/www.cleverfiles.com\/help\/disk-drill-license-models-updated.html\">Disk Drill Licensing Gets a Fresh Look<\/a><\/td><\/tr><tr><td><\/td><td><a title=\"Disk Drill PRO Subscription & Lifetime License\" href=\"https:\/\/www.cleverfiles.com\/help\/disk-drill-pro-subscription.html\">Disk Drill PRO Subscription & Lifetime License<\/a><\/td><\/tr><tr><td><\/td><td><a title=\"How to Grant Full Disk Access and Allow App Background Activity for Disk Drill on macOS (Sonoma or later)\" href=\"https:\/\/www.cleverfiles.com\/help\/background-full-disk-access-mac.html\">How to Grant Full Disk Access and Allow App Background Activity for Disk Drill on macOS (Sonoma or later)<\/a><\/td><\/tr><tr><td><\/td><td><a title=\"A Few Thoughts on Digital Archeology\" href=\"https:\/\/www.cleverfiles.com\/help\/a-few-thoughts-on-digital-archeology\/\">A Few Thoughts on Digital Archeology<\/a><\/td><\/tr><tr><td><\/td><td><a title=\"&#x1f389; Disk Drill 6 is Here \u2013 The Must-Have Data Recovery App for macOS & Windows\" href=\"https:\/\/www.cleverfiles.com\/help\/disk-drill-6.html\">&#x1f389; Disk Drill 6 is Here \u2013 The Must-Have Data Recovery App for macOS & Windows<\/a><\/td><\/tr><tr><td><\/td><td><a title=\"Meet the New Advanced Camera Recovery Module in Disk Drill 6.0\" href=\"https:\/\/www.cleverfiles.com\/help\/advanced-camera-recovery-in-disk-drill.html\">Meet the New Advanced Camera Recovery Module in Disk Drill 6.0<\/a><\/td><\/tr><tr><td><\/td><td><a title=\"Clever Cleaner - CleverFiles Inc - Privacy Policy\" href=\"https:\/\/www.cleverfiles.com\/help\/clever-cleaner-privacy-policy.html\">Clever Cleaner - CleverFiles Inc - Privacy Policy<\/a><\/td><\/tr><tr><td><\/td><td><a title=\"Disk Drill and GoPro Recovery\" href=\"https:\/\/www.cleverfiles.com\/help\/disk-drill-and-gopro-recovery.html\">Disk Drill and GoPro Recovery<\/a><\/td><\/tr><tr><td><\/td><td><a title=\"&#x1f389; Disk Drill 5 \u2013 Just Released \u2013 An Essential App for macOS & Windows\" href=\"https:\/\/www.cleverfiles.com\/help\/disk-drill-5.html\">&#x1f389; Disk Drill 5 \u2013 Just Released \u2013 An Essential App for macOS & Windows<\/a><\/td><\/tr><\/tbody><\/table>\n","protected":false},"excerpt":{"rendered":"<p>\u0625\u0635\u062f\u0627\u0631\u0627\u062a Disk Drill February 2020: Disk Drill 3.8.965 for Mac released, speed improvements and quick &amp; smart scans exFAT optimizationsmacOS February 2020: Disk Drill 4.0.513 for Windows. Brings Better Recovery Rates, Speed and Stability ImprovementsWindows &nbsp; \u0623\u0633\u0626\u0644\u0629 \u0645\u062a\u0643\u0631\u0631\u0629 How can [&hellip;]<\/p>\n","protected":false},"author":1,"featured_media":0,"parent":0,"menu_order":0,"comment_status":"open","ping_status":"open","template":"","meta":{"_acf_changed":false,"footnotes":""},"class_list":["post-12906","page","type-page","status-publish"],"acf":[],"yoast_head":"<!-- This site is optimized with the Yoast SEO plugin v26.3 - https:\/\/yoast.com\/wordpress\/plugins\/seo\/ -->\n<title>\u0627\u0633\u062a\u0639\u0627\u062f\u0629 \u0627\u0644\u0628\u064a\u0627\u0646\u0627\u062a \u0644\u0646\u0638\u0627\u0645 \u062a\u0634\u063a\u064a\u0644 \u0645\u0627\u0643 \u0648\u0648\u064a\u0646\u062f\u0648\u0632. \u0645\u0631\u0643\u0632 \u0645\u0633\u0627\u0639\u062f\u0629 Disk Drill<\/title>\n<meta name=\"description\" content=\"Disk Drill \u0628\u0631\u0646\u0627\u0645\u062c \u0627\u0633\u062a\u0639\u0627\u062f\u0629 \u0627\u0644\u0628\u064a\u0627\u0646\u0627\u062a \u0645\u062a\u0648\u0641\u0631 \u0644\u0646\u0638\u0627\u0645 MacOS \u0648 Windows. \u062a\u0639\u0631\u0641 \u0639\u0644\u0649 \u0627\u0644\u0645\u0632\u064a\u062f \u062d\u0648\u0644 \u0627\u0633\u062a\u0639\u0627\u062f\u0629 \u0627\u0644\u0628\u064a\u0627\u0646\u0627\u062a \u0641\u064a \u0642\u0627\u0639\u062f\u0629 \u0627\u0644\u0645\u0639\u0631\u0641\u0629 \u0627\u0644\u0648\u0627\u0633\u0639\u0629 \u0627\u0644\u062e\u0627\u0635\u0629 \u0628\u0646\u0627. \u0627\u0644\u0623\u0633\u0626\u0644\u0629 \u0627\u0644\u0623\u0633\u0627\u0633\u064a\u0629 \u0648\u0627\u0644\u0645\u062a\u0642\u062f\u0645\u0629.\" \/>\n<meta name=\"robots\" content=\"index, follow, max-snippet:-1, max-image-preview:large, max-video-preview:-1\" \/>\n<link rel=\"canonical\" href=\"https:\/\/www.cleverfiles.com\/help\/ar\/\" \/>\n<meta property=\"og:locale\" content=\"en_US\" \/>\n<meta property=\"og:type\" content=\"article\" \/>\n<meta property=\"og:title\" content=\"\u0627\u0633\u062a\u0639\u0627\u062f\u0629 \u0627\u0644\u0628\u064a\u0627\u0646\u0627\u062a \u0644\u0646\u0638\u0627\u0645 \u062a\u0634\u063a\u064a\u0644 \u0645\u0627\u0643 \u0648\u0648\u064a\u0646\u062f\u0648\u0632. \u0645\u0631\u0643\u0632 \u0645\u0633\u0627\u0639\u062f\u0629 Disk Drill\" \/>\n<meta property=\"og:description\" content=\"Disk Drill \u0628\u0631\u0646\u0627\u0645\u062c \u0627\u0633\u062a\u0639\u0627\u062f\u0629 \u0627\u0644\u0628\u064a\u0627\u0646\u0627\u062a \u0645\u062a\u0648\u0641\u0631 \u0644\u0646\u0638\u0627\u0645 MacOS \u0648 Windows. \u062a\u0639\u0631\u0641 \u0639\u0644\u0649 \u0627\u0644\u0645\u0632\u064a\u062f \u062d\u0648\u0644 \u0627\u0633\u062a\u0639\u0627\u062f\u0629 \u0627\u0644\u0628\u064a\u0627\u0646\u0627\u062a \u0641\u064a \u0642\u0627\u0639\u062f\u0629 \u0627\u0644\u0645\u0639\u0631\u0641\u0629 \u0627\u0644\u0648\u0627\u0633\u0639\u0629 \u0627\u0644\u062e\u0627\u0635\u0629 \u0628\u0646\u0627. \u0627\u0644\u0623\u0633\u0626\u0644\u0629 \u0627\u0644\u0623\u0633\u0627\u0633\u064a\u0629 \u0648\u0627\u0644\u0645\u062a\u0642\u062f\u0645\u0629.\" \/>\n<meta property=\"og:url\" content=\"https:\/\/www.cleverfiles.com\/help\/ar\/\" \/>\n<meta property=\"og:site_name\" content=\"Mac Data Recovery\" \/>\n<meta property=\"article:modified_time\" content=\"2021-09-30T19:18:28+00:00\" \/>\n<meta name=\"twitter:card\" content=\"summary_large_image\" \/>\n<meta name=\"twitter:site\" content=\"@Cleverfiles\" \/>\n<meta name=\"twitter:label1\" content=\"Est. reading time\" \/>\n\t<meta name=\"twitter:data1\" content=\"1 minute\" \/>\n<script type=\"application\/ld+json\" class=\"yoast-schema-graph\">{\"@context\":\"https:\/\/schema.org\",\"@graph\":[{\"@type\":\"WebPage\",\"@id\":\"https:\/\/www.cleverfiles.com\/help\/ar\/\",\"url\":\"https:\/\/www.cleverfiles.com\/help\/ar\/\",\"name\":\"\u0627\u0633\u062a\u0639\u0627\u062f\u0629 \u0627\u0644\u0628\u064a\u0627\u0646\u0627\u062a \u0644\u0646\u0638\u0627\u0645 \u062a\u0634\u063a\u064a\u0644 \u0645\u0627\u0643 \u0648\u0648\u064a\u0646\u062f\u0648\u0632. \u0645\u0631\u0643\u0632 \u0645\u0633\u0627\u0639\u062f\u0629 Disk Drill\",\"isPartOf\":{\"@id\":\"https:\/\/www.cleverfiles.com\/help\/#website\"},\"datePublished\":\"2018-08-27T19:57:00+00:00\",\"dateModified\":\"2021-09-30T19:18:28+00:00\",\"description\":\"Disk Drill \u0628\u0631\u0646\u0627\u0645\u062c \u0627\u0633\u062a\u0639\u0627\u062f\u0629 \u0627\u0644\u0628\u064a\u0627\u0646\u0627\u062a \u0645\u062a\u0648\u0641\u0631 \u0644\u0646\u0638\u0627\u0645 MacOS \u0648 Windows. \u062a\u0639\u0631\u0641 \u0639\u0644\u0649 \u0627\u0644\u0645\u0632\u064a\u062f \u062d\u0648\u0644 \u0627\u0633\u062a\u0639\u0627\u062f\u0629 \u0627\u0644\u0628\u064a\u0627\u0646\u0627\u062a \u0641\u064a \u0642\u0627\u0639\u062f\u0629 \u0627\u0644\u0645\u0639\u0631\u0641\u0629 \u0627\u0644\u0648\u0627\u0633\u0639\u0629 \u0627\u0644\u062e\u0627\u0635\u0629 \u0628\u0646\u0627. \u0627\u0644\u0623\u0633\u0626\u0644\u0629 \u0627\u0644\u0623\u0633\u0627\u0633\u064a\u0629 \u0648\u0627\u0644\u0645\u062a\u0642\u062f\u0645\u0629.\",\"inLanguage\":\"en-US\",\"potentialAction\":[{\"@type\":\"ReadAction\",\"target\":[\"https:\/\/www.cleverfiles.com\/help\/ar\/\"]}]},{\"@type\":\"WebSite\",\"@id\":\"https:\/\/www.cleverfiles.com\/help\/#website\",\"url\":\"https:\/\/www.cleverfiles.com\/help\/\",\"name\":\"Mac Data Recovery\",\"description\":\"Disk Drill, advanced data recovery app for macOS and Windows\",\"potentialAction\":[{\"@type\":\"SearchAction\",\"target\":{\"@type\":\"EntryPoint\",\"urlTemplate\":\"https:\/\/www.cleverfiles.com\/help\/?s={search_term_string}\"},\"query-input\":{\"@type\":\"PropertyValueSpecification\",\"valueRequired\":true,\"valueName\":\"search_term_string\"}}],\"inLanguage\":\"en-US\"}]}<\/script>\n<!-- \/ Yoast SEO plugin. -->","yoast_head_json":{"title":"\u0627\u0633\u062a\u0639\u0627\u062f\u0629 \u0627\u0644\u0628\u064a\u0627\u0646\u0627\u062a \u0644\u0646\u0638\u0627\u0645 \u062a\u0634\u063a\u064a\u0644 \u0645\u0627\u0643 \u0648\u0648\u064a\u0646\u062f\u0648\u0632. \u0645\u0631\u0643\u0632 \u0645\u0633\u0627\u0639\u062f\u0629 Disk Drill","description":"Disk Drill \u0628\u0631\u0646\u0627\u0645\u062c \u0627\u0633\u062a\u0639\u0627\u062f\u0629 \u0627\u0644\u0628\u064a\u0627\u0646\u0627\u062a \u0645\u062a\u0648\u0641\u0631 \u0644\u0646\u0638\u0627\u0645 MacOS \u0648 Windows. \u062a\u0639\u0631\u0641 \u0639\u0644\u0649 \u0627\u0644\u0645\u0632\u064a\u062f \u062d\u0648\u0644 \u0627\u0633\u062a\u0639\u0627\u062f\u0629 \u0627\u0644\u0628\u064a\u0627\u0646\u0627\u062a \u0641\u064a \u0642\u0627\u0639\u062f\u0629 \u0627\u0644\u0645\u0639\u0631\u0641\u0629 \u0627\u0644\u0648\u0627\u0633\u0639\u0629 \u0627\u0644\u062e\u0627\u0635\u0629 \u0628\u0646\u0627. \u0627\u0644\u0623\u0633\u0626\u0644\u0629 \u0627\u0644\u0623\u0633\u0627\u0633\u064a\u0629 \u0648\u0627\u0644\u0645\u062a\u0642\u062f\u0645\u0629.","robots":{"index":"index","follow":"follow","max-snippet":"max-snippet:-1","max-image-preview":"max-image-preview:large","max-video-preview":"max-video-preview:-1"},"canonical":"https:\/\/www.cleverfiles.com\/help\/ar\/","og_locale":"en_US","og_type":"article","og_title":"\u0627\u0633\u062a\u0639\u0627\u062f\u0629 \u0627\u0644\u0628\u064a\u0627\u0646\u0627\u062a \u0644\u0646\u0638\u0627\u0645 \u062a\u0634\u063a\u064a\u0644 \u0645\u0627\u0643 \u0648\u0648\u064a\u0646\u062f\u0648\u0632. \u0645\u0631\u0643\u0632 \u0645\u0633\u0627\u0639\u062f\u0629 Disk Drill","og_description":"Disk Drill \u0628\u0631\u0646\u0627\u0645\u062c \u0627\u0633\u062a\u0639\u0627\u062f\u0629 \u0627\u0644\u0628\u064a\u0627\u0646\u0627\u062a \u0645\u062a\u0648\u0641\u0631 \u0644\u0646\u0638\u0627\u0645 MacOS \u0648 Windows. \u062a\u0639\u0631\u0641 \u0639\u0644\u0649 \u0627\u0644\u0645\u0632\u064a\u062f \u062d\u0648\u0644 \u0627\u0633\u062a\u0639\u0627\u062f\u0629 \u0627\u0644\u0628\u064a\u0627\u0646\u0627\u062a \u0641\u064a \u0642\u0627\u0639\u062f\u0629 \u0627\u0644\u0645\u0639\u0631\u0641\u0629 \u0627\u0644\u0648\u0627\u0633\u0639\u0629 \u0627\u0644\u062e\u0627\u0635\u0629 \u0628\u0646\u0627. \u0627\u0644\u0623\u0633\u0626\u0644\u0629 \u0627\u0644\u0623\u0633\u0627\u0633\u064a\u0629 \u0648\u0627\u0644\u0645\u062a\u0642\u062f\u0645\u0629.","og_url":"https:\/\/www.cleverfiles.com\/help\/ar\/","og_site_name":"Mac Data Recovery","article_modified_time":"2021-09-30T19:18:28+00:00","twitter_card":"summary_large_image","twitter_site":"@Cleverfiles","twitter_misc":{"Est. reading time":"1 minute"},"schema":{"@context":"https:\/\/schema.org","@graph":[{"@type":"WebPage","@id":"https:\/\/www.cleverfiles.com\/help\/ar\/","url":"https:\/\/www.cleverfiles.com\/help\/ar\/","name":"\u0627\u0633\u062a\u0639\u0627\u062f\u0629 \u0627\u0644\u0628\u064a\u0627\u0646\u0627\u062a \u0644\u0646\u0638\u0627\u0645 \u062a\u0634\u063a\u064a\u0644 \u0645\u0627\u0643 \u0648\u0648\u064a\u0646\u062f\u0648\u0632. \u0645\u0631\u0643\u0632 \u0645\u0633\u0627\u0639\u062f\u0629 Disk Drill","isPartOf":{"@id":"https:\/\/www.cleverfiles.com\/help\/#website"},"datePublished":"2018-08-27T19:57:00+00:00","dateModified":"2021-09-30T19:18:28+00:00","description":"Disk Drill \u0628\u0631\u0646\u0627\u0645\u062c \u0627\u0633\u062a\u0639\u0627\u062f\u0629 \u0627\u0644\u0628\u064a\u0627\u0646\u0627\u062a \u0645\u062a\u0648\u0641\u0631 \u0644\u0646\u0638\u0627\u0645 MacOS \u0648 Windows. \u062a\u0639\u0631\u0641 \u0639\u0644\u0649 \u0627\u0644\u0645\u0632\u064a\u062f \u062d\u0648\u0644 \u0627\u0633\u062a\u0639\u0627\u062f\u0629 \u0627\u0644\u0628\u064a\u0627\u0646\u0627\u062a \u0641\u064a \u0642\u0627\u0639\u062f\u0629 \u0627\u0644\u0645\u0639\u0631\u0641\u0629 \u0627\u0644\u0648\u0627\u0633\u0639\u0629 \u0627\u0644\u062e\u0627\u0635\u0629 \u0628\u0646\u0627. \u0627\u0644\u0623\u0633\u0626\u0644\u0629 \u0627\u0644\u0623\u0633\u0627\u0633\u064a\u0629 \u0648\u0627\u0644\u0645\u062a\u0642\u062f\u0645\u0629.","inLanguage":"en-US","potentialAction":[{"@type":"ReadAction","target":["https:\/\/www.cleverfiles.com\/help\/ar\/"]}]},{"@type":"WebSite","@id":"https:\/\/www.cleverfiles.com\/help\/#website","url":"https:\/\/www.cleverfiles.com\/help\/","name":"Mac Data Recovery","description":"Disk Drill, advanced data recovery app for macOS and Windows","potentialAction":[{"@type":"SearchAction","target":{"@type":"EntryPoint","urlTemplate":"https:\/\/www.cleverfiles.com\/help\/?s={search_term_string}"},"query-input":{"@type":"PropertyValueSpecification","valueRequired":true,"valueName":"search_term_string"}}],"inLanguage":"en-US"}]}},"_links":{"self":[{"href":"https:\/\/www.cleverfiles.com\/help\/wp-json\/wp\/v2\/pages\/12906","targetHints":{"allow":["GET"]}}],"collection":[{"href":"https:\/\/www.cleverfiles.com\/help\/wp-json\/wp\/v2\/pages"}],"about":[{"href":"https:\/\/www.cleverfiles.com\/help\/wp-json\/wp\/v2\/types\/page"}],"author":[{"embeddable":true,"href":"https:\/\/www.cleverfiles.com\/help\/wp-json\/wp\/v2\/users\/1"}],"replies":[{"embeddable":true,"href":"https:\/\/www.cleverfiles.com\/help\/wp-json\/wp\/v2\/comments?post=12906"}],"version-history":[{"count":5,"href":"https:\/\/www.cleverfiles.com\/help\/wp-json\/wp\/v2\/pages\/12906\/revisions"}],"predecessor-version":[{"id":18275,"href":"https:\/\/www.cleverfiles.com\/help\/wp-json\/wp\/v2\/pages\/12906\/revisions\/18275"}],"wp:attachment":[{"href":"https:\/\/www.cleverfiles.com\/help\/wp-json\/wp\/v2\/media?parent=12906"}],"curies":[{"name":"wp","href":"https:\/\/api.w.org\/{rel}","templated":true}]}}