{"id":38576,"date":"2020-08-10T10:49:39","date_gmt":"2020-08-10T09:49:39","guid":{"rendered":"https:\/\/www.cleverfiles.com\/photo-music-recovery.html"},"modified":"2023-08-17T13:33:12","modified_gmt":"2023-08-17T12:33:12","slug":"photo-music-recovery","status":"publish","type":"page","link":"https:\/\/www.cleverfiles.com\/fr\/photo-music-recovery.html","title":{"rendered":"R\u00e9cup\u00e9rer des photos et de la musique supprim\u00e9es sur Mac"},"content":{"rendered":"","protected":false},"excerpt":{"rendered":"","protected":false},"author":22,"featured_media":0,"parent":0,"menu_order":0,"comment_status":"closed","ping_status":"closed","template":"page-constructor.php","meta":{"_acf_changed":false,"inline_featured_image":false,"footnotes":""},"class_list":["post-38576","page","type-page","status-publish","hentry"],"acf":[],"yoast_head":"<!-- This site is optimized with the Yoast SEO plugin v24.4 - https:\/\/yoast.com\/wordpress\/plugins\/seo\/ -->\n<title>R\u00e9cup\u00e9rer des photos et de la musique supprim\u00e9es sur Mac<\/title>\n<meta name=\"description\" content=\"Comment r\u00e9cup\u00e9rer des photos ou de la musique d\u00e9finitivement supprim\u00e9es sur Mac ? Utilisez Disk Drill, l&#039;application de r\u00e9cup\u00e9ration de photos pour Mac qui prend en charge tous les formats d&#039;image et de musique. Lancez la r\u00e9cup\u00e9ration \u00e0 partir de n&#039;importe quel p\u00e9riph\u00e9rique de stockage.\" \/>\n<meta name=\"robots\" content=\"index, follow, max-snippet:-1, max-image-preview:large, max-video-preview:-1\" \/>\n<link rel=\"canonical\" href=\"https:\/\/www.cleverfiles.com\/fr\/photo-music-recovery.html\" \/>\n<meta property=\"og:locale\" content=\"fr_FR\" \/>\n<meta property=\"og:type\" content=\"article\" \/>\n<meta property=\"og:title\" content=\"R\u00e9cup\u00e9rer des photos et de la musique supprim\u00e9es sur Mac\" \/>\n<meta property=\"og:description\" content=\"Comment r\u00e9cup\u00e9rer des photos ou de la musique d\u00e9finitivement supprim\u00e9es sur Mac ? Utilisez Disk Drill, l&#039;application de r\u00e9cup\u00e9ration de photos pour Mac qui prend en charge tous les formats d&#039;image et de musique. Lancez la r\u00e9cup\u00e9ration \u00e0 partir de n&#039;importe quel p\u00e9riph\u00e9rique de stockage.\" \/>\n<meta property=\"og:url\" content=\"https:\/\/www.cleverfiles.com\/fr\/photo-music-recovery.html\" \/>\n<meta property=\"og:site_name\" content=\"CleverFiles - Des donn\u00e9es intelligentes pour des d\u00e9cisions intelligentes\" \/>\n<meta property=\"og:image\" content=\"https:\/\/www.cleverfiles.com\/wp-content\/uploads\/2020\/08\/relinkPhotoMusicImage.png\" \/>\n<meta name=\"twitter:card\" content=\"summary_large_image\" \/>\n<meta name=\"twitter:title\" content=\"R\u00e9cup\u00e9rer des photos et de la musique supprim\u00e9es sur Mac\" \/>\n<meta name=\"twitter:description\" content=\"Comment r\u00e9cup\u00e9rer des photos ou de la musique d\u00e9finitivement supprim\u00e9es sur Mac ? Utilisez Disk Drill, l&#039;application de r\u00e9cup\u00e9ration de photos pour Mac qui prend en charge tous les formats d&#039;image et de musique. Lancez la r\u00e9cup\u00e9ration \u00e0 partir de n&#039;importe quel p\u00e9riph\u00e9rique de stockage.\" \/>\n<meta name=\"twitter:image\" content=\"https:\/\/www.cleverfiles.com\/wp-content\/uploads\/2020\/12\/cleverfiles.jpg\" \/>\n<script type=\"application\/ld+json\" class=\"yoast-schema-graph\">{\"@context\":\"https:\/\/schema.org\",\"@graph\":[{\"@type\":\"BreadcrumbList\",\"@id\":\"https:\/\/www.cleverfiles.com\/fr\/photo-music-recovery.html#breadcrumb\",\"itemListElement\":[{\"@type\":\"ListItem\",\"position\":1,\"name\":\"Home\",\"item\":\"https:\/\/www.cleverfiles.com\/fr\/recuperation-de-donnees-perdues-disk-drill-pour-mac-os.html\"},{\"@type\":\"ListItem\",\"position\":2,\"name\":\"R\u00e9cup\u00e9rer des photos et de la musique supprim\u00e9es sur Mac\"}]},{\"@type\":\"WebSite\",\"@id\":\"https:\/\/www.cleverfiles.com\/fr\/#website\",\"url\":\"https:\/\/www.cleverfiles.com\/fr\/\",\"name\":\"CleverFiles - Des donn\u00e9es intelligentes pour des d\u00e9cisions intelligentes\",\"description\":\"CleverFiles - Des donn\u00e9es intelligentes pour des d\u00e9cisions intelligentes\",\"publisher\":{\"@id\":\"https:\/\/www.cleverfiles.com\/fr\/#organization\"},\"potentialAction\":[{\"@type\":\"SearchAction\",\"target\":{\"@type\":\"EntryPoint\",\"urlTemplate\":\"https:\/\/www.cleverfiles.com\/fr\/?s={search_term_string}\"},\"query-input\":{\"@type\":\"PropertyValueSpecification\",\"valueRequired\":true,\"valueName\":\"search_term_string\"}}],\"inLanguage\":\"fr-FR\"},{\"@type\":\"Organization\",\"@id\":\"https:\/\/www.cleverfiles.com\/fr\/#organization\",\"name\":\"CleverFiles Inc\",\"url\":\"https:\/\/www.cleverfiles.com\/fr\/\",\"logo\":{\"@type\":\"ImageObject\",\"inLanguage\":\"fr-FR\",\"@id\":\"https:\/\/www.cleverfiles.com\/fr\/#\/schema\/logo\/image\/\",\"url\":\"https:\/\/www.cleverfiles.com\/wp-content\/uploads\/2023\/03\/msapplication-wide310x150logo.png\",\"contentUrl\":\"https:\/\/www.cleverfiles.com\/wp-content\/uploads\/2023\/03\/msapplication-wide310x150logo.png\",\"width\":558,\"height\":270,\"caption\":\"CleverFiles Inc\"},\"image\":{\"@id\":\"https:\/\/www.cleverfiles.com\/fr\/#\/schema\/logo\/image\/\"}}]}<\/script>\n<meta property=\"article:modified_time\" content=\"2023-08-17 13:33:12\" \/>\n<!-- \/ Yoast SEO plugin. -->","yoast_head_json":{"title":"R\u00e9cup\u00e9rer des photos et de la musique supprim\u00e9es sur Mac","description":"Comment r\u00e9cup\u00e9rer des photos ou de la musique d\u00e9finitivement supprim\u00e9es sur Mac ? Utilisez Disk Drill, l'application de r\u00e9cup\u00e9ration de photos pour Mac qui prend en charge tous les formats d'image et de musique. Lancez la r\u00e9cup\u00e9ration \u00e0 partir de n'importe quel p\u00e9riph\u00e9rique de stockage.","robots":{"index":"index","follow":"follow","max-snippet":"max-snippet:-1","max-image-preview":"max-image-preview:large","max-video-preview":"max-video-preview:-1"},"canonical":"https:\/\/www.cleverfiles.com\/fr\/photo-music-recovery.html","og_locale":"fr_FR","og_type":"article","og_title":"R\u00e9cup\u00e9rer des photos et de la musique supprim\u00e9es sur Mac","og_description":"Comment r\u00e9cup\u00e9rer des photos ou de la musique d\u00e9finitivement supprim\u00e9es sur Mac ? Utilisez Disk Drill, l'application de r\u00e9cup\u00e9ration de photos pour Mac qui prend en charge tous les formats d'image et de musique. Lancez la r\u00e9cup\u00e9ration \u00e0 partir de n'importe quel p\u00e9riph\u00e9rique de stockage.","og_url":"https:\/\/www.cleverfiles.com\/fr\/photo-music-recovery.html","og_site_name":"CleverFiles - Des donn\u00e9es intelligentes pour des d\u00e9cisions intelligentes","og_image":[{"url":"https:\/\/www.cleverfiles.com\/wp-content\/uploads\/2020\/08\/relinkPhotoMusicImage.png","type":"","width":"","height":""}],"twitter_card":"summary_large_image","twitter_title":"R\u00e9cup\u00e9rer des photos et de la musique supprim\u00e9es sur Mac","twitter_description":"Comment r\u00e9cup\u00e9rer des photos ou de la musique d\u00e9finitivement supprim\u00e9es sur Mac ? Utilisez Disk Drill, l'application de r\u00e9cup\u00e9ration de photos pour Mac qui prend en charge tous les formats d'image et de musique. Lancez la r\u00e9cup\u00e9ration \u00e0 partir de n'importe quel p\u00e9riph\u00e9rique de stockage.","twitter_image":"https:\/\/www.cleverfiles.com\/wp-content\/uploads\/2020\/12\/cleverfiles.jpg","schema":{"@context":"https:\/\/schema.org","@graph":[{"@type":"BreadcrumbList","@id":"https:\/\/www.cleverfiles.com\/fr\/photo-music-recovery.html#breadcrumb","itemListElement":[{"@type":"ListItem","position":1,"name":"Home","item":"https:\/\/www.cleverfiles.com\/fr\/recuperation-de-donnees-perdues-disk-drill-pour-mac-os.html"},{"@type":"ListItem","position":2,"name":"R\u00e9cup\u00e9rer des photos et de la musique supprim\u00e9es sur Mac"}]},{"@type":"WebSite","@id":"https:\/\/www.cleverfiles.com\/fr\/#website","url":"https:\/\/www.cleverfiles.com\/fr\/","name":"CleverFiles - Des donn\u00e9es intelligentes pour des d\u00e9cisions intelligentes","description":"CleverFiles - Des donn\u00e9es intelligentes pour des d\u00e9cisions intelligentes","publisher":{"@id":"https:\/\/www.cleverfiles.com\/fr\/#organization"},"potentialAction":[{"@type":"SearchAction","target":{"@type":"EntryPoint","urlTemplate":"https:\/\/www.cleverfiles.com\/fr\/?s={search_term_string}"},"query-input":{"@type":"PropertyValueSpecification","valueRequired":true,"valueName":"search_term_string"}}],"inLanguage":"fr-FR"},{"@type":"Organization","@id":"https:\/\/www.cleverfiles.com\/fr\/#organization","name":"CleverFiles Inc","url":"https:\/\/www.cleverfiles.com\/fr\/","logo":{"@type":"ImageObject","inLanguage":"fr-FR","@id":"https:\/\/www.cleverfiles.com\/fr\/#\/schema\/logo\/image\/","url":"https:\/\/www.cleverfiles.com\/wp-content\/uploads\/2023\/03\/msapplication-wide310x150logo.png","contentUrl":"https:\/\/www.cleverfiles.com\/wp-content\/uploads\/2023\/03\/msapplication-wide310x150logo.png","width":558,"height":270,"caption":"CleverFiles Inc"},"image":{"@id":"https:\/\/www.cleverfiles.com\/fr\/#\/schema\/logo\/image\/"}}]}},"_links":{"self":[{"href":"https:\/\/www.cleverfiles.com\/fr\/wp-json\/wp\/v2\/pages\/38576","targetHints":{"allow":["GET"]}}],"collection":[{"href":"https:\/\/www.cleverfiles.com\/fr\/wp-json\/wp\/v2\/pages"}],"about":[{"href":"https:\/\/www.cleverfiles.com\/fr\/wp-json\/wp\/v2\/types\/page"}],"author":[{"embeddable":true,"href":"https:\/\/www.cleverfiles.com\/fr\/wp-json\/wp\/v2\/users\/22"}],"replies":[{"embeddable":true,"href":"https:\/\/www.cleverfiles.com\/fr\/wp-json\/wp\/v2\/comments?post=38576"}],"version-history":[{"count":5,"href":"https:\/\/www.cleverfiles.com\/fr\/wp-json\/wp\/v2\/pages\/38576\/revisions"}],"predecessor-version":[{"id":176426,"href":"https:\/\/www.cleverfiles.com\/fr\/wp-json\/wp\/v2\/pages\/38576\/revisions\/176426"}],"wp:attachment":[{"href":"https:\/\/www.cleverfiles.com\/fr\/wp-json\/wp\/v2\/media?parent=38576"}],"curies":[{"name":"wp","href":"https:\/\/api.w.org\/{rel}","templated":true}]}}