{"id":34608,"date":"2020-07-29T09:01:59","date_gmt":"2020-07-29T08:01:59","guid":{"rendered":"https:\/\/www.cleverfiles.com\/undelete-mac.html"},"modified":"2021-03-29T07:34:45","modified_gmt":"2021-03-29T07:34:45","slug":"undelete-mac","status":"publish","type":"page","link":"https:\/\/www.cleverfiles.com\/fr\/undelete-mac.html","title":{"rendered":"Disk Drill : Annuler la suppression de fichiers sur Mac OS X"},"content":{"rendered":"","protected":false},"excerpt":{"rendered":"","protected":false},"author":22,"featured_media":0,"parent":0,"menu_order":0,"comment_status":"closed","ping_status":"closed","template":"page-constructor.php","meta":{"_acf_changed":false,"inline_featured_image":false,"footnotes":""},"class_list":["post-34608","page","type-page","status-publish","hentry"],"acf":[],"yoast_head":"<!-- This site is optimized with the Yoast SEO plugin v24.4 - https:\/\/yoast.com\/wordpress\/plugins\/seo\/ -->\n<title>Disk Drill : Annuler la suppression de fichiers sur Mac OS X<\/title>\n<meta name=\"description\" content=\"Disk Drill : logiciel premium de r\u00e9cup\u00e9ration de disque dur et d&#039;annulation de suppression de la corbeille pour Mac. Annulez la suppression de fichiers sur Mac depuis d&#039;importe quel dispositif de stockage. Analyse gratuite.\" \/>\n<meta name=\"robots\" content=\"index, follow, max-snippet:-1, max-image-preview:large, max-video-preview:-1\" \/>\n<link rel=\"canonical\" href=\"https:\/\/www.cleverfiles.com\/fr\/undelete-mac.html\" \/>\n<meta property=\"og:locale\" content=\"fr_FR\" \/>\n<meta property=\"og:type\" content=\"article\" \/>\n<meta property=\"og:title\" content=\"Disk Drill : Annuler la suppression de fichiers sur Mac OS X\" \/>\n<meta property=\"og:description\" content=\"Disk Drill : logiciel premium de r\u00e9cup\u00e9ration de disque dur et d&#039;annulation de suppression de la corbeille pour Mac. Annulez la suppression de fichiers sur Mac depuis d&#039;importe quel dispositif de stockage. Analyse gratuite.\" \/>\n<meta property=\"og:url\" content=\"https:\/\/www.cleverfiles.com\/fr\/undelete-mac.html\" \/>\n<meta property=\"og:site_name\" content=\"CleverFiles - Des donn\u00e9es intelligentes pour des d\u00e9cisions intelligentes\" \/>\n<meta property=\"og:image\" content=\"https:\/\/www.cleverfiles.com\/wp-content\/uploads\/2020\/08\/relinkUndeleteImage.png\" \/>\n<meta name=\"twitter:card\" content=\"summary_large_image\" \/>\n<meta name=\"twitter:title\" content=\"Disk Drill : Annuler la suppression de fichiers sur Mac OS X\" \/>\n<meta name=\"twitter:description\" content=\"Disk Drill : logiciel premium de r\u00e9cup\u00e9ration de disque dur et d&#039;annulation de suppression de la corbeille pour Mac. Annulez la suppression de fichiers sur Mac depuis d&#039;importe quel dispositif de stockage. Analyse gratuite.\" \/>\n<meta name=\"twitter:image\" content=\"https:\/\/www.cleverfiles.com\/wp-content\/uploads\/2020\/12\/cleverfiles.jpg\" \/>\n<script type=\"application\/ld+json\" class=\"yoast-schema-graph\">{\"@context\":\"https:\/\/schema.org\",\"@graph\":[{\"@type\":\"BreadcrumbList\",\"@id\":\"https:\/\/www.cleverfiles.com\/fr\/undelete-mac.html#breadcrumb\",\"itemListElement\":[{\"@type\":\"ListItem\",\"position\":1,\"name\":\"Home\",\"item\":\"https:\/\/www.cleverfiles.com\/fr\/recuperation-de-donnees-perdues-disk-drill-pour-mac-os.html\"},{\"@type\":\"ListItem\",\"position\":2,\"name\":\"Disk Drill : Annuler la suppression de fichiers sur Mac OS X\"}]},{\"@type\":\"WebSite\",\"@id\":\"https:\/\/www.cleverfiles.com\/fr\/#website\",\"url\":\"https:\/\/www.cleverfiles.com\/fr\/\",\"name\":\"CleverFiles - Des donn\u00e9es intelligentes pour des d\u00e9cisions intelligentes\",\"description\":\"CleverFiles - Des donn\u00e9es intelligentes pour des d\u00e9cisions intelligentes\",\"publisher\":{\"@id\":\"https:\/\/www.cleverfiles.com\/fr\/#organization\"},\"potentialAction\":[{\"@type\":\"SearchAction\",\"target\":{\"@type\":\"EntryPoint\",\"urlTemplate\":\"https:\/\/www.cleverfiles.com\/fr\/?s={search_term_string}\"},\"query-input\":{\"@type\":\"PropertyValueSpecification\",\"valueRequired\":true,\"valueName\":\"search_term_string\"}}],\"inLanguage\":\"fr-FR\"},{\"@type\":\"Organization\",\"@id\":\"https:\/\/www.cleverfiles.com\/fr\/#organization\",\"name\":\"CleverFiles Inc\",\"url\":\"https:\/\/www.cleverfiles.com\/fr\/\",\"logo\":{\"@type\":\"ImageObject\",\"inLanguage\":\"fr-FR\",\"@id\":\"https:\/\/www.cleverfiles.com\/fr\/#\/schema\/logo\/image\/\",\"url\":\"https:\/\/www.cleverfiles.com\/wp-content\/uploads\/2023\/03\/msapplication-wide310x150logo.png\",\"contentUrl\":\"https:\/\/www.cleverfiles.com\/wp-content\/uploads\/2023\/03\/msapplication-wide310x150logo.png\",\"width\":558,\"height\":270,\"caption\":\"CleverFiles Inc\"},\"image\":{\"@id\":\"https:\/\/www.cleverfiles.com\/fr\/#\/schema\/logo\/image\/\"}}]}<\/script>\n<meta property=\"article:modified_time\" content=\"2021-03-29 07:34:45\" \/>\n<!-- \/ Yoast SEO plugin. -->","yoast_head_json":{"title":"Disk Drill : Annuler la suppression de fichiers sur Mac OS X","description":"Disk Drill : logiciel premium de r\u00e9cup\u00e9ration de disque dur et d'annulation de suppression de la corbeille pour Mac. Annulez la suppression de fichiers sur Mac depuis d'importe quel dispositif de stockage. Analyse gratuite.","robots":{"index":"index","follow":"follow","max-snippet":"max-snippet:-1","max-image-preview":"max-image-preview:large","max-video-preview":"max-video-preview:-1"},"canonical":"https:\/\/www.cleverfiles.com\/fr\/undelete-mac.html","og_locale":"fr_FR","og_type":"article","og_title":"Disk Drill : Annuler la suppression de fichiers sur Mac OS X","og_description":"Disk Drill : logiciel premium de r\u00e9cup\u00e9ration de disque dur et d'annulation de suppression de la corbeille pour Mac. Annulez la suppression de fichiers sur Mac depuis d'importe quel dispositif de stockage. Analyse gratuite.","og_url":"https:\/\/www.cleverfiles.com\/fr\/undelete-mac.html","og_site_name":"CleverFiles - Des donn\u00e9es intelligentes pour des d\u00e9cisions intelligentes","og_image":[{"url":"https:\/\/www.cleverfiles.com\/wp-content\/uploads\/2020\/08\/relinkUndeleteImage.png","type":"","width":"","height":""}],"twitter_card":"summary_large_image","twitter_title":"Disk Drill : Annuler la suppression de fichiers sur Mac OS X","twitter_description":"Disk Drill : logiciel premium de r\u00e9cup\u00e9ration de disque dur et d'annulation de suppression de la corbeille pour Mac. Annulez la suppression de fichiers sur Mac depuis d'importe quel dispositif de stockage. Analyse gratuite.","twitter_image":"https:\/\/www.cleverfiles.com\/wp-content\/uploads\/2020\/12\/cleverfiles.jpg","schema":{"@context":"https:\/\/schema.org","@graph":[{"@type":"BreadcrumbList","@id":"https:\/\/www.cleverfiles.com\/fr\/undelete-mac.html#breadcrumb","itemListElement":[{"@type":"ListItem","position":1,"name":"Home","item":"https:\/\/www.cleverfiles.com\/fr\/recuperation-de-donnees-perdues-disk-drill-pour-mac-os.html"},{"@type":"ListItem","position":2,"name":"Disk Drill : Annuler la suppression de fichiers sur Mac OS X"}]},{"@type":"WebSite","@id":"https:\/\/www.cleverfiles.com\/fr\/#website","url":"https:\/\/www.cleverfiles.com\/fr\/","name":"CleverFiles - Des donn\u00e9es intelligentes pour des d\u00e9cisions intelligentes","description":"CleverFiles - Des donn\u00e9es intelligentes pour des d\u00e9cisions intelligentes","publisher":{"@id":"https:\/\/www.cleverfiles.com\/fr\/#organization"},"potentialAction":[{"@type":"SearchAction","target":{"@type":"EntryPoint","urlTemplate":"https:\/\/www.cleverfiles.com\/fr\/?s={search_term_string}"},"query-input":{"@type":"PropertyValueSpecification","valueRequired":true,"valueName":"search_term_string"}}],"inLanguage":"fr-FR"},{"@type":"Organization","@id":"https:\/\/www.cleverfiles.com\/fr\/#organization","name":"CleverFiles Inc","url":"https:\/\/www.cleverfiles.com\/fr\/","logo":{"@type":"ImageObject","inLanguage":"fr-FR","@id":"https:\/\/www.cleverfiles.com\/fr\/#\/schema\/logo\/image\/","url":"https:\/\/www.cleverfiles.com\/wp-content\/uploads\/2023\/03\/msapplication-wide310x150logo.png","contentUrl":"https:\/\/www.cleverfiles.com\/wp-content\/uploads\/2023\/03\/msapplication-wide310x150logo.png","width":558,"height":270,"caption":"CleverFiles Inc"},"image":{"@id":"https:\/\/www.cleverfiles.com\/fr\/#\/schema\/logo\/image\/"}}]}},"_links":{"self":[{"href":"https:\/\/www.cleverfiles.com\/fr\/wp-json\/wp\/v2\/pages\/34608","targetHints":{"allow":["GET"]}}],"collection":[{"href":"https:\/\/www.cleverfiles.com\/fr\/wp-json\/wp\/v2\/pages"}],"about":[{"href":"https:\/\/www.cleverfiles.com\/fr\/wp-json\/wp\/v2\/types\/page"}],"author":[{"embeddable":true,"href":"https:\/\/www.cleverfiles.com\/fr\/wp-json\/wp\/v2\/users\/22"}],"replies":[{"embeddable":true,"href":"https:\/\/www.cleverfiles.com\/fr\/wp-json\/wp\/v2\/comments?post=34608"}],"version-history":[{"count":4,"href":"https:\/\/www.cleverfiles.com\/fr\/wp-json\/wp\/v2\/pages\/34608\/revisions"}],"predecessor-version":[{"id":135369,"href":"https:\/\/www.cleverfiles.com\/fr\/wp-json\/wp\/v2\/pages\/34608\/revisions\/135369"}],"wp:attachment":[{"href":"https:\/\/www.cleverfiles.com\/fr\/wp-json\/wp\/v2\/media?parent=34608"}],"curies":[{"name":"wp","href":"https:\/\/api.w.org\/{rel}","templated":true}]}}