{"id":29856,"date":"2020-07-15T11:33:22","date_gmt":"2020-07-15T10:33:22","guid":{"rendered":"https:\/\/www.cleverfiles.com\/mac-data-recovery.html"},"modified":"2021-03-29T07:34:45","modified_gmt":"2021-03-29T07:34:45","slug":"mac-data-recovery","status":"publish","type":"page","link":"https:\/\/www.cleverfiles.com\/fr\/mac-data-recovery.html","title":{"rendered":"R\u00e9cup\u00e9ration de donn\u00e9es &#8211; Disk Drill pour Mac OS X"},"content":{"rendered":"","protected":false},"excerpt":{"rendered":"","protected":false},"author":22,"featured_media":0,"parent":0,"menu_order":0,"comment_status":"closed","ping_status":"closed","template":"page-constructor.php","meta":{"_acf_changed":false,"inline_featured_image":false,"footnotes":""},"class_list":["post-29856","page","type-page","status-publish","hentry"],"acf":[],"yoast_head":"<!-- This site is optimized with the Yoast SEO plugin v24.4 - https:\/\/yoast.com\/wordpress\/plugins\/seo\/ -->\n<title>R\u00e9cup\u00e9ration de donn\u00e9es - Disk Drill pour Mac OS X<\/title>\n<meta name=\"description\" content=\"Disk Drill pour Mac OS X : Aucun autre logiciel de r\u00e9cup\u00e9ration de donn\u00e9es pour Mac est aussi simple \u00e0 utiliser ! Suppression accidentelle, erreur de fonctionnalit\u00e9 du disque, corruption des donn\u00e9es ? Disk Drill peut vous aider.\" \/>\n<meta name=\"robots\" content=\"index, follow, max-snippet:-1, max-image-preview:large, max-video-preview:-1\" \/>\n<link rel=\"canonical\" href=\"https:\/\/www.cleverfiles.com\/fr\/mac-data-recovery.html\" \/>\n<meta property=\"og:locale\" content=\"fr_FR\" \/>\n<meta property=\"og:type\" content=\"article\" \/>\n<meta property=\"og:title\" content=\"R\u00e9cup\u00e9ration de donn\u00e9es - Disk Drill pour Mac OS X\" \/>\n<meta property=\"og:description\" content=\"Disk Drill pour Mac OS X : Aucun autre logiciel de r\u00e9cup\u00e9ration de donn\u00e9es pour Mac est aussi simple \u00e0 utiliser ! Suppression accidentelle, erreur de fonctionnalit\u00e9 du disque, corruption des donn\u00e9es ? Disk Drill peut vous aider.\" \/>\n<meta property=\"og:url\" content=\"https:\/\/www.cleverfiles.com\/fr\/mac-data-recovery.html\" \/>\n<meta property=\"og:site_name\" content=\"CleverFiles - Des donn\u00e9es intelligentes pour des d\u00e9cisions intelligentes\" \/>\n<meta property=\"og:image\" content=\"https:\/\/www.cleverfiles.com\/wp-content\/uploads\/2020\/07\/ddMacFinalFeatureIcon-1.png\" \/>\n<meta name=\"twitter:card\" content=\"summary_large_image\" \/>\n<meta name=\"twitter:title\" content=\"R\u00e9cup\u00e9ration de donn\u00e9es - Disk Drill pour Mac OS X\" \/>\n<meta name=\"twitter:description\" content=\"Disk Drill pour Mac OS X : Aucun autre logiciel de r\u00e9cup\u00e9ration de donn\u00e9es pour Mac est aussi simple \u00e0 utiliser ! Suppression accidentelle, erreur de fonctionnalit\u00e9 du disque, corruption des donn\u00e9es ? Disk Drill peut vous aider.\" \/>\n<meta name=\"twitter:image\" content=\"https:\/\/www.cleverfiles.com\/wp-content\/uploads\/2020\/12\/cleverfiles.jpg\" \/>\n<script type=\"application\/ld+json\" class=\"yoast-schema-graph\">{\"@context\":\"https:\/\/schema.org\",\"@graph\":[{\"@type\":\"BreadcrumbList\",\"@id\":\"https:\/\/www.cleverfiles.com\/fr\/mac-data-recovery.html#breadcrumb\",\"itemListElement\":[{\"@type\":\"ListItem\",\"position\":1,\"name\":\"Home\",\"item\":\"https:\/\/www.cleverfiles.com\/fr\/recuperation-de-donnees-perdues-disk-drill-pour-mac-os.html\"},{\"@type\":\"ListItem\",\"position\":2,\"name\":\"R\u00e9cup\u00e9ration de donn\u00e9es &#8211; Disk Drill pour Mac OS X\"}]},{\"@type\":\"WebSite\",\"@id\":\"https:\/\/www.cleverfiles.com\/fr\/#website\",\"url\":\"https:\/\/www.cleverfiles.com\/fr\/\",\"name\":\"CleverFiles - Des donn\u00e9es intelligentes pour des d\u00e9cisions intelligentes\",\"description\":\"CleverFiles - Des donn\u00e9es intelligentes pour des d\u00e9cisions intelligentes\",\"publisher\":{\"@id\":\"https:\/\/www.cleverfiles.com\/fr\/#organization\"},\"potentialAction\":[{\"@type\":\"SearchAction\",\"target\":{\"@type\":\"EntryPoint\",\"urlTemplate\":\"https:\/\/www.cleverfiles.com\/fr\/?s={search_term_string}\"},\"query-input\":{\"@type\":\"PropertyValueSpecification\",\"valueRequired\":true,\"valueName\":\"search_term_string\"}}],\"inLanguage\":\"fr-FR\"},{\"@type\":\"Organization\",\"@id\":\"https:\/\/www.cleverfiles.com\/fr\/#organization\",\"name\":\"CleverFiles Inc\",\"url\":\"https:\/\/www.cleverfiles.com\/fr\/\",\"logo\":{\"@type\":\"ImageObject\",\"inLanguage\":\"fr-FR\",\"@id\":\"https:\/\/www.cleverfiles.com\/fr\/#\/schema\/logo\/image\/\",\"url\":\"https:\/\/www.cleverfiles.com\/wp-content\/uploads\/2023\/03\/msapplication-wide310x150logo.png\",\"contentUrl\":\"https:\/\/www.cleverfiles.com\/wp-content\/uploads\/2023\/03\/msapplication-wide310x150logo.png\",\"width\":558,\"height\":270,\"caption\":\"CleverFiles Inc\"},\"image\":{\"@id\":\"https:\/\/www.cleverfiles.com\/fr\/#\/schema\/logo\/image\/\"}}]}<\/script>\n<meta property=\"article:modified_time\" content=\"2021-03-29 07:34:45\" \/>\n<!-- \/ Yoast SEO plugin. -->","yoast_head_json":{"title":"R\u00e9cup\u00e9ration de donn\u00e9es - Disk Drill pour Mac OS X","description":"Disk Drill pour Mac OS X : Aucun autre logiciel de r\u00e9cup\u00e9ration de donn\u00e9es pour Mac est aussi simple \u00e0 utiliser ! Suppression accidentelle, erreur de fonctionnalit\u00e9 du disque, corruption des donn\u00e9es ? Disk Drill peut vous aider.","robots":{"index":"index","follow":"follow","max-snippet":"max-snippet:-1","max-image-preview":"max-image-preview:large","max-video-preview":"max-video-preview:-1"},"canonical":"https:\/\/www.cleverfiles.com\/fr\/mac-data-recovery.html","og_locale":"fr_FR","og_type":"article","og_title":"R\u00e9cup\u00e9ration de donn\u00e9es - Disk Drill pour Mac OS X","og_description":"Disk Drill pour Mac OS X : Aucun autre logiciel de r\u00e9cup\u00e9ration de donn\u00e9es pour Mac est aussi simple \u00e0 utiliser ! Suppression accidentelle, erreur de fonctionnalit\u00e9 du disque, corruption des donn\u00e9es ? Disk Drill peut vous aider.","og_url":"https:\/\/www.cleverfiles.com\/fr\/mac-data-recovery.html","og_site_name":"CleverFiles - Des donn\u00e9es intelligentes pour des d\u00e9cisions intelligentes","og_image":[{"url":"https:\/\/www.cleverfiles.com\/wp-content\/uploads\/2020\/07\/ddMacFinalFeatureIcon-1.png","type":"","width":"","height":""}],"twitter_card":"summary_large_image","twitter_title":"R\u00e9cup\u00e9ration de donn\u00e9es - Disk Drill pour Mac OS X","twitter_description":"Disk Drill pour Mac OS X : Aucun autre logiciel de r\u00e9cup\u00e9ration de donn\u00e9es pour Mac est aussi simple \u00e0 utiliser ! Suppression accidentelle, erreur de fonctionnalit\u00e9 du disque, corruption des donn\u00e9es ? Disk Drill peut vous aider.","twitter_image":"https:\/\/www.cleverfiles.com\/wp-content\/uploads\/2020\/12\/cleverfiles.jpg","schema":{"@context":"https:\/\/schema.org","@graph":[{"@type":"BreadcrumbList","@id":"https:\/\/www.cleverfiles.com\/fr\/mac-data-recovery.html#breadcrumb","itemListElement":[{"@type":"ListItem","position":1,"name":"Home","item":"https:\/\/www.cleverfiles.com\/fr\/recuperation-de-donnees-perdues-disk-drill-pour-mac-os.html"},{"@type":"ListItem","position":2,"name":"R\u00e9cup\u00e9ration de donn\u00e9es &#8211; Disk Drill pour Mac OS X"}]},{"@type":"WebSite","@id":"https:\/\/www.cleverfiles.com\/fr\/#website","url":"https:\/\/www.cleverfiles.com\/fr\/","name":"CleverFiles - Des donn\u00e9es intelligentes pour des d\u00e9cisions intelligentes","description":"CleverFiles - Des donn\u00e9es intelligentes pour des d\u00e9cisions intelligentes","publisher":{"@id":"https:\/\/www.cleverfiles.com\/fr\/#organization"},"potentialAction":[{"@type":"SearchAction","target":{"@type":"EntryPoint","urlTemplate":"https:\/\/www.cleverfiles.com\/fr\/?s={search_term_string}"},"query-input":{"@type":"PropertyValueSpecification","valueRequired":true,"valueName":"search_term_string"}}],"inLanguage":"fr-FR"},{"@type":"Organization","@id":"https:\/\/www.cleverfiles.com\/fr\/#organization","name":"CleverFiles Inc","url":"https:\/\/www.cleverfiles.com\/fr\/","logo":{"@type":"ImageObject","inLanguage":"fr-FR","@id":"https:\/\/www.cleverfiles.com\/fr\/#\/schema\/logo\/image\/","url":"https:\/\/www.cleverfiles.com\/wp-content\/uploads\/2023\/03\/msapplication-wide310x150logo.png","contentUrl":"https:\/\/www.cleverfiles.com\/wp-content\/uploads\/2023\/03\/msapplication-wide310x150logo.png","width":558,"height":270,"caption":"CleverFiles Inc"},"image":{"@id":"https:\/\/www.cleverfiles.com\/fr\/#\/schema\/logo\/image\/"}}]}},"_links":{"self":[{"href":"https:\/\/www.cleverfiles.com\/fr\/wp-json\/wp\/v2\/pages\/29856","targetHints":{"allow":["GET"]}}],"collection":[{"href":"https:\/\/www.cleverfiles.com\/fr\/wp-json\/wp\/v2\/pages"}],"about":[{"href":"https:\/\/www.cleverfiles.com\/fr\/wp-json\/wp\/v2\/types\/page"}],"author":[{"embeddable":true,"href":"https:\/\/www.cleverfiles.com\/fr\/wp-json\/wp\/v2\/users\/22"}],"replies":[{"embeddable":true,"href":"https:\/\/www.cleverfiles.com\/fr\/wp-json\/wp\/v2\/comments?post=29856"}],"version-history":[{"count":7,"href":"https:\/\/www.cleverfiles.com\/fr\/wp-json\/wp\/v2\/pages\/29856\/revisions"}],"predecessor-version":[{"id":132528,"href":"https:\/\/www.cleverfiles.com\/fr\/wp-json\/wp\/v2\/pages\/29856\/revisions\/132528"}],"wp:attachment":[{"href":"https:\/\/www.cleverfiles.com\/fr\/wp-json\/wp\/v2\/media?parent=29856"}],"curies":[{"name":"wp","href":"https:\/\/api.w.org\/{rel}","templated":true}]}}