{"id":23951,"date":"2020-06-03T11:42:06","date_gmt":"2020-06-03T10:42:06","guid":{"rendered":"https:\/\/www.cleverfiles.com\/micro-sd-card-recovery.html"},"modified":"2021-03-29T07:34:45","modified_gmt":"2021-03-29T07:34:45","slug":"micro-sd-card-recovery","status":"publish","type":"page","link":"https:\/\/www.cleverfiles.com\/fr\/micro-sd-card-recovery.html","title":{"rendered":"R\u00e9cup\u00e9ration de photos sur carte SD pour Mac"},"content":{"rendered":"","protected":false},"excerpt":{"rendered":"","protected":false},"author":22,"featured_media":0,"parent":0,"menu_order":0,"comment_status":"closed","ping_status":"closed","template":"page-constructor.php","meta":{"_acf_changed":false,"inline_featured_image":false,"footnotes":""},"class_list":["post-23951","page","type-page","status-publish","hentry"],"acf":[],"yoast_head":"<!-- This site is optimized with the Yoast SEO plugin v24.4 - https:\/\/yoast.com\/wordpress\/plugins\/seo\/ -->\n<title>R\u00e9cup\u00e9ration de photos sur carte SD pour Mac<\/title>\n<meta name=\"description\" content=\"Disk Drill : r\u00e9cup\u00e9rez des fichiers supprim\u00e9s sur une carte SD pour Mac. Tous les formats d&#039;image et de musique sont compatibles, n&#039;importe quel type de dispositif de stockage peut \u00eatre r\u00e9cup\u00e9r\u00e9. Analyse gratuite.\" \/>\n<meta name=\"robots\" content=\"index, follow, max-snippet:-1, max-image-preview:large, max-video-preview:-1\" \/>\n<link rel=\"canonical\" href=\"https:\/\/www.cleverfiles.com\/fr\/micro-sd-card-recovery.html\" \/>\n<meta property=\"og:locale\" content=\"fr_FR\" \/>\n<meta property=\"og:type\" content=\"article\" \/>\n<meta property=\"og:title\" content=\"R\u00e9cup\u00e9ration de photos sur carte SD pour Mac\" \/>\n<meta property=\"og:description\" content=\"Disk Drill : r\u00e9cup\u00e9rez des fichiers supprim\u00e9s sur une carte SD pour Mac. Tous les formats d&#039;image et de musique sont compatibles, n&#039;importe quel type de dispositif de stockage peut \u00eatre r\u00e9cup\u00e9r\u00e9. Analyse gratuite.\" \/>\n<meta property=\"og:url\" content=\"https:\/\/www.cleverfiles.com\/fr\/micro-sd-card-recovery.html\" \/>\n<meta property=\"og:site_name\" content=\"CleverFiles - Des donn\u00e9es intelligentes pour des d\u00e9cisions intelligentes\" \/>\n<meta property=\"og:image\" content=\"https:\/\/www.cleverfiles.com\/wp-content\/uploads\/2020\/08\/relinkMicroSdImage.png\" \/>\n<meta name=\"twitter:card\" content=\"summary_large_image\" \/>\n<meta name=\"twitter:title\" content=\"R\u00e9cup\u00e9ration de photos sur carte SD pour Mac\" \/>\n<meta name=\"twitter:description\" content=\"Disk Drill : r\u00e9cup\u00e9rez des fichiers supprim\u00e9s sur une carte SD pour Mac. Tous les formats d&#039;image et de musique sont compatibles, n&#039;importe quel type de dispositif de stockage peut \u00eatre r\u00e9cup\u00e9r\u00e9. Analyse gratuite.\" \/>\n<meta name=\"twitter:image\" content=\"https:\/\/www.cleverfiles.com\/wp-content\/uploads\/2020\/12\/cleverfiles.jpg\" \/>\n<script type=\"application\/ld+json\" class=\"yoast-schema-graph\">{\"@context\":\"https:\/\/schema.org\",\"@graph\":[{\"@type\":\"BreadcrumbList\",\"@id\":\"https:\/\/www.cleverfiles.com\/fr\/micro-sd-card-recovery.html#breadcrumb\",\"itemListElement\":[{\"@type\":\"ListItem\",\"position\":1,\"name\":\"Home\",\"item\":\"https:\/\/www.cleverfiles.com\/fr\/recuperation-de-donnees-perdues-disk-drill-pour-mac-os.html\"},{\"@type\":\"ListItem\",\"position\":2,\"name\":\"R\u00e9cup\u00e9ration de photos sur carte SD pour Mac\"}]},{\"@type\":\"WebSite\",\"@id\":\"https:\/\/www.cleverfiles.com\/fr\/#website\",\"url\":\"https:\/\/www.cleverfiles.com\/fr\/\",\"name\":\"CleverFiles - Des donn\u00e9es intelligentes pour des d\u00e9cisions intelligentes\",\"description\":\"CleverFiles - Des donn\u00e9es intelligentes pour des d\u00e9cisions intelligentes\",\"publisher\":{\"@id\":\"https:\/\/www.cleverfiles.com\/fr\/#organization\"},\"potentialAction\":[{\"@type\":\"SearchAction\",\"target\":{\"@type\":\"EntryPoint\",\"urlTemplate\":\"https:\/\/www.cleverfiles.com\/fr\/?s={search_term_string}\"},\"query-input\":{\"@type\":\"PropertyValueSpecification\",\"valueRequired\":true,\"valueName\":\"search_term_string\"}}],\"inLanguage\":\"fr-FR\"},{\"@type\":\"Organization\",\"@id\":\"https:\/\/www.cleverfiles.com\/fr\/#organization\",\"name\":\"CleverFiles Inc\",\"url\":\"https:\/\/www.cleverfiles.com\/fr\/\",\"logo\":{\"@type\":\"ImageObject\",\"inLanguage\":\"fr-FR\",\"@id\":\"https:\/\/www.cleverfiles.com\/fr\/#\/schema\/logo\/image\/\",\"url\":\"https:\/\/www.cleverfiles.com\/wp-content\/uploads\/2023\/03\/msapplication-wide310x150logo.png\",\"contentUrl\":\"https:\/\/www.cleverfiles.com\/wp-content\/uploads\/2023\/03\/msapplication-wide310x150logo.png\",\"width\":558,\"height\":270,\"caption\":\"CleverFiles Inc\"},\"image\":{\"@id\":\"https:\/\/www.cleverfiles.com\/fr\/#\/schema\/logo\/image\/\"}}]}<\/script>\n<meta property=\"article:modified_time\" content=\"2021-03-29 07:34:45\" \/>\n<!-- \/ Yoast SEO plugin. -->","yoast_head_json":{"title":"R\u00e9cup\u00e9ration de photos sur carte SD pour Mac","description":"Disk Drill : r\u00e9cup\u00e9rez des fichiers supprim\u00e9s sur une carte SD pour Mac. Tous les formats d'image et de musique sont compatibles, n'importe quel type de dispositif de stockage peut \u00eatre r\u00e9cup\u00e9r\u00e9. Analyse gratuite.","robots":{"index":"index","follow":"follow","max-snippet":"max-snippet:-1","max-image-preview":"max-image-preview:large","max-video-preview":"max-video-preview:-1"},"canonical":"https:\/\/www.cleverfiles.com\/fr\/micro-sd-card-recovery.html","og_locale":"fr_FR","og_type":"article","og_title":"R\u00e9cup\u00e9ration de photos sur carte SD pour Mac","og_description":"Disk Drill : r\u00e9cup\u00e9rez des fichiers supprim\u00e9s sur une carte SD pour Mac. Tous les formats d'image et de musique sont compatibles, n'importe quel type de dispositif de stockage peut \u00eatre r\u00e9cup\u00e9r\u00e9. Analyse gratuite.","og_url":"https:\/\/www.cleverfiles.com\/fr\/micro-sd-card-recovery.html","og_site_name":"CleverFiles - Des donn\u00e9es intelligentes pour des d\u00e9cisions intelligentes","og_image":[{"url":"https:\/\/www.cleverfiles.com\/wp-content\/uploads\/2020\/08\/relinkMicroSdImage.png","type":"","width":"","height":""}],"twitter_card":"summary_large_image","twitter_title":"R\u00e9cup\u00e9ration de photos sur carte SD pour Mac","twitter_description":"Disk Drill : r\u00e9cup\u00e9rez des fichiers supprim\u00e9s sur une carte SD pour Mac. Tous les formats d'image et de musique sont compatibles, n'importe quel type de dispositif de stockage peut \u00eatre r\u00e9cup\u00e9r\u00e9. Analyse gratuite.","twitter_image":"https:\/\/www.cleverfiles.com\/wp-content\/uploads\/2020\/12\/cleverfiles.jpg","schema":{"@context":"https:\/\/schema.org","@graph":[{"@type":"BreadcrumbList","@id":"https:\/\/www.cleverfiles.com\/fr\/micro-sd-card-recovery.html#breadcrumb","itemListElement":[{"@type":"ListItem","position":1,"name":"Home","item":"https:\/\/www.cleverfiles.com\/fr\/recuperation-de-donnees-perdues-disk-drill-pour-mac-os.html"},{"@type":"ListItem","position":2,"name":"R\u00e9cup\u00e9ration de photos sur carte SD pour Mac"}]},{"@type":"WebSite","@id":"https:\/\/www.cleverfiles.com\/fr\/#website","url":"https:\/\/www.cleverfiles.com\/fr\/","name":"CleverFiles - Des donn\u00e9es intelligentes pour des d\u00e9cisions intelligentes","description":"CleverFiles - Des donn\u00e9es intelligentes pour des d\u00e9cisions intelligentes","publisher":{"@id":"https:\/\/www.cleverfiles.com\/fr\/#organization"},"potentialAction":[{"@type":"SearchAction","target":{"@type":"EntryPoint","urlTemplate":"https:\/\/www.cleverfiles.com\/fr\/?s={search_term_string}"},"query-input":{"@type":"PropertyValueSpecification","valueRequired":true,"valueName":"search_term_string"}}],"inLanguage":"fr-FR"},{"@type":"Organization","@id":"https:\/\/www.cleverfiles.com\/fr\/#organization","name":"CleverFiles Inc","url":"https:\/\/www.cleverfiles.com\/fr\/","logo":{"@type":"ImageObject","inLanguage":"fr-FR","@id":"https:\/\/www.cleverfiles.com\/fr\/#\/schema\/logo\/image\/","url":"https:\/\/www.cleverfiles.com\/wp-content\/uploads\/2023\/03\/msapplication-wide310x150logo.png","contentUrl":"https:\/\/www.cleverfiles.com\/wp-content\/uploads\/2023\/03\/msapplication-wide310x150logo.png","width":558,"height":270,"caption":"CleverFiles Inc"},"image":{"@id":"https:\/\/www.cleverfiles.com\/fr\/#\/schema\/logo\/image\/"}}]}},"_links":{"self":[{"href":"https:\/\/www.cleverfiles.com\/fr\/wp-json\/wp\/v2\/pages\/23951","targetHints":{"allow":["GET"]}}],"collection":[{"href":"https:\/\/www.cleverfiles.com\/fr\/wp-json\/wp\/v2\/pages"}],"about":[{"href":"https:\/\/www.cleverfiles.com\/fr\/wp-json\/wp\/v2\/types\/page"}],"author":[{"embeddable":true,"href":"https:\/\/www.cleverfiles.com\/fr\/wp-json\/wp\/v2\/users\/22"}],"replies":[{"embeddable":true,"href":"https:\/\/www.cleverfiles.com\/fr\/wp-json\/wp\/v2\/comments?post=23951"}],"version-history":[{"count":4,"href":"https:\/\/www.cleverfiles.com\/fr\/wp-json\/wp\/v2\/pages\/23951\/revisions"}],"predecessor-version":[{"id":171925,"href":"https:\/\/www.cleverfiles.com\/fr\/wp-json\/wp\/v2\/pages\/23951\/revisions\/171925"}],"wp:attachment":[{"href":"https:\/\/www.cleverfiles.com\/fr\/wp-json\/wp\/v2\/media?parent=23951"}],"curies":[{"name":"wp","href":"https:\/\/api.w.org\/{rel}","templated":true}]}}