{"id":30159,"date":"2020-07-15T11:33:22","date_gmt":"2020-07-15T10:33:22","guid":{"rendered":"https:\/\/www.cleverfiles.com\/mac-data-recovery.html"},"modified":"2021-03-29T07:34:45","modified_gmt":"2021-03-29T07:34:45","slug":"mac-data-recovery","status":"publish","type":"page","link":"https:\/\/www.cleverfiles.com\/de\/mac-data-recovery.html","title":{"rendered":"Gratis Datenwiederherstellungs-Software &#8211; Disk Drill f\u00fcr Mac"},"content":{"rendered":"","protected":false},"excerpt":{"rendered":"","protected":false},"author":22,"featured_media":0,"parent":0,"menu_order":0,"comment_status":"closed","ping_status":"closed","template":"page-constructor.php","meta":{"_acf_changed":false,"inline_featured_image":false,"footnotes":""},"class_list":["post-30159","page","type-page","status-publish","hentry"],"acf":[],"yoast_head":"<!-- This site is optimized with the Yoast SEO plugin v24.4 - https:\/\/yoast.com\/wordpress\/plugins\/seo\/ -->\n<title>Gratis Datenwiederherstellungs-Software - Disk Drill f\u00fcr Mac<\/title>\n<meta name=\"description\" content=\"Disk Drill f\u00fcr Mac OS X: Keine andere Datenwiederherstellungs-Software f\u00fcr Mac ist so einfach zu benutzen! Versehentliches L\u00f6schen, Disk Utility-Fehler, besch\u00e4digte Daten? Disk Drill kann helfen.\" \/>\n<meta name=\"robots\" content=\"index, follow, max-snippet:-1, max-image-preview:large, max-video-preview:-1\" \/>\n<link rel=\"canonical\" href=\"https:\/\/www.cleverfiles.com\/de\/mac-data-recovery.html\" \/>\n<meta property=\"og:locale\" content=\"de_DE\" \/>\n<meta property=\"og:type\" content=\"article\" \/>\n<meta property=\"og:title\" content=\"Gratis Datenwiederherstellungs-Software - Disk Drill f\u00fcr Mac\" \/>\n<meta property=\"og:description\" content=\"Disk Drill f\u00fcr Mac OS X: Keine andere Datenwiederherstellungs-Software f\u00fcr Mac ist so einfach zu benutzen! Versehentliches L\u00f6schen, Disk Utility-Fehler, besch\u00e4digte Daten? Disk Drill kann helfen.\" \/>\n<meta property=\"og:url\" content=\"https:\/\/www.cleverfiles.com\/de\/mac-data-recovery.html\" \/>\n<meta property=\"og:site_name\" content=\"CleverFiles - Clevere Daten f\u00fcr clevere Entscheidungen\" \/>\n<meta property=\"og:image\" content=\"https:\/\/www.cleverfiles.com\/wp-content\/uploads\/2020\/07\/ddMacFinalFeatureIcon-1.png\" \/>\n<meta name=\"twitter:card\" content=\"summary_large_image\" \/>\n<meta name=\"twitter:title\" content=\"Gratis Datenwiederherstellungs-Software - Disk Drill f\u00fcr Mac\" \/>\n<meta name=\"twitter:description\" content=\"Disk Drill f\u00fcr Mac OS X: Keine andere Datenwiederherstellungs-Software f\u00fcr Mac ist so einfach zu benutzen! Versehentliches L\u00f6schen, Disk Utility-Fehler, besch\u00e4digte Daten? Disk Drill kann helfen.\" \/>\n<meta name=\"twitter:image\" content=\"https:\/\/www.cleverfiles.com\/wp-content\/uploads\/2020\/12\/cleverfiles.jpg\" \/>\n<script type=\"application\/ld+json\" class=\"yoast-schema-graph\">{\"@context\":\"https:\/\/schema.org\",\"@graph\":[{\"@type\":\"BreadcrumbList\",\"@id\":\"https:\/\/www.cleverfiles.com\/de\/mac-data-recovery.html#breadcrumb\",\"itemListElement\":[{\"@type\":\"ListItem\",\"position\":1,\"name\":\"Home\",\"item\":\"https:\/\/www.cleverfiles.com\/de\/\"},{\"@type\":\"ListItem\",\"position\":2,\"name\":\"Gratis Datenwiederherstellungs-Software &#8211; Disk Drill f\u00fcr Mac\"}]},{\"@type\":\"WebSite\",\"@id\":\"https:\/\/www.cleverfiles.com\/de\/#website\",\"url\":\"https:\/\/www.cleverfiles.com\/de\/\",\"name\":\"CleverFiles - Clevere Daten f\u00fcr clevere Entscheidungen\",\"description\":\"CleverFiles - Clevere Daten f\u00fcr clevere Entscheidungen\",\"publisher\":{\"@id\":\"https:\/\/www.cleverfiles.com\/de\/#organization\"},\"potentialAction\":[{\"@type\":\"SearchAction\",\"target\":{\"@type\":\"EntryPoint\",\"urlTemplate\":\"https:\/\/www.cleverfiles.com\/de\/?s={search_term_string}\"},\"query-input\":{\"@type\":\"PropertyValueSpecification\",\"valueRequired\":true,\"valueName\":\"search_term_string\"}}],\"inLanguage\":\"de\"},{\"@type\":\"Organization\",\"@id\":\"https:\/\/www.cleverfiles.com\/de\/#organization\",\"name\":\"CleverFiles Inc\",\"url\":\"https:\/\/www.cleverfiles.com\/de\/\",\"logo\":{\"@type\":\"ImageObject\",\"inLanguage\":\"de\",\"@id\":\"https:\/\/www.cleverfiles.com\/de\/#\/schema\/logo\/image\/\",\"url\":\"https:\/\/www.cleverfiles.com\/wp-content\/uploads\/2023\/03\/msapplication-wide310x150logo.png\",\"contentUrl\":\"https:\/\/www.cleverfiles.com\/wp-content\/uploads\/2023\/03\/msapplication-wide310x150logo.png\",\"width\":558,\"height\":270,\"caption\":\"CleverFiles Inc\"},\"image\":{\"@id\":\"https:\/\/www.cleverfiles.com\/de\/#\/schema\/logo\/image\/\"}}]}<\/script>\n<meta property=\"article:modified_time\" content=\"2021-03-29 07:34:45\" \/>\n<!-- \/ Yoast SEO plugin. -->","yoast_head_json":{"title":"Gratis Datenwiederherstellungs-Software - Disk Drill f\u00fcr Mac","description":"Disk Drill f\u00fcr Mac OS X: Keine andere Datenwiederherstellungs-Software f\u00fcr Mac ist so einfach zu benutzen! Versehentliches L\u00f6schen, Disk Utility-Fehler, besch\u00e4digte Daten? Disk Drill kann helfen.","robots":{"index":"index","follow":"follow","max-snippet":"max-snippet:-1","max-image-preview":"max-image-preview:large","max-video-preview":"max-video-preview:-1"},"canonical":"https:\/\/www.cleverfiles.com\/de\/mac-data-recovery.html","og_locale":"de_DE","og_type":"article","og_title":"Gratis Datenwiederherstellungs-Software - Disk Drill f\u00fcr Mac","og_description":"Disk Drill f\u00fcr Mac OS X: Keine andere Datenwiederherstellungs-Software f\u00fcr Mac ist so einfach zu benutzen! Versehentliches L\u00f6schen, Disk Utility-Fehler, besch\u00e4digte Daten? Disk Drill kann helfen.","og_url":"https:\/\/www.cleverfiles.com\/de\/mac-data-recovery.html","og_site_name":"CleverFiles - Clevere Daten f\u00fcr clevere Entscheidungen","og_image":[{"url":"https:\/\/www.cleverfiles.com\/wp-content\/uploads\/2020\/07\/ddMacFinalFeatureIcon-1.png","type":"","width":"","height":""}],"twitter_card":"summary_large_image","twitter_title":"Gratis Datenwiederherstellungs-Software - Disk Drill f\u00fcr Mac","twitter_description":"Disk Drill f\u00fcr Mac OS X: Keine andere Datenwiederherstellungs-Software f\u00fcr Mac ist so einfach zu benutzen! Versehentliches L\u00f6schen, Disk Utility-Fehler, besch\u00e4digte Daten? Disk Drill kann helfen.","twitter_image":"https:\/\/www.cleverfiles.com\/wp-content\/uploads\/2020\/12\/cleverfiles.jpg","schema":{"@context":"https:\/\/schema.org","@graph":[{"@type":"BreadcrumbList","@id":"https:\/\/www.cleverfiles.com\/de\/mac-data-recovery.html#breadcrumb","itemListElement":[{"@type":"ListItem","position":1,"name":"Home","item":"https:\/\/www.cleverfiles.com\/de\/"},{"@type":"ListItem","position":2,"name":"Gratis Datenwiederherstellungs-Software &#8211; Disk Drill f\u00fcr Mac"}]},{"@type":"WebSite","@id":"https:\/\/www.cleverfiles.com\/de\/#website","url":"https:\/\/www.cleverfiles.com\/de\/","name":"CleverFiles - Clevere Daten f\u00fcr clevere Entscheidungen","description":"CleverFiles - Clevere Daten f\u00fcr clevere Entscheidungen","publisher":{"@id":"https:\/\/www.cleverfiles.com\/de\/#organization"},"potentialAction":[{"@type":"SearchAction","target":{"@type":"EntryPoint","urlTemplate":"https:\/\/www.cleverfiles.com\/de\/?s={search_term_string}"},"query-input":{"@type":"PropertyValueSpecification","valueRequired":true,"valueName":"search_term_string"}}],"inLanguage":"de"},{"@type":"Organization","@id":"https:\/\/www.cleverfiles.com\/de\/#organization","name":"CleverFiles Inc","url":"https:\/\/www.cleverfiles.com\/de\/","logo":{"@type":"ImageObject","inLanguage":"de","@id":"https:\/\/www.cleverfiles.com\/de\/#\/schema\/logo\/image\/","url":"https:\/\/www.cleverfiles.com\/wp-content\/uploads\/2023\/03\/msapplication-wide310x150logo.png","contentUrl":"https:\/\/www.cleverfiles.com\/wp-content\/uploads\/2023\/03\/msapplication-wide310x150logo.png","width":558,"height":270,"caption":"CleverFiles Inc"},"image":{"@id":"https:\/\/www.cleverfiles.com\/de\/#\/schema\/logo\/image\/"}}]}},"_links":{"self":[{"href":"https:\/\/www.cleverfiles.com\/de\/wp-json\/wp\/v2\/pages\/30159","targetHints":{"allow":["GET"]}}],"collection":[{"href":"https:\/\/www.cleverfiles.com\/de\/wp-json\/wp\/v2\/pages"}],"about":[{"href":"https:\/\/www.cleverfiles.com\/de\/wp-json\/wp\/v2\/types\/page"}],"author":[{"embeddable":true,"href":"https:\/\/www.cleverfiles.com\/de\/wp-json\/wp\/v2\/users\/22"}],"replies":[{"embeddable":true,"href":"https:\/\/www.cleverfiles.com\/de\/wp-json\/wp\/v2\/comments?post=30159"}],"version-history":[{"count":7,"href":"https:\/\/www.cleverfiles.com\/de\/wp-json\/wp\/v2\/pages\/30159\/revisions"}],"predecessor-version":[{"id":146618,"href":"https:\/\/www.cleverfiles.com\/de\/wp-json\/wp\/v2\/pages\/30159\/revisions\/146618"}],"wp:attachment":[{"href":"https:\/\/www.cleverfiles.com\/de\/wp-json\/wp\/v2\/media?parent=30159"}],"curies":[{"name":"wp","href":"https:\/\/api.w.org\/{rel}","templated":true}]}}