{"id":220949,"date":"2025-03-25T09:55:26","date_gmt":"2025-03-25T09:55:26","guid":{"rendered":"https:\/\/www.cleverfiles.com\/disk-drill-mac.html"},"modified":"2025-09-26T04:08:07","modified_gmt":"2025-09-26T03:08:07","slug":"disk-drill-mac","status":"publish","type":"page","link":"https:\/\/www.cleverfiles.com\/da\/disk-drill-mac.html","title":{"rendered":"Download gratis Disk Drill Data Recovery til macOS"},"content":{"rendered":"","protected":false},"excerpt":{"rendered":"","protected":false},"author":4,"featured_media":0,"parent":0,"menu_order":0,"comment_status":"closed","ping_status":"closed","template":"page-download.php","meta":{"_acf_changed":false,"inline_featured_image":false,"footnotes":""},"class_list":["post-220949","page","type-page","status-publish","hentry"],"acf":[],"yoast_head":"<!-- This site is optimized with the Yoast SEO plugin v24.4 - https:\/\/yoast.com\/wordpress\/plugins\/seo\/ -->\n<title>Download gratis Disk Drill Data Recovery til macOS<\/title>\n<meta name=\"description\" content=\"Downloader Disk Drill\u2026 N\u00e5r downloadet er f\u00e6rdigt, dobbeltklik p\u00e5 diskaftrykket for at montere det, tr\u00e6k Disk Drill-appen til din Programmer-mappe, og f\u00f8lg ops\u00e6tningsguiden.\" \/>\n<meta name=\"robots\" content=\"noindex, nofollow\" \/>\n<meta property=\"og:locale\" content=\"da_DK\" \/>\n<meta property=\"og:type\" content=\"article\" \/>\n<meta property=\"og:title\" content=\"Download gratis Disk Drill Data Recovery til macOS\" \/>\n<meta property=\"og:description\" content=\"Downloader Disk Drill\u2026 N\u00e5r downloadet er f\u00e6rdigt, dobbeltklik p\u00e5 diskaftrykket for at montere det, tr\u00e6k Disk Drill-appen til din Programmer-mappe, og f\u00f8lg ops\u00e6tningsguiden.\" \/>\n<meta property=\"og:url\" content=\"https:\/\/www.cleverfiles.com\/da\/disk-drill-mac.html\" \/>\n<meta property=\"og:site_name\" content=\"CleverFiles - Clever Data Powers Clever Decisions\" \/>\n<meta property=\"og:image\" content=\"https:\/\/www.cleverfiles.com\/wp-content\/uploads\/2020\/05\/ddMacFinalIcon.png\" \/>\n<meta name=\"twitter:card\" content=\"summary_large_image\" \/>\n<meta name=\"twitter:title\" content=\"Download gratis Disk Drill Data Recovery til macOS\" \/>\n<meta name=\"twitter:description\" content=\"Downloader Disk Drill\u2026 N\u00e5r downloadet er f\u00e6rdigt, dobbeltklik p\u00e5 diskaftrykket for at montere det, tr\u00e6k Disk Drill-appen til din Programmer-mappe, og f\u00f8lg ops\u00e6tningsguiden.\" \/>\n<meta name=\"twitter:image\" content=\"https:\/\/www.cleverfiles.com\/wp-content\/uploads\/2020\/12\/cleverfiles.jpg\" \/>\n<script type=\"application\/ld+json\" class=\"yoast-schema-graph\">{\"@context\":\"https:\/\/schema.org\",\"@graph\":[{\"@type\":\"BreadcrumbList\",\"@id\":\"https:\/\/www.cleverfiles.com\/da\/disk-drill-mac.html#breadcrumb\",\"itemListElement\":[{\"@type\":\"ListItem\",\"position\":1,\"name\":\"Home\",\"item\":\"https:\/\/www.cleverfiles.com\/da\/\"},{\"@type\":\"ListItem\",\"position\":2,\"name\":\"Download gratis Disk Drill Data Recovery til macOS\"}]},{\"@type\":\"WebSite\",\"@id\":\"https:\/\/www.cleverfiles.com\/da\/#website\",\"url\":\"https:\/\/www.cleverfiles.com\/da\/\",\"name\":\"CleverFiles - Clever Data Powers Clever Decisions\",\"description\":\"CleverFiles - Clever Data Powers Clever Decisions\",\"publisher\":{\"@id\":\"https:\/\/www.cleverfiles.com\/da\/#organization\"},\"potentialAction\":[{\"@type\":\"SearchAction\",\"target\":{\"@type\":\"EntryPoint\",\"urlTemplate\":\"https:\/\/www.cleverfiles.com\/da\/?s={search_term_string}\"},\"query-input\":{\"@type\":\"PropertyValueSpecification\",\"valueRequired\":true,\"valueName\":\"search_term_string\"}}],\"inLanguage\":\"da-DK\"},{\"@type\":\"Organization\",\"@id\":\"https:\/\/www.cleverfiles.com\/da\/#organization\",\"name\":\"CleverFiles Inc\",\"url\":\"https:\/\/www.cleverfiles.com\/da\/\",\"logo\":{\"@type\":\"ImageObject\",\"inLanguage\":\"da-DK\",\"@id\":\"https:\/\/www.cleverfiles.com\/da\/#\/schema\/logo\/image\/\",\"url\":\"https:\/\/www.cleverfiles.com\/wp-content\/uploads\/2023\/03\/msapplication-wide310x150logo.png\",\"contentUrl\":\"https:\/\/www.cleverfiles.com\/wp-content\/uploads\/2023\/03\/msapplication-wide310x150logo.png\",\"width\":558,\"height\":270,\"caption\":\"CleverFiles Inc\"},\"image\":{\"@id\":\"https:\/\/www.cleverfiles.com\/da\/#\/schema\/logo\/image\/\"}}]}<\/script>\n<meta property=\"article:modified_time\" content=\"2025-09-26 04:08:07\" \/>\n<!-- \/ Yoast SEO plugin. -->","yoast_head_json":{"title":"Download gratis Disk Drill Data Recovery til macOS","description":"Downloader Disk Drill\u2026 N\u00e5r downloadet er f\u00e6rdigt, dobbeltklik p\u00e5 diskaftrykket for at montere det, tr\u00e6k Disk Drill-appen til din Programmer-mappe, og f\u00f8lg ops\u00e6tningsguiden.","robots":{"index":"noindex","follow":"nofollow"},"og_locale":"da_DK","og_type":"article","og_title":"Download gratis Disk Drill Data Recovery til macOS","og_description":"Downloader Disk Drill\u2026 N\u00e5r downloadet er f\u00e6rdigt, dobbeltklik p\u00e5 diskaftrykket for at montere det, tr\u00e6k Disk Drill-appen til din Programmer-mappe, og f\u00f8lg ops\u00e6tningsguiden.","og_url":"https:\/\/www.cleverfiles.com\/da\/disk-drill-mac.html","og_site_name":"CleverFiles - Clever Data Powers Clever Decisions","og_image":[{"url":"https:\/\/www.cleverfiles.com\/wp-content\/uploads\/2020\/05\/ddMacFinalIcon.png","type":"","width":"","height":""}],"twitter_card":"summary_large_image","twitter_title":"Download gratis Disk Drill Data Recovery til macOS","twitter_description":"Downloader Disk Drill\u2026 N\u00e5r downloadet er f\u00e6rdigt, dobbeltklik p\u00e5 diskaftrykket for at montere det, tr\u00e6k Disk Drill-appen til din Programmer-mappe, og f\u00f8lg ops\u00e6tningsguiden.","twitter_image":"https:\/\/www.cleverfiles.com\/wp-content\/uploads\/2020\/12\/cleverfiles.jpg","schema":{"@context":"https:\/\/schema.org","@graph":[{"@type":"BreadcrumbList","@id":"https:\/\/www.cleverfiles.com\/da\/disk-drill-mac.html#breadcrumb","itemListElement":[{"@type":"ListItem","position":1,"name":"Home","item":"https:\/\/www.cleverfiles.com\/da\/"},{"@type":"ListItem","position":2,"name":"Download gratis Disk Drill Data Recovery til macOS"}]},{"@type":"WebSite","@id":"https:\/\/www.cleverfiles.com\/da\/#website","url":"https:\/\/www.cleverfiles.com\/da\/","name":"CleverFiles - Clever Data Powers Clever Decisions","description":"CleverFiles - Clever Data Powers Clever Decisions","publisher":{"@id":"https:\/\/www.cleverfiles.com\/da\/#organization"},"potentialAction":[{"@type":"SearchAction","target":{"@type":"EntryPoint","urlTemplate":"https:\/\/www.cleverfiles.com\/da\/?s={search_term_string}"},"query-input":{"@type":"PropertyValueSpecification","valueRequired":true,"valueName":"search_term_string"}}],"inLanguage":"da-DK"},{"@type":"Organization","@id":"https:\/\/www.cleverfiles.com\/da\/#organization","name":"CleverFiles Inc","url":"https:\/\/www.cleverfiles.com\/da\/","logo":{"@type":"ImageObject","inLanguage":"da-DK","@id":"https:\/\/www.cleverfiles.com\/da\/#\/schema\/logo\/image\/","url":"https:\/\/www.cleverfiles.com\/wp-content\/uploads\/2023\/03\/msapplication-wide310x150logo.png","contentUrl":"https:\/\/www.cleverfiles.com\/wp-content\/uploads\/2023\/03\/msapplication-wide310x150logo.png","width":558,"height":270,"caption":"CleverFiles Inc"},"image":{"@id":"https:\/\/www.cleverfiles.com\/da\/#\/schema\/logo\/image\/"}}]}},"_links":{"self":[{"href":"https:\/\/www.cleverfiles.com\/da\/wp-json\/wp\/v2\/pages\/220949","targetHints":{"allow":["GET"]}}],"collection":[{"href":"https:\/\/www.cleverfiles.com\/da\/wp-json\/wp\/v2\/pages"}],"about":[{"href":"https:\/\/www.cleverfiles.com\/da\/wp-json\/wp\/v2\/types\/page"}],"author":[{"embeddable":true,"href":"https:\/\/www.cleverfiles.com\/da\/wp-json\/wp\/v2\/users\/4"}],"replies":[{"embeddable":true,"href":"https:\/\/www.cleverfiles.com\/da\/wp-json\/wp\/v2\/comments?post=220949"}],"version-history":[{"count":3,"href":"https:\/\/www.cleverfiles.com\/da\/wp-json\/wp\/v2\/pages\/220949\/revisions"}],"predecessor-version":[{"id":220974,"href":"https:\/\/www.cleverfiles.com\/da\/wp-json\/wp\/v2\/pages\/220949\/revisions\/220974"}],"wp:attachment":[{"href":"https:\/\/www.cleverfiles.com\/da\/wp-json\/wp\/v2\/media?parent=220949"}],"curies":[{"name":"wp","href":"https:\/\/api.w.org\/{rel}","templated":true}]}}